{"id":3173,"date":"2025-11-03T07:54:36","date_gmt":"2025-11-03T07:54:36","guid":{"rendered":"https:\/\/mountlaser.com\/?post_type=product&#038;p=3173"},"modified":"2025-11-28T03:19:32","modified_gmt":"2025-11-28T03:19:32","slug":"standard-j-series-rja20-medium-duty-aluminum-tripod","status":"publish","type":"product","link":"https:\/\/mountlaser.com\/sq\/produkt\/standard-j-series-rja20-medium-duty-aluminum-tripod\/","title":{"rendered":"Tripod alumini standard J Seria RJA20 p\u00ebr pun\u00eb t\u00eb mesme"},"content":{"rendered":"<p>N\u00eb Mount Laser, ne specializohemi n\u00eb aksesor\u00eb p\u00ebr matje precize, dhe Tripodi prej alumini Standard J Series RJA20 p\u00ebr Pun\u00eb t\u00eb Mesme nuk b\u00ebn p\u00ebrjashtim.<\/p>\n<figure id=\"attachment_3182\" aria-describedby=\"caption-attachment-3182\" style=\"width: 300px\" class=\"wp-caption aligncenter\"><img fetchpriority=\"high\" decoding=\"async\" class=\"wp-image-3182 size-medium\" src=\"https:\/\/mountlaser.com\/wp-content\/uploads\/2025\/11\/RJA20-FAT6-300x300.webp\" alt=\"Precision Medium-Duty Aluminum Tripod\" width=\"300\" height=\"300\" srcset=\"https:\/\/mountlaser.com\/wp-content\/uploads\/2025\/11\/RJA20-FAT6-300x300.webp 300w, https:\/\/mountlaser.com\/wp-content\/uploads\/2025\/11\/RJA20-FAT6-400x400.webp 400w, https:\/\/mountlaser.com\/wp-content\/uploads\/2025\/11\/RJA20-FAT6-800x800.webp 800w, https:\/\/mountlaser.com\/wp-content\/uploads\/2025\/11\/RJA20-FAT6-600x600.webp 600w, https:\/\/mountlaser.com\/wp-content\/uploads\/2025\/11\/RJA20-FAT6-150x150.webp 150w, https:\/\/mountlaser.com\/wp-content\/uploads\/2025\/11\/RJA20-FAT6-768x768.webp 768w, https:\/\/mountlaser.com\/wp-content\/uploads\/2025\/11\/RJA20-FAT6-12x12.webp 12w, https:\/\/mountlaser.com\/wp-content\/uploads\/2025\/11\/RJA20-FAT6.webp 1000w\" sizes=\"(max-width: 300px) 100vw, 300px\" \/><figcaption id=\"caption-attachment-3182\" class=\"wp-caption-text\">Tripod alumini me kok\u00eb t\u00eb shesht\u00eb RJA20 p\u00ebr pun\u00eb t\u00eb mesme<\/figcaption><\/figure>\n<p>&nbsp;<\/p>\n<p>I nd\u00ebrtuar p\u00ebr profesionist\u00eb q\u00eb k\u00ebrkojn\u00eb besueshm\u00ebri, ky <a href=\"https:\/\/mountlaser.com\/sq\/\"><strong>Tripod alumini me precizion t\u00eb mes\u00ebm<\/strong><\/a> \u00ebsht\u00eb i disponuesh\u00ebm n\u00eb tre stile koke - Kok\u00eb e shesht\u00eb, Kok\u00eb kupole dhe Kok\u00eb e madhe e rrumbullak\u00ebt - duke siguruar p\u00ebrputhshm\u00ebri me teodolitet dhe stacionet totale. I nd\u00ebrtuar nga aliazh alumini me rezistenc\u00eb t\u00eb lart\u00eb, RJA20 ofron rezistenc\u00eb t\u00eb shk\u00eblqyer ndaj goditjeve dhe p\u00ebrmban nj\u00eb bulon zgjedhe prej bronzi 5\/8\u2033-11 p\u00ebr p\u00ebrshtatje universale t\u00eb instrumenteve. Pavar\u00ebsisht n\u00ebse zgjidhni kap\u00ebsen rrotulluese, kap\u00ebsen me \u00e7lirim t\u00eb shpejt\u00eb ose versionin me kap\u00ebse t\u00eb dyfisht\u00eb, ky Tripod alumini p\u00ebr Pun\u00eb t\u00eb Mesme me Kap\u00ebse t\u00eb Shpejt\u00eb ofron instalim t\u00eb shpejt\u00eb dhe stabilitet t\u00eb fort\u00eb si shk\u00ebmbi. Mekanizmi opsional vet\u00eb-ky\u00e7\u00ebs (S) dhe ngjyrat ose lart\u00ebsit\u00eb e personalizuara jan\u00eb t\u00eb disponueshme sipas k\u00ebrkes\u00ebs.<\/p>\n<p>&nbsp;<\/p>\n<figure id=\"attachment_3180\" aria-describedby=\"caption-attachment-3180\" style=\"width: 300px\" class=\"wp-caption aligncenter\"><img decoding=\"async\" class=\"wp-image-3180 size-medium\" src=\"https:\/\/mountlaser.com\/wp-content\/uploads\/2025\/11\/RJA20-DAD7-300x300.webp\" alt=\"Precision Medium-Duty Aluminum Tripod\" width=\"300\" height=\"300\" srcset=\"https:\/\/mountlaser.com\/wp-content\/uploads\/2025\/11\/RJA20-DAD7-300x300.webp 300w, https:\/\/mountlaser.com\/wp-content\/uploads\/2025\/11\/RJA20-DAD7-400x400.webp 400w, https:\/\/mountlaser.com\/wp-content\/uploads\/2025\/11\/RJA20-DAD7-800x800.webp 800w, https:\/\/mountlaser.com\/wp-content\/uploads\/2025\/11\/RJA20-DAD7-600x600.webp 600w, https:\/\/mountlaser.com\/wp-content\/uploads\/2025\/11\/RJA20-DAD7-150x150.webp 150w, https:\/\/mountlaser.com\/wp-content\/uploads\/2025\/11\/RJA20-DAD7-768x768.webp 768w, https:\/\/mountlaser.com\/wp-content\/uploads\/2025\/11\/RJA20-DAD7-12x12.webp 12w, https:\/\/mountlaser.com\/wp-content\/uploads\/2025\/11\/RJA20-DAD7.webp 1000w\" sizes=\"(max-width: 300px) 100vw, 300px\" \/><figcaption id=\"caption-attachment-3180\" class=\"wp-caption-text\">Tripod alumini me kok\u00eb kupole RJA20 p\u00ebr pun\u00eb t\u00eb mesme<\/figcaption><\/figure>\n<p>&nbsp;<\/p>\n<figure id=\"attachment_3178\" aria-describedby=\"caption-attachment-3178\" style=\"width: 300px\" class=\"wp-caption aligncenter\"><img decoding=\"async\" class=\"wp-image-3178 size-medium\" src=\"https:\/\/mountlaser.com\/wp-content\/uploads\/2025\/11\/RJA20-BAD7-300x300.webp\" alt=\"Precision Medium-Duty Aluminum Tripod\" width=\"300\" height=\"300\" srcset=\"https:\/\/mountlaser.com\/wp-content\/uploads\/2025\/11\/RJA20-BAD7-300x300.webp 300w, https:\/\/mountlaser.com\/wp-content\/uploads\/2025\/11\/RJA20-BAD7-400x400.webp 400w, https:\/\/mountlaser.com\/wp-content\/uploads\/2025\/11\/RJA20-BAD7-800x800.webp 800w, https:\/\/mountlaser.com\/wp-content\/uploads\/2025\/11\/RJA20-BAD7-600x600.webp 600w, https:\/\/mountlaser.com\/wp-content\/uploads\/2025\/11\/RJA20-BAD7-150x150.webp 150w, https:\/\/mountlaser.com\/wp-content\/uploads\/2025\/11\/RJA20-BAD7-768x768.webp 768w, https:\/\/mountlaser.com\/wp-content\/uploads\/2025\/11\/RJA20-BAD7-12x12.webp 12w, https:\/\/mountlaser.com\/wp-content\/uploads\/2025\/11\/RJA20-BAD7.webp 1000w\" sizes=\"(max-width: 300px) 100vw, 300px\" \/><figcaption id=\"caption-attachment-3178\" class=\"wp-caption-text\">Tripod alumini me kok\u00eb t\u00eb rrumbullak\u00ebt t\u00eb madhe RJA20 p\u00ebr p\u00ebrdorim t\u00eb mes\u00ebm<\/figcaption><\/figure>\n<p>I\/E\/T\u00eb\/T\u00eb <a href=\"https:\/\/mountlaser.com\/sq\/products\/\"><strong>Tripod alumini RJA20 p\u00ebr pun\u00eb t\u00eb mesme<\/strong> <\/a>Ofron mb\u00ebshtetje t\u00eb sigurt dhe pa dridhje p\u00ebr instrumentet precize n\u00eb terren. Dizajni i tij i leht\u00eb por i q\u00ebndruesh\u00ebm lejon transport t\u00eb leht\u00eb pa sakrifikuar forc\u00ebn. Tripodi prej alumini me performanc\u00eb t\u00eb mesme precize siguron sakt\u00ebsi t\u00eb vazhdueshme, nd\u00ebrsa Tripodi prej alumini me performanc\u00eb t\u00eb mesme me kap\u00ebse t\u00eb shpejt\u00eb mund\u00ebson vendosje dhe rregullim t\u00eb shpejt\u00eb, duke kursyer koh\u00eb t\u00eb \u00e7muar n\u00eb vend.<\/p>\n<p>&nbsp;<\/p>\n<p><strong>Specifikimet e Tripodit Standard t\u00eb Alumini RJA20 t\u00eb Seris\u00eb J p\u00ebr Pun\u00eb t\u00eb Mesme<\/strong><\/p>\n<table width=\"830\">\n<tbody>\n<tr>\n<td width=\"126\">NUM\u00cbR<\/td>\n<td width=\"130\">K\u00cbMB\u00cbT<\/td>\n<td width=\"121\">KOK\u00cb<\/td>\n<td width=\"134\">LLOJI I KY\u00c7JES<\/td>\n<td width=\"132\">PAJISJE<\/td>\n<td width=\"115\">ZGJATJE<\/td>\n<td width=\"72\">VP<\/td>\n<\/tr>\n<tr>\n<td>RJA20-FCTOR<\/td>\n<td>Alumini<\/td>\n<td>160 mm e shesht\u00eb<\/td>\n<td>Kap\u00ebse rrotulluese<\/td>\n<td>Portokalli<\/td>\n<td>170 cm<\/td>\n<td>3.7 kg<\/td>\n<\/tr>\n<tr>\n<td>RJA20-FCDOR<\/td>\n<td>Alumini<\/td>\n<td>160 mm e shesht\u00eb<\/td>\n<td>Kap\u00ebse e dyfisht\u00eb<\/td>\n<td>Portokalli<\/td>\n<td>160 cm<\/td>\n<td>4.3 kg<\/td>\n<\/tr>\n<\/tbody>\n<\/table>","protected":false},"excerpt":{"rendered":"<ul>\n<li>P\u00ebr gjeodet\u00ebt dhe inxhinier\u00ebt q\u00eb k\u00ebrkojn\u00eb nj\u00eb sistem mb\u00ebshtet\u00ebs t\u00eb besuesh\u00ebm dhe t\u00eb personalizuesh\u00ebm<\/li>\n<li>Tripodi prej alumini RJA20 p\u00ebr pun\u00eb t\u00eb mesme Standard J Series \u00ebsht\u00eb zgjedhja ideale.<\/li>\n<li>Me opsione t\u00eb shumta koke, stile kap\u00ebsesh dhe q\u00ebndrueshm\u00ebrin\u00eb e nj\u00eb Tripodi alumini me precizion t\u00eb mes\u00ebm<\/li>\n<\/ul>","protected":false},"featured_media":3174,"comment_status":"open","ping_status":"closed","template":"","meta":[],"product_brand":[],"product_cat":[91,111],"product_tag":[],"class_list":{"0":"post-3173","1":"product","2":"type-product","3":"status-publish","4":"has-post-thumbnail","6":"product_cat-bipod-tripod","7":"product_cat-aluminum-surveying-tripod","9":"first","10":"instock","11":"shipping-taxable","12":"product-type-simple"},"_links":{"self":[{"href":"https:\/\/mountlaser.com\/sq\/wp-json\/wp\/v2\/product\/3173","targetHints":{"allow":["GET"]}}],"collection":[{"href":"https:\/\/mountlaser.com\/sq\/wp-json\/wp\/v2\/product"}],"about":[{"href":"https:\/\/mountlaser.com\/sq\/wp-json\/wp\/v2\/types\/product"}],"replies":[{"embeddable":true,"href":"https:\/\/mountlaser.com\/sq\/wp-json\/wp\/v2\/comments?post=3173"}],"wp:featuredmedia":[{"embeddable":true,"href":"https:\/\/mountlaser.com\/sq\/wp-json\/wp\/v2\/media\/3174"}],"wp:attachment":[{"href":"https:\/\/mountlaser.com\/sq\/wp-json\/wp\/v2\/media?parent=3173"}],"wp:term":[{"taxonomy":"product_brand","embeddable":true,"href":"https:\/\/mountlaser.com\/sq\/wp-json\/wp\/v2\/product_brand?post=3173"},{"taxonomy":"product_cat","embeddable":true,"href":"https:\/\/mountlaser.com\/sq\/wp-json\/wp\/v2\/product_cat?post=3173"},{"taxonomy":"product_tag","embeddable":true,"href":"https:\/\/mountlaser.com\/sq\/wp-json\/wp\/v2\/product_tag?post=3173"}],"curies":[{"name":"wp","href":"https:\/\/api.w.org\/{rel}","templated":true}]}}