{"id":3167,"date":"2025-11-03T07:50:02","date_gmt":"2025-11-03T07:50:02","guid":{"rendered":"https:\/\/mountlaser.com\/?post_type=product&#038;p=3167"},"modified":"2025-11-28T03:21:56","modified_gmt":"2025-11-28T03:21:56","slug":"mp104-monitoring-prism","status":"publish","type":"product","link":"https:\/\/mountlaser.com\/sq\/produkt\/mp104-monitoring-prism\/","title":{"rendered":"Prizmi i Monitorimit MP104"},"content":{"rendered":"<p>MP104 mini Prism \u2013 Mini Prism Monitorues i t\u00eb Bardh\u00ebs Rezistent ndaj Motit p\u00ebr Sakt\u00ebsi Afatgjat\u00eb<\/p>\n<p>I\/E\/T\u00eb\/T\u00eb <a href=\"https:\/\/mountlaser.com\/sq\/\"><strong>Mini priz\u00ebm MP104<\/strong><\/a> \u00ebsht\u00eb nj\u00eb grad\u00eb profesionale <a href=\"https:\/\/mountlaser.com\/sq\/about-us\/\"><strong>mini-priz\u00ebm monitorimi i bardh\u00eb<\/strong><\/a> I projektuar p\u00ebr monitorim t\u00eb sakt\u00eb dhe afatgjat\u00eb t\u00eb deformimit n\u00eb projektet e nd\u00ebrtimit, gjeoteknik\u00ebs dhe sh\u00ebndetit strukturor. I nd\u00ebrtuar p\u00ebr t\u00eb funksionuar n\u00eb kushte t\u00eb v\u00ebshtira n\u00eb terren, ky priz\u00ebm siguron mbledhje t\u00eb q\u00ebndrueshme dhe t\u00eb sakt\u00eb t\u00eb t\u00eb dh\u00ebnave gjat\u00eb periudhave t\u00eb zgjatura t\u00eb monitorimit.<\/p>\n<p>I nd\u00ebrtuar me nj\u00eb priz\u00ebm me precizion t\u00eb lart\u00eb 25.4 mm dhe nj\u00eb lart\u00ebsi t\u00eb boshtit t\u00eb pjerr\u00ebsis\u00eb prej 86 mm, mini-prizmi MP104 ofron nj\u00eb zhvendosje prej -17.5 mm, duke ofruar rezultate t\u00eb besueshme p\u00ebr detyra kritike t\u00eb matjes. Dizajni i tij rezistent ndaj motit p\u00ebrfshin nj\u00eb mbules\u00eb mbrojt\u00ebse dhe xham t\u00eb trajtuar posa\u00e7\u00ebrisht, duke ofruar rezistenc\u00eb t\u00eb jasht\u00ebzakonshme ndaj faktor\u00ebve mjedisor\u00eb si shiu, pluhuri dhe luhatjet e temperatur\u00ebs.<\/p>\n<p>&nbsp;<\/p>\n<p><img fetchpriority=\"high\" decoding=\"async\" class=\"aligncenter wp-image-3169\" src=\"https:\/\/mountlaser.com\/wp-content\/uploads\/2025\/11\/2-8MP1042.webp\" alt=\"MP104 MINI prism\" width=\"500\" height=\"500\" srcset=\"https:\/\/mountlaser.com\/wp-content\/uploads\/2025\/11\/2-8MP1042.webp 1000w, https:\/\/mountlaser.com\/wp-content\/uploads\/2025\/11\/2-8MP1042-300x300.webp 300w, https:\/\/mountlaser.com\/wp-content\/uploads\/2025\/11\/2-8MP1042-400x400.webp 400w, https:\/\/mountlaser.com\/wp-content\/uploads\/2025\/11\/2-8MP1042-800x800.webp 800w, https:\/\/mountlaser.com\/wp-content\/uploads\/2025\/11\/2-8MP1042-600x600.webp 600w, https:\/\/mountlaser.com\/wp-content\/uploads\/2025\/11\/2-8MP1042-150x150.webp 150w, https:\/\/mountlaser.com\/wp-content\/uploads\/2025\/11\/2-8MP1042-768x768.webp 768w, https:\/\/mountlaser.com\/wp-content\/uploads\/2025\/11\/2-8MP1042-12x12.webp 12w\" sizes=\"(max-width: 500px) 100vw, 500px\" \/><\/p>\n<p>Miniprizmi i monitorimit t\u00eb bardh\u00eb p\u00ebrmban nj\u00eb streh\u00eb plastike t\u00eb stilit zviceran me rezistenc\u00eb t\u00eb lart\u00eb, duke kombinuar nd\u00ebrtimin e leht\u00eb me q\u00ebndrueshm\u00ebri afatgjat\u00eb. \u00cbsht\u00eb gjithashtu i disponuesh\u00ebm n\u00eb opsionet e prizmit t\u00eb veshura me bak\u00ebr ose argjend, duke u lejuar p\u00ebrdoruesve t\u00eb optimizojn\u00eb kthimin e sinjalit bazuar n\u00eb kushtet mjedisore dhe reflektuese.<\/p>\n<p>P\u00ebr instalim fleksib\u00ebl, <a href=\"https:\/\/mountlaser.com\/sq\/products\/\">Mini priz\u00ebm MP104<\/a> p\u00ebrfshin tre opsione p\u00ebrshtat\u00ebsi:<\/p>\n<p>MP104-A01 \u2013 P\u00ebrshtat\u00ebs filetoje 5\/8\u2033<\/p>\n<p>MP104-A02 \u2013 P\u00ebrshtat\u00ebs filetoje 3\/8\u2033<\/p>\n<p>MP104-A03 \u2013 P\u00ebrshtat\u00ebs filetosh M8<\/p>\n<p>K\u00ebto opsione e b\u00ebjn\u00eb mini-prizmin e monitorimit t\u00eb bardh\u00eb t\u00eb pajtuesh\u00ebm me nj\u00eb s\u00ebr\u00eb konfigurimesh montimi, duke ofruar shkatht\u00ebsi maksimale n\u00eb terren.<\/p>","protected":false},"excerpt":{"rendered":"<ul>\n<li>Streh\u00eb e mbrojtur nga moti dhe xham i trajtuar p\u00ebr q\u00ebndrueshm\u00ebri n\u00eb ambiente t\u00eb jashtme<\/li>\n<li>Montim plastik me rezistenc\u00eb t\u00eb lart\u00eb n\u00eb stilin zviceran p\u00ebr stabilitet afatgjat\u00eb<\/li>\n<li>I disponuesh\u00ebm me veshje bakri ose argjendi p\u00ebr reflektim t\u00eb p\u00ebrmir\u00ebsuar<\/li>\n<li>Opsione t\u00eb shum\u00ebfishta p\u00ebrshtat\u00ebsish p\u00ebr instalim universal<\/li>\n<\/ul>","protected":false},"featured_media":3168,"comment_status":"open","ping_status":"closed","template":"","meta":[],"product_brand":[],"product_cat":[72,112],"product_tag":[],"class_list":{"0":"post-3167","1":"product","2":"type-product","3":"status-publish","4":"has-post-thumbnail","6":"product_cat-reflective-target-prism","7":"product_cat-monitoring-prism","9":"first","10":"instock","11":"shipping-taxable","12":"product-type-simple"},"_links":{"self":[{"href":"https:\/\/mountlaser.com\/sq\/wp-json\/wp\/v2\/product\/3167","targetHints":{"allow":["GET"]}}],"collection":[{"href":"https:\/\/mountlaser.com\/sq\/wp-json\/wp\/v2\/product"}],"about":[{"href":"https:\/\/mountlaser.com\/sq\/wp-json\/wp\/v2\/types\/product"}],"replies":[{"embeddable":true,"href":"https:\/\/mountlaser.com\/sq\/wp-json\/wp\/v2\/comments?post=3167"}],"wp:featuredmedia":[{"embeddable":true,"href":"https:\/\/mountlaser.com\/sq\/wp-json\/wp\/v2\/media\/3168"}],"wp:attachment":[{"href":"https:\/\/mountlaser.com\/sq\/wp-json\/wp\/v2\/media?parent=3167"}],"wp:term":[{"taxonomy":"product_brand","embeddable":true,"href":"https:\/\/mountlaser.com\/sq\/wp-json\/wp\/v2\/product_brand?post=3167"},{"taxonomy":"product_cat","embeddable":true,"href":"https:\/\/mountlaser.com\/sq\/wp-json\/wp\/v2\/product_cat?post=3167"},{"taxonomy":"product_tag","embeddable":true,"href":"https:\/\/mountlaser.com\/sq\/wp-json\/wp\/v2\/product_tag?post=3167"}],"curies":[{"name":"wp","href":"https:\/\/api.w.org\/{rel}","templated":true}]}}