{"id":3112,"date":"2025-10-31T09:18:04","date_gmt":"2025-10-31T09:18:04","guid":{"rendered":"https:\/\/mountlaser.com\/?post_type=product&#038;p=3112"},"modified":"2025-11-28T03:26:02","modified_gmt":"2025-11-28T03:26:02","slug":"premium-t-series-rta10-aluminum-tripod","status":"publish","type":"product","link":"https:\/\/mountlaser.com\/sq\/produkt\/premium-t-series-rta10-aluminum-tripod\/","title":{"rendered":"Tripod alumini Premium T Series RTA10"},"content":{"rendered":"<p>I\/E\/T\u00eb\/T\u00eb <a href=\"https:\/\/mountlaser.com\/sq\/\"><strong>Tripod alumini Premium T Series RTA10<\/strong> <\/a>p\u00ebrfaq\u00ebson kulmin e p\u00ebrsosm\u00ebris\u00eb inxhinierike n\u00eb sistemet mb\u00ebshtet\u00ebse t\u00eb matjeve, duke vendosur standarde t\u00eb reja p\u00ebr besueshm\u00ebrin\u00eb dhe performanc\u00ebn. Ky trek\u00ebmb\u00ebsh alumini me kok\u00eb t\u00eb shesht\u00eb t\u00eb jasht\u00ebzakonsh\u00ebm \u00ebsht\u00eb krijuar me kujdes p\u00ebr t\u00eb p\u00ebrmbushur k\u00ebrkesat e larta t\u00eb matjeve profesionale t\u00eb cil\u00ebt nuk mund t\u00eb b\u00ebjn\u00eb kompromis p\u00ebr stabilitetin dhe sakt\u00ebsin\u00eb.<br \/>\nKarakterizohet nga konfigurim i specializuar i kok\u00ebs s\u00eb shesht\u00eb q\u00eb siguron stabilitet optimal t\u00eb instrumentit dhe montim t\u00eb sigurt.<br \/>\nE pajisur me bulona standarde alumini 5\/8\u2033-11 p\u00ebr integrim t\u00eb p\u00ebrsosur me nivelues automatik\u00eb dhe lazer\u00eb rrotullues<\/p>\n<p><img fetchpriority=\"high\" decoding=\"async\" class=\"aligncenter wp-image-3115\" src=\"https:\/\/mountlaser.com\/wp-content\/uploads\/2025\/10\/RTA10-FCD3.webp\" alt=\"Flat Head Aluminum Tripod\" width=\"500\" height=\"500\" srcset=\"https:\/\/mountlaser.com\/wp-content\/uploads\/2025\/10\/RTA10-FCD3.webp 1000w, https:\/\/mountlaser.com\/wp-content\/uploads\/2025\/10\/RTA10-FCD3-300x300.webp 300w, https:\/\/mountlaser.com\/wp-content\/uploads\/2025\/10\/RTA10-FCD3-400x400.webp 400w, https:\/\/mountlaser.com\/wp-content\/uploads\/2025\/10\/RTA10-FCD3-800x800.webp 800w, https:\/\/mountlaser.com\/wp-content\/uploads\/2025\/10\/RTA10-FCD3-600x600.webp 600w, https:\/\/mountlaser.com\/wp-content\/uploads\/2025\/10\/RTA10-FCD3-150x150.webp 150w, https:\/\/mountlaser.com\/wp-content\/uploads\/2025\/10\/RTA10-FCD3-768x768.webp 768w, https:\/\/mountlaser.com\/wp-content\/uploads\/2025\/10\/RTA10-FCD3-12x12.webp 12w\" sizes=\"(max-width: 500px) 100vw, 500px\" \/><br \/>\nSi nj\u00eb trek\u00ebmb\u00ebsh alumini i sofistikuar me vet\u00eb-ky\u00e7je, RTA10 p\u00ebrfshin mekanizma t\u00eb avancuar ky\u00e7jeje q\u00eb sigurojn\u00eb pozicionim t\u00eb fort\u00eb t\u00eb instrumenteve gjat\u00eb gjith\u00eb seancave t\u00eb zgjatura t\u00eb matjes.<br \/>\nDizajni inovativ i k\u00ebsaj <a href=\"https:\/\/mountlaser.com\/sq\/products\/\"><strong>Tripod alumini me kok\u00eb t\u00eb shesht\u00eb<\/strong> <\/a>Ofron kompatibilitet t\u00eb pakrahasuesh\u00ebm me instrumente t\u00eb ndryshme matjeje, duke ruajtur l\u00ebvizshm\u00ebrin\u00eb q\u00eb k\u00ebrkojn\u00eb teknik\u00ebt e terrenit. I projektuar si p\u00ebr q\u00ebndrueshm\u00ebri ashtu edhe p\u00ebr komoditet p\u00ebrdoruesi, ky trek\u00ebmb\u00ebsh alumini me vet\u00eb-ky\u00e7je demonstron angazhimin e Mountlaser p\u00ebr t\u00eb ofruar zgjidhje superiore matjeje q\u00eb rrisin produktivitetin dhe sakt\u00ebsin\u00eb e matjes n\u00eb mjedise pune sfiduese.<\/p>\n<p><img decoding=\"async\" class=\"aligncenter wp-image-3118\" src=\"https:\/\/mountlaser.com\/wp-content\/uploads\/2025\/10\/RTA10-FCD6.webp\" alt=\"Flat Head Aluminum Tripod\" width=\"500\" height=\"500\" srcset=\"https:\/\/mountlaser.com\/wp-content\/uploads\/2025\/10\/RTA10-FCD6.webp 1000w, https:\/\/mountlaser.com\/wp-content\/uploads\/2025\/10\/RTA10-FCD6-300x300.webp 300w, https:\/\/mountlaser.com\/wp-content\/uploads\/2025\/10\/RTA10-FCD6-400x400.webp 400w, https:\/\/mountlaser.com\/wp-content\/uploads\/2025\/10\/RTA10-FCD6-800x800.webp 800w, https:\/\/mountlaser.com\/wp-content\/uploads\/2025\/10\/RTA10-FCD6-600x600.webp 600w, https:\/\/mountlaser.com\/wp-content\/uploads\/2025\/10\/RTA10-FCD6-150x150.webp 150w, https:\/\/mountlaser.com\/wp-content\/uploads\/2025\/10\/RTA10-FCD6-768x768.webp 768w, https:\/\/mountlaser.com\/wp-content\/uploads\/2025\/10\/RTA10-FCD6-12x12.webp 12w\" sizes=\"(max-width: 500px) 100vw, 500px\" \/><\/p>\n<p>&nbsp;<\/p>\n<p><strong><a href=\"https:\/\/mountlaser.com\/sq\/contact-us\/\">Tripod alumini Premium T Series RTA10<\/a> Specifikimet<\/strong><\/p>\n<table style=\"border-collapse: collapse; width: 622.52pt;\" border=\"0\" width=\"830\" cellspacing=\"0\" cellpadding=\"0\">\n<tbody>\n<tr style=\"height: 14.25pt;\">\n<td class=\"et2\" style=\"height: 14.25pt; width: 94.50pt;\" width=\"126\" height=\"19\">NUM\u00cbR<\/td>\n<td class=\"et2\" style=\"width: 97.50pt;\" width=\"130\">K\u00cbMB\u00cbT<\/td>\n<td class=\"et2\" style=\"width: 90.75pt;\" width=\"121\">KOK\u00cb<\/td>\n<td class=\"et2\" style=\"width: 100.50pt;\" width=\"134\">LLOJI I KY\u00c7JES<\/td>\n<td class=\"et2\" style=\"width: 99.00pt;\" width=\"132\">PAJISJE<\/td>\n<td class=\"et2\" style=\"width: 86.25pt;\" width=\"115\">ZGJATJE<\/td>\n<td class=\"et2\" style=\"width: 54.00pt;\" width=\"72\">VP<\/td>\n<\/tr>\n<tr style=\"height: 14.25pt;\">\n<td class=\"et2\" style=\"height: 14.25pt;\" height=\"19\">RTA10-FATYL<\/td>\n<td class=\"et2\">Alumini<\/td>\n<td class=\"et2\">140 mm e shesht\u00eb<\/td>\n<td class=\"et2\">Kap\u00ebse rrotulluese<\/td>\n<td class=\"et2\">E verdh\u00eb<\/td>\n<td class=\"et2\">170 cm<\/td>\n<td class=\"et2\">3.0 kg<\/td>\n<\/tr>\n<tr style=\"height: 14.25pt;\">\n<td class=\"et2\" style=\"height: 14.25pt;\" height=\"19\">RTA10-FADYL<\/td>\n<td class=\"et2\">Alumini<\/td>\n<td class=\"et2\">140 mm e shesht\u00eb<\/td>\n<td class=\"et2\">Kap\u00ebse e dyfisht\u00eb<\/td>\n<td class=\"et2\">E verdh\u00eb<\/td>\n<td class=\"et2\">165 cm<\/td>\n<td class=\"et2\">3.6 kg<\/td>\n<\/tr>\n<\/tbody>\n<\/table>","protected":false},"excerpt":{"rendered":"<p>\u2022 Nd\u00ebrtim alumini i grad\u00ebs s\u00eb avionit: Prodhuar nga aliazh alumini me rezistenc\u00eb t\u00eb lart\u00eb q\u00eb ofron rezistenc\u00eb t\u00eb jasht\u00ebzakonshme ndaj goditjeve<br \/>\n\u2022 Opsione t\u00eb Shum\u00ebfishta Kap\u00ebsesh: T\u00eb disponueshme me kap\u00ebse rrotulluese, kap\u00ebse me \u00e7lirim t\u00eb shpejt\u00eb ose konfigurime me kap\u00ebse t\u00eb dyfisht\u00eb<br \/>\n\u2022 Specifikime t\u00eb Personalizueshme: Ofron ngjyra dhe lart\u00ebsi t\u00eb personalizuara sipas k\u00ebrkes\u00ebs p\u00ebr t&#039;iu p\u00ebrshtatur k\u00ebrkesave specifike t\u00eb projektit<\/p>","protected":false},"featured_media":3117,"comment_status":"open","ping_status":"closed","template":"","meta":[],"product_brand":[],"product_cat":[91,111],"product_tag":[],"class_list":{"0":"post-3112","1":"product","2":"type-product","3":"status-publish","4":"has-post-thumbnail","6":"product_cat-bipod-tripod","7":"product_cat-aluminum-surveying-tripod","9":"first","10":"instock","11":"shipping-taxable","12":"product-type-simple"},"_links":{"self":[{"href":"https:\/\/mountlaser.com\/sq\/wp-json\/wp\/v2\/product\/3112","targetHints":{"allow":["GET"]}}],"collection":[{"href":"https:\/\/mountlaser.com\/sq\/wp-json\/wp\/v2\/product"}],"about":[{"href":"https:\/\/mountlaser.com\/sq\/wp-json\/wp\/v2\/types\/product"}],"replies":[{"embeddable":true,"href":"https:\/\/mountlaser.com\/sq\/wp-json\/wp\/v2\/comments?post=3112"}],"wp:featuredmedia":[{"embeddable":true,"href":"https:\/\/mountlaser.com\/sq\/wp-json\/wp\/v2\/media\/3117"}],"wp:attachment":[{"href":"https:\/\/mountlaser.com\/sq\/wp-json\/wp\/v2\/media?parent=3112"}],"wp:term":[{"taxonomy":"product_brand","embeddable":true,"href":"https:\/\/mountlaser.com\/sq\/wp-json\/wp\/v2\/product_brand?post=3112"},{"taxonomy":"product_cat","embeddable":true,"href":"https:\/\/mountlaser.com\/sq\/wp-json\/wp\/v2\/product_cat?post=3112"},{"taxonomy":"product_tag","embeddable":true,"href":"https:\/\/mountlaser.com\/sq\/wp-json\/wp\/v2\/product_tag?post=3112"}],"curies":[{"name":"wp","href":"https:\/\/api.w.org\/{rel}","templated":true}]}}