{"id":3101,"date":"2025-10-31T08:52:31","date_gmt":"2025-10-31T08:52:31","guid":{"rendered":"https:\/\/mountlaser.com\/?post_type=product&#038;p=3101"},"modified":"2025-11-28T03:27:10","modified_gmt":"2025-11-28T03:27:10","slug":"rja10-aluminum-tripod","status":"publish","type":"product","link":"https:\/\/mountlaser.com\/sq\/produkt\/rja10-aluminum-tripod\/","title":{"rendered":"Tripod alumini RJA10"},"content":{"rendered":"<p>I\/E\/T\u00eb\/T\u00eb<a href=\"https:\/\/mountlaser.com\/sq\/\"> <strong>Tripod alumini RJA10<\/strong> <\/a>p\u00ebrfaq\u00ebson zgjidhjen ideale n\u00eb <a href=\"https:\/\/mountlaser.com\/sq\/about-us\/\"><strong>trek\u00ebmb\u00ebsh alumini i leht\u00eb<\/strong> <\/a>sisteme, t\u00eb projektuara posa\u00e7\u00ebrisht p\u00ebr profesionist\u00ebt e gjeodet\u00ebve q\u00eb k\u00ebrkojn\u00eb mb\u00ebshtetje t\u00eb besueshme p\u00ebr instrumentet e tyre precize.<\/p>\n<p>Ky trek\u00ebmb\u00ebsh i gjithansh\u00ebm me konstruksion alumini \u00ebsht\u00eb i disponuesh\u00ebm n\u00eb tre konfigurime t\u00eb dallueshme p\u00ebr t\u00eb p\u00ebrmbushur k\u00ebrkesa t\u00eb ndryshme n\u00eb vendin e pun\u00ebs:<\/p>\n<figure id=\"attachment_3110\" aria-describedby=\"caption-attachment-3110\" style=\"width: 300px\" class=\"wp-caption aligncenter\"><img fetchpriority=\"high\" decoding=\"async\" class=\"wp-image-3110 size-medium\" src=\"https:\/\/mountlaser.com\/wp-content\/uploads\/2025\/10\/RJA10-FAT7-300x300.webp\" alt=\"Light-Duty Aluminum Tripod\" width=\"300\" height=\"300\" srcset=\"https:\/\/mountlaser.com\/wp-content\/uploads\/2025\/10\/RJA10-FAT7-300x300.webp 300w, https:\/\/mountlaser.com\/wp-content\/uploads\/2025\/10\/RJA10-FAT7-400x400.webp 400w, https:\/\/mountlaser.com\/wp-content\/uploads\/2025\/10\/RJA10-FAT7-800x800.webp 800w, https:\/\/mountlaser.com\/wp-content\/uploads\/2025\/10\/RJA10-FAT7-600x600.webp 600w, https:\/\/mountlaser.com\/wp-content\/uploads\/2025\/10\/RJA10-FAT7-150x150.webp 150w, https:\/\/mountlaser.com\/wp-content\/uploads\/2025\/10\/RJA10-FAT7-768x768.webp 768w, https:\/\/mountlaser.com\/wp-content\/uploads\/2025\/10\/RJA10-FAT7-12x12.webp 12w, https:\/\/mountlaser.com\/wp-content\/uploads\/2025\/10\/RJA10-FAT7.webp 1000w\" sizes=\"(max-width: 300px) 100vw, 300px\" \/><figcaption id=\"caption-attachment-3110\" class=\"wp-caption-text\">Tripod alumini me kok\u00eb t\u00eb shesht\u00eb RJA10<\/figcaption><\/figure>\n<p>&nbsp;<\/p>\n<p>Tripodi prej alumini me kok\u00eb t\u00eb shesht\u00eb RJA10, Tripodi prej alumini me kok\u00eb kupole RJA10 dhe Tripodi prej alumini me kok\u00eb t\u00eb rrumbullak\u00ebt t\u00eb madhe RJA10.<\/p>\n<figure id=\"attachment_3109\" aria-describedby=\"caption-attachment-3109\" style=\"width: 300px\" class=\"wp-caption aligncenter\"><img decoding=\"async\" class=\"wp-image-3109 size-medium\" src=\"https:\/\/mountlaser.com\/wp-content\/uploads\/2025\/10\/RJA10-DAD8-300x300.webp\" alt=\"Light-Duty Aluminum Tripod\" width=\"300\" height=\"300\" srcset=\"https:\/\/mountlaser.com\/wp-content\/uploads\/2025\/10\/RJA10-DAD8-300x300.webp 300w, https:\/\/mountlaser.com\/wp-content\/uploads\/2025\/10\/RJA10-DAD8-400x400.webp 400w, https:\/\/mountlaser.com\/wp-content\/uploads\/2025\/10\/RJA10-DAD8-800x800.webp 800w, https:\/\/mountlaser.com\/wp-content\/uploads\/2025\/10\/RJA10-DAD8-600x600.webp 600w, https:\/\/mountlaser.com\/wp-content\/uploads\/2025\/10\/RJA10-DAD8-150x150.webp 150w, https:\/\/mountlaser.com\/wp-content\/uploads\/2025\/10\/RJA10-DAD8-768x768.webp 768w, https:\/\/mountlaser.com\/wp-content\/uploads\/2025\/10\/RJA10-DAD8-12x12.webp 12w, https:\/\/mountlaser.com\/wp-content\/uploads\/2025\/10\/RJA10-DAD8.webp 1000w\" sizes=\"(max-width: 300px) 100vw, 300px\" \/><figcaption id=\"caption-attachment-3109\" class=\"wp-caption-text\">Tripod alumini me kok\u00eb kupole RJA10<\/figcaption><\/figure>\n<p>&nbsp;<\/p>\n<p>Si pjes\u00eb e angazhimit ton\u00eb p\u00ebr t\u00eb ofruar zgjidhje fleksibile, \u00e7do trek\u00ebmb\u00ebsh alumini i leht\u00eb RJA10 ofron dy opsione mekanizmi ky\u00e7jeje - kap\u00ebsen tradicionale Twist Clamp p\u00ebr fiksim t\u00eb sigurt dhe sistemin inovativ Dual Clamp p\u00ebr rregullime t\u00eb shpejta dhe stabilitet t\u00eb p\u00ebrmir\u00ebsuar.<\/p>\n<figure id=\"attachment_3108\" aria-describedby=\"caption-attachment-3108\" style=\"width: 300px\" class=\"wp-caption aligncenter\"><img decoding=\"async\" class=\"wp-image-3108 size-medium\" src=\"https:\/\/mountlaser.com\/wp-content\/uploads\/2025\/10\/RJA10-BAT7-300x300.webp\" alt=\"Light-Duty Aluminum Tripod\" width=\"300\" height=\"300\" srcset=\"https:\/\/mountlaser.com\/wp-content\/uploads\/2025\/10\/RJA10-BAT7-300x300.webp 300w, https:\/\/mountlaser.com\/wp-content\/uploads\/2025\/10\/RJA10-BAT7-400x400.webp 400w, https:\/\/mountlaser.com\/wp-content\/uploads\/2025\/10\/RJA10-BAT7-800x800.webp 800w, https:\/\/mountlaser.com\/wp-content\/uploads\/2025\/10\/RJA10-BAT7-600x600.webp 600w, https:\/\/mountlaser.com\/wp-content\/uploads\/2025\/10\/RJA10-BAT7-150x150.webp 150w, https:\/\/mountlaser.com\/wp-content\/uploads\/2025\/10\/RJA10-BAT7-768x768.webp 768w, https:\/\/mountlaser.com\/wp-content\/uploads\/2025\/10\/RJA10-BAT7-12x12.webp 12w, https:\/\/mountlaser.com\/wp-content\/uploads\/2025\/10\/RJA10-BAT7.webp 1000w\" sizes=\"(max-width: 300px) 100vw, 300px\" \/><figcaption id=\"caption-attachment-3108\" class=\"wp-caption-text\">Tripod alumini me kok\u00eb t\u00eb rrumbullak\u00ebt t\u00eb madhe RJA10<\/figcaption><\/figure>\n<p>Ky trek\u00ebmb\u00ebsh me konstruksion alumini \u00ebsht\u00eb projektuar me fokus si n\u00eb performanc\u00eb ashtu edhe n\u00eb komoditet, duke e b\u00ebr\u00eb at\u00eb nj\u00eb mjet thelb\u00ebsor p\u00ebr \u00e7do projekt matjeje.<\/p>\n<p><strong><a href=\"https:\/\/mountlaser.com\/sq\/products\/\">Tripod alumini RJA10<\/a> Specifikimet:<\/strong><\/p>\n<table style=\"border-collapse: collapse; width: 622.52pt;\" border=\"0\" width=\"830\" cellspacing=\"0\" cellpadding=\"0\">\n<tbody>\n<tr style=\"height: 14.25pt;\">\n<td class=\"et2\" style=\"height: 14.25pt; width: 94.50pt;\" width=\"126\" height=\"19\">NUM\u00cbR<\/td>\n<td class=\"et2\" style=\"width: 97.50pt;\" width=\"130\">K\u00cbMB\u00cbT<\/td>\n<td class=\"et2\" style=\"width: 90.75pt;\" width=\"121\">KOK\u00cb<\/td>\n<td class=\"et2\" style=\"width: 100.50pt;\" width=\"134\">LLOJI I KY\u00c7JES<\/td>\n<td class=\"et2\" style=\"width: 99.00pt;\" width=\"132\">PAJISJE<\/td>\n<td class=\"et2\" style=\"width: 86.25pt;\" width=\"115\">ZGJATJE<\/td>\n<td class=\"et2\" style=\"width: 54.00pt;\" width=\"72\">VP<\/td>\n<\/tr>\n<tr style=\"height: 14.25pt;\">\n<td class=\"et2\" style=\"height: 14.25pt;\" height=\"19\">RJA10-FATOR<\/td>\n<td class=\"et2\">Alumini<\/td>\n<td class=\"et2\">126 mm e shesht\u00eb<\/td>\n<td class=\"et2\">Kap\u00ebse rrotulluese<\/td>\n<td class=\"et2\">Portokalli<\/td>\n<td class=\"et2\">160 cm<\/td>\n<td class=\"et2\">2.7 kg<\/td>\n<\/tr>\n<tr style=\"height: 14.25pt;\">\n<td class=\"et2\" style=\"height: 14.25pt;\" height=\"19\">RJA10-FADOR<\/td>\n<td class=\"et2\">Alumini<\/td>\n<td class=\"et2\">126 mm e shesht\u00eb<\/td>\n<td class=\"et2\">Kap\u00ebse e dyfisht\u00eb<\/td>\n<td class=\"et2\">Portokalli<\/td>\n<td class=\"et2\">150 cm<\/td>\n<td class=\"et2\">3.3 kg<\/td>\n<\/tr>\n<\/tbody>\n<\/table>","protected":false},"excerpt":{"rendered":"<p>\u2022 P\u00ebrputhshm\u00ebri Universale: E pajisur me bulona alumini me lidh\u00ebse 5\/8\u2033-11, duke siguruar p\u00ebrputhshm\u00ebri me nivelues automatik\u00eb, lazer\u00eb rrotullues dhe pajisje t\u00eb tjera matjeje<br \/>\n\u2022 Q\u00ebndrueshm\u00ebri e P\u00ebrmir\u00ebsuar: Rezistenc\u00eb e shk\u00eblqyer ndaj goditjeve siguron besueshm\u00ebri afatgjat\u00eb n\u00eb kushte fushore<br \/>\n\u2022 Ekuilib\u00ebr optimal i pesh\u00ebs: Dizajni me pesh\u00eb t\u00eb moderuar leht\u00ebson transportin e leht\u00eb duke ruajtur stabilitetin gjat\u00eb p\u00ebrdorimit<\/p>","protected":false},"featured_media":3102,"comment_status":"open","ping_status":"closed","template":"","meta":[],"product_brand":[],"product_cat":[91,111],"product_tag":[],"class_list":{"0":"post-3101","1":"product","2":"type-product","3":"status-publish","4":"has-post-thumbnail","6":"product_cat-bipod-tripod","7":"product_cat-aluminum-surveying-tripod","9":"first","10":"instock","11":"shipping-taxable","12":"product-type-simple"},"_links":{"self":[{"href":"https:\/\/mountlaser.com\/sq\/wp-json\/wp\/v2\/product\/3101","targetHints":{"allow":["GET"]}}],"collection":[{"href":"https:\/\/mountlaser.com\/sq\/wp-json\/wp\/v2\/product"}],"about":[{"href":"https:\/\/mountlaser.com\/sq\/wp-json\/wp\/v2\/types\/product"}],"replies":[{"embeddable":true,"href":"https:\/\/mountlaser.com\/sq\/wp-json\/wp\/v2\/comments?post=3101"}],"wp:featuredmedia":[{"embeddable":true,"href":"https:\/\/mountlaser.com\/sq\/wp-json\/wp\/v2\/media\/3102"}],"wp:attachment":[{"href":"https:\/\/mountlaser.com\/sq\/wp-json\/wp\/v2\/media?parent=3101"}],"wp:term":[{"taxonomy":"product_brand","embeddable":true,"href":"https:\/\/mountlaser.com\/sq\/wp-json\/wp\/v2\/product_brand?post=3101"},{"taxonomy":"product_cat","embeddable":true,"href":"https:\/\/mountlaser.com\/sq\/wp-json\/wp\/v2\/product_cat?post=3101"},{"taxonomy":"product_tag","embeddable":true,"href":"https:\/\/mountlaser.com\/sq\/wp-json\/wp\/v2\/product_tag?post=3101"}],"curies":[{"name":"wp","href":"https:\/\/api.w.org\/{rel}","templated":true}]}}