{"id":3088,"date":"2025-10-31T07:44:32","date_gmt":"2025-10-31T07:44:32","guid":{"rendered":"https:\/\/mountlaser.com\/?post_type=product&#038;p=3088"},"modified":"2025-11-28T03:28:07","modified_gmt":"2025-11-28T03:28:07","slug":"rt105-reflective-target","status":"publish","type":"product","link":"https:\/\/mountlaser.com\/sq\/produkt\/rt105-reflective-target\/","title":{"rendered":"Sh\u00ebnjest\u00ebr reflektuese RT105"},"content":{"rendered":"<p>I\/E\/T\u00eb\/T\u00eb <a href=\"https:\/\/mountlaser.com\/sq\/\"><strong>Flet\u00eb sh\u00ebnjestre reflektuese RT105<\/strong><\/a> nga Mount Laser \u00ebsht\u00eb nj\u00eb profesionist <a href=\"https:\/\/mountlaser.com\/sq\/products\/\"><strong>Fleta e Synimeve t\u00eb Stacionit Total<\/strong><\/a> I projektuar p\u00ebr t\u00eb ofruar performanc\u00eb t\u00eb lart\u00eb matjeje dhe shtrirjeje me lazer. I nd\u00ebrtuar me material reflektues autentik 3M dhe nj\u00eb trup najloni me rezistenc\u00eb t\u00eb lart\u00eb, ky model siguron reflektim t\u00eb besuesh\u00ebm, q\u00ebndrueshm\u00ebri t\u00eb jasht\u00ebzakonshme dhe jet\u00ebgjat\u00ebsi t\u00eb gjat\u00eb sh\u00ebrbimi n\u00eb kushte t\u00eb v\u00ebshtira n\u00eb terren.<\/p>\n<p>Me nj\u00eb sip\u00ebrfaqe reflektuese me diamet\u00ebr 60 mm, Fleta Reflektuese e Sh\u00ebnjestr\u00ebs RT105 ofron shikueshm\u00ebri t\u00eb qart\u00eb dhe me kontrast t\u00eb lart\u00eb p\u00ebr sh\u00ebnjestrim t\u00eb sakt\u00eb dhe kthim t\u00eb shpejt\u00eb t\u00eb sinjalit. Sistemi i saj i montimit me \u00e7lirim t\u00eb shpejt\u00eb lejon instalim dhe heqje t\u00eb shpejt\u00eb, duke e b\u00ebr\u00eb at\u00eb shum\u00eb efikase p\u00ebr p\u00ebrdoruesit q\u00eb ripozicionojn\u00eb shpesh Flet\u00ebn e Sh\u00ebnjestr\u00ebs s\u00eb Stacionit Total n\u00eb mjedise t\u00eb ndryshme pune.<\/p>\n<p>E projektuar p\u00ebr nd\u00ebrtim, matje dhe aplikime industriale, Fleta Reflektuese e Targetit RT105 garanton performanc\u00eb t\u00eb q\u00ebndrueshme edhe n\u00eb kushte sfiduese t\u00eb jashtme. Kombinimi i teknologjis\u00eb reflektuese 3M dhe strehimit t\u00eb fort\u00eb prej najloni siguron shtrirje optimale dhe sakt\u00ebsi matjeje.<\/p>\n<p><img fetchpriority=\"high\" decoding=\"async\" class=\"aligncenter wp-image-3093\" src=\"https:\/\/mountlaser.com\/wp-content\/uploads\/2025\/10\/1-6RT1055.webp\" alt=\"RT105 Total Station Target Sheet\" width=\"500\" height=\"500\" srcset=\"https:\/\/mountlaser.com\/wp-content\/uploads\/2025\/10\/1-6RT1055.webp 1000w, https:\/\/mountlaser.com\/wp-content\/uploads\/2025\/10\/1-6RT1055-300x300.webp 300w, https:\/\/mountlaser.com\/wp-content\/uploads\/2025\/10\/1-6RT1055-400x400.webp 400w, https:\/\/mountlaser.com\/wp-content\/uploads\/2025\/10\/1-6RT1055-800x800.webp 800w, https:\/\/mountlaser.com\/wp-content\/uploads\/2025\/10\/1-6RT1055-600x600.webp 600w, https:\/\/mountlaser.com\/wp-content\/uploads\/2025\/10\/1-6RT1055-150x150.webp 150w, https:\/\/mountlaser.com\/wp-content\/uploads\/2025\/10\/1-6RT1055-768x768.webp 768w, https:\/\/mountlaser.com\/wp-content\/uploads\/2025\/10\/1-6RT1055-12x12.webp 12w\" sizes=\"(max-width: 500px) 100vw, 500px\" \/><\/p>\n<p>Mount Laser&#039;s <a href=\"https:\/\/mountlaser.com\/sq\/about-us\/\">Flet\u00eb sh\u00ebnjestre reflektuese RT105<\/a> kombinon precizitetin reflektues 3M me nj\u00eb struktur\u00eb najloni t\u00eb leht\u00eb dhe me \u00e7lirim t\u00eb shpejt\u00eb p\u00ebr t\u00eb krijuar nj\u00eb Flet\u00eb Synimi t\u00eb Stacionit Total t\u00eb besuesh\u00ebm. I projektuar p\u00ebr profesionist\u00eb q\u00eb vler\u00ebsojn\u00eb shpejt\u00ebsin\u00eb, q\u00ebndrueshm\u00ebrin\u00eb dhe sakt\u00ebsin\u00eb, ai ofron performanc\u00eb t\u00eb q\u00ebndrueshme dhe efikase n\u00eb t\u00eb gjitha aplikimet e matjes.<\/p>","protected":false},"excerpt":{"rendered":"<ul>\n<li>Performanc\u00eb e lart\u00eb<\/li>\n<li>Kthim superior i sinjalit<\/li>\n<li>Dizajn me \u00e7lirim t\u00eb shpejt\u00eb<\/li>\n<li>Flet\u00eb objektivi ideale e stacionit total p\u00ebr detyra nd\u00ebrtimi, matjeje dhe shtrirjeje<\/li>\n<\/ul>","protected":false},"featured_media":3091,"comment_status":"open","ping_status":"closed","template":"","meta":[],"product_brand":[],"product_cat":[72,104],"product_tag":[],"class_list":{"0":"post-3088","1":"product","2":"type-product","3":"status-publish","4":"has-post-thumbnail","6":"product_cat-reflective-target-prism","7":"product_cat-reflective-target","9":"first","10":"instock","11":"shipping-taxable","12":"product-type-simple"},"_links":{"self":[{"href":"https:\/\/mountlaser.com\/sq\/wp-json\/wp\/v2\/product\/3088","targetHints":{"allow":["GET"]}}],"collection":[{"href":"https:\/\/mountlaser.com\/sq\/wp-json\/wp\/v2\/product"}],"about":[{"href":"https:\/\/mountlaser.com\/sq\/wp-json\/wp\/v2\/types\/product"}],"replies":[{"embeddable":true,"href":"https:\/\/mountlaser.com\/sq\/wp-json\/wp\/v2\/comments?post=3088"}],"wp:featuredmedia":[{"embeddable":true,"href":"https:\/\/mountlaser.com\/sq\/wp-json\/wp\/v2\/media\/3091"}],"wp:attachment":[{"href":"https:\/\/mountlaser.com\/sq\/wp-json\/wp\/v2\/media?parent=3088"}],"wp:term":[{"taxonomy":"product_brand","embeddable":true,"href":"https:\/\/mountlaser.com\/sq\/wp-json\/wp\/v2\/product_brand?post=3088"},{"taxonomy":"product_cat","embeddable":true,"href":"https:\/\/mountlaser.com\/sq\/wp-json\/wp\/v2\/product_cat?post=3088"},{"taxonomy":"product_tag","embeddable":true,"href":"https:\/\/mountlaser.com\/sq\/wp-json\/wp\/v2\/product_tag?post=3088"}],"curies":[{"name":"wp","href":"https:\/\/api.w.org\/{rel}","templated":true}]}}