{"id":3077,"date":"2025-10-31T07:29:54","date_gmt":"2025-10-31T07:29:54","guid":{"rendered":"https:\/\/mountlaser.com\/?post_type=product&#038;p=3077"},"modified":"2025-11-28T03:29:48","modified_gmt":"2025-11-28T03:29:48","slug":"rt104-reflective-target","status":"publish","type":"product","link":"https:\/\/mountlaser.com\/sq\/produkt\/rt104-reflective-target\/","title":{"rendered":"RT104 Objektiv reflektues"},"content":{"rendered":"<p>Sh\u00ebnjest\u00ebr reflektuese RT104 \u2013 Flet\u00eb sh\u00ebnjestre prej alumini p\u00ebr stacion total preciz<\/p>\n<p>I\/E\/T\u00eb\/T\u00eb <a href=\"https:\/\/mountlaser.com\/sq\/\"><strong>RT104 Objektiv reflektues<\/strong><\/a> nga Mount Laser \u00ebsht\u00eb nj\u00eb flet\u00eb sh\u00ebnjestre p\u00ebr stacion total t\u00eb nivelit profesional, e projektuar p\u00ebr aplikime matjeje, shtrirjeje dhe matjeje me lazer me sakt\u00ebsi t\u00eb lart\u00eb. E projektuar me material reflektues premium 3M, ajo siguron reflektim superior dhe kthim t\u00eb besuesh\u00ebm t\u00eb sinjalit edhe n\u00eb kushte t\u00eb v\u00ebshtira ndri\u00e7imi ose distancash t\u00eb gjata.<\/p>\n<p>I prodhuar nga alumini i q\u00ebndruesh\u00ebm, <a href=\"https:\/\/mountlaser.com\/sq\/products\/\"><strong>flet\u00eb objektivi e stacionit total<\/strong> <\/a>Ofron stabilitet dhe rezistenc\u00eb t\u00eb shk\u00eblqyer ndaj goditjeve, duke e b\u00ebr\u00eb ideal p\u00ebr p\u00ebrdorim n\u00eb terren. Sip\u00ebrfaqja e saj reflektuese 60\u00d760 mm ofron nj\u00eb pik\u00eb referimi t\u00eb qart\u00eb dhe me dukshm\u00ebri t\u00eb lart\u00eb, nd\u00ebrsa montimi me fileto 5\/8\u2033-11 lejon instalim t\u00eb leht\u00eb n\u00eb trek\u00ebmb\u00ebsha, shufra ose pajisje t\u00eb tjera standarde.<\/p>\n<p>Si nj\u00eb tabel\u00eb objektivash e besueshme e stacionit total, ky model rrit sakt\u00ebsin\u00eb dhe p\u00ebrs\u00ebritshm\u00ebrin\u00eb gjat\u00eb matjeve, duke siguruar rezultate t\u00eb q\u00ebndrueshme p\u00ebr inxhinier\u00ebt dhe gjeodet\u00ebt. Pavar\u00ebsisht n\u00ebse p\u00ebrdoret n\u00eb planifikimin e nd\u00ebrtimit, shtrirjen industriale ose matjet gjeodezike, RT104 ofron performanc\u00eb afatgjat\u00eb dhe sakt\u00ebsi t\u00eb jasht\u00ebzakonshme.<\/p>\n<p><img fetchpriority=\"high\" decoding=\"async\" class=\"aligncenter wp-image-3082\" src=\"https:\/\/mountlaser.com\/wp-content\/uploads\/2025\/10\/1-5RT1044.webp\" alt=\"RT104 Reflective target\" width=\"500\" height=\"500\" srcset=\"https:\/\/mountlaser.com\/wp-content\/uploads\/2025\/10\/1-5RT1044.webp 1000w, https:\/\/mountlaser.com\/wp-content\/uploads\/2025\/10\/1-5RT1044-300x300.webp 300w, https:\/\/mountlaser.com\/wp-content\/uploads\/2025\/10\/1-5RT1044-400x400.webp 400w, https:\/\/mountlaser.com\/wp-content\/uploads\/2025\/10\/1-5RT1044-800x800.webp 800w, https:\/\/mountlaser.com\/wp-content\/uploads\/2025\/10\/1-5RT1044-600x600.webp 600w, https:\/\/mountlaser.com\/wp-content\/uploads\/2025\/10\/1-5RT1044-150x150.webp 150w, https:\/\/mountlaser.com\/wp-content\/uploads\/2025\/10\/1-5RT1044-768x768.webp 768w, https:\/\/mountlaser.com\/wp-content\/uploads\/2025\/10\/1-5RT1044-12x12.webp 12w\" sizes=\"(max-width: 500px) 100vw, 500px\" \/><\/p>\n<p>Mount Laser&#039;s <a href=\"https:\/\/mountlaser.com\/sq\/contact-us\/\">RT104 Objektiv reflektues<\/a> kombinon performanc\u00ebn reflektuese 3M me dizajnin e q\u00ebndruesh\u00ebm t\u00eb aluminit p\u00ebr t\u00eb krijuar nj\u00eb flet\u00eb sh\u00ebnjestre t\u00eb besueshme t\u00eb Stacionit Total. I nd\u00ebrtuar p\u00ebr precizion, stabilitet dhe jet\u00ebgjat\u00ebsi t\u00eb gjat\u00eb sh\u00ebrbimi, \u00ebsht\u00eb nj\u00eb zgjedhje e besueshme p\u00ebr profesionist\u00ebt q\u00eb vler\u00ebsojn\u00eb sakt\u00ebsin\u00eb n\u00eb \u00e7do matje.<\/p>","protected":false},"excerpt":{"rendered":"<ul>\n<li>Objektiv reflektues RT104 me precizion t\u00eb lart\u00eb p\u00ebr sistemet e stacioneve totale<\/li>\n<li>I pajtuesh\u00ebm me trek\u00ebmb\u00ebsha dhe shufra<\/li>\n<li>Flet\u00eb objektivi ideale e stacionit total p\u00ebr detyrat e matjes dhe shtrirjes<\/li>\n<\/ul>","protected":false},"featured_media":3079,"comment_status":"open","ping_status":"closed","template":"","meta":[],"product_brand":[],"product_cat":[104,72],"product_tag":[],"class_list":{"0":"post-3077","1":"product","2":"type-product","3":"status-publish","4":"has-post-thumbnail","6":"product_cat-reflective-target","7":"product_cat-reflective-target-prism","9":"first","10":"instock","11":"shipping-taxable","12":"product-type-simple"},"_links":{"self":[{"href":"https:\/\/mountlaser.com\/sq\/wp-json\/wp\/v2\/product\/3077","targetHints":{"allow":["GET"]}}],"collection":[{"href":"https:\/\/mountlaser.com\/sq\/wp-json\/wp\/v2\/product"}],"about":[{"href":"https:\/\/mountlaser.com\/sq\/wp-json\/wp\/v2\/types\/product"}],"replies":[{"embeddable":true,"href":"https:\/\/mountlaser.com\/sq\/wp-json\/wp\/v2\/comments?post=3077"}],"wp:featuredmedia":[{"embeddable":true,"href":"https:\/\/mountlaser.com\/sq\/wp-json\/wp\/v2\/media\/3079"}],"wp:attachment":[{"href":"https:\/\/mountlaser.com\/sq\/wp-json\/wp\/v2\/media?parent=3077"}],"wp:term":[{"taxonomy":"product_brand","embeddable":true,"href":"https:\/\/mountlaser.com\/sq\/wp-json\/wp\/v2\/product_brand?post=3077"},{"taxonomy":"product_cat","embeddable":true,"href":"https:\/\/mountlaser.com\/sq\/wp-json\/wp\/v2\/product_cat?post=3077"},{"taxonomy":"product_tag","embeddable":true,"href":"https:\/\/mountlaser.com\/sq\/wp-json\/wp\/v2\/product_tag?post=3077"}],"curies":[{"name":"wp","href":"https:\/\/api.w.org\/{rel}","templated":true}]}}