{"id":3055,"date":"2025-10-31T06:15:20","date_gmt":"2025-10-31T06:15:20","guid":{"rendered":"https:\/\/mountlaser.com\/?post_type=product&#038;p=3055"},"modified":"2025-11-28T03:30:54","modified_gmt":"2025-11-28T03:30:54","slug":"rt102-103-reflective-target","status":"publish","type":"product","link":"https:\/\/mountlaser.com\/sq\/produkt\/rt102-103-reflective-target\/","title":{"rendered":"Objektiv reflektues RT102\/103"},"content":{"rendered":"<p>Flet\u00eb sh\u00ebnjestre reflektuese RT102 \/ RT103 me mbajt\u00ebse \u2013 Rreshtim preciz, e nd\u00ebrtuar p\u00ebr t\u00eb zgjatur<\/p>\n<p>RT102 \/ RT103 <a href=\"https:\/\/mountlaser.com\/sq\/\"><strong>Flet\u00eb reflektuese p\u00ebr sh\u00ebnjest\u00ebr me mbajt\u00ebse<\/strong> <\/a>Seria nga Mount Laser ofron sakt\u00ebsi dhe q\u00ebndrueshm\u00ebri profesionale p\u00ebr aplikimet e shtrirjes me lazer, matjes dhe matjes. T\u00eb prodhuara me material reflektues 3M me cil\u00ebsi t\u00eb lart\u00eb dhe strehim najloni me rezistenc\u00eb t\u00eb lart\u00eb, k\u00ebto objektiva jan\u00eb t\u00eb projektuara p\u00ebr performanc\u00eb t\u00eb q\u00ebndrueshme n\u00eb t\u00eb gjitha kushtet e pun\u00ebs.<\/p>\n<p>Fleta reflektuese e sh\u00ebnjestr\u00ebs RT102 me mbajt\u00ebse p\u00ebrmban nj\u00eb sip\u00ebrfaqe reflektuese t\u00eb bardh\u00eb dhe nj\u00eb sh\u00ebnjest\u00ebr me diamet\u00ebr 50 mm, duke siguruar nj\u00eb reflektim t\u00eb qart\u00eb p\u00ebr aplikimet me lazer me rreze t\u00eb shkurt\u00ebr deri n\u00eb t\u00eb mesme. \u00cbsht\u00eb e disponueshme n\u00eb tre opsione montimi \u2014 5\/8\u2033-11, 3\/8\u2033-19 dhe M8 \u2014 p\u00ebr t&#039;iu p\u00ebrshtatur trek\u00ebmb\u00ebshave dhe konfigurimeve t\u00eb ndryshme mat\u00ebse.<\/p>\n<p>Fleta reflektuese e sh\u00ebnjestr\u00ebs RT103 me mbajt\u00ebse ofron nj\u00eb sip\u00ebrfaqe reflektuese t\u00eb verdh\u00eb me nj\u00eb sh\u00ebnjest\u00ebr me diamet\u00ebr 60 mm, duke p\u00ebrmir\u00ebsuar dukshm\u00ebrin\u00eb n\u00eb kushte t\u00eb ndryshme ndri\u00e7imi. P\u00ebrfshin modele me bosht zviceran (baz\u00eb t\u00eb rrumbullak\u00ebt) dhe t\u00eb nj\u00ebjtat variacione montimi p\u00ebr p\u00ebrshtatje t\u00eb leht\u00eb n\u00eb terren.<\/p>\n<p>Secili <a href=\"https:\/\/mountlaser.com\/sq\/products\/\"><strong>Flet\u00eb sh\u00ebnjestre reflektuese me sh\u00ebnjest\u00ebr t\u00eb shtypur<\/strong><\/a> Siguron synim t\u00eb sakt\u00eb me lazer, duke lejuar synim t\u00eb sakt\u00eb n\u00eb qend\u00ebr dhe efikasitet t\u00eb p\u00ebrmir\u00ebsuar t\u00eb matjes. Kombinimi i teknologjis\u00eb reflektuese 3M dhe nd\u00ebrtimit t\u00eb fort\u00eb prej najloni i b\u00ebn k\u00ebto synime t\u00eb besueshme si p\u00ebr mjedise t\u00eb brendshme ashtu edhe p\u00ebr t\u00eb jashtme.<\/p>\n<p><img fetchpriority=\"high\" decoding=\"async\" class=\"aligncenter wp-image-3063\" src=\"https:\/\/mountlaser.com\/wp-content\/uploads\/2025\/10\/1-3RT1026.webp\" alt=\"rt102 Reflective Target sheet with holder\" width=\"500\" height=\"500\" srcset=\"https:\/\/mountlaser.com\/wp-content\/uploads\/2025\/10\/1-3RT1026.webp 1000w, https:\/\/mountlaser.com\/wp-content\/uploads\/2025\/10\/1-3RT1026-300x300.webp 300w, https:\/\/mountlaser.com\/wp-content\/uploads\/2025\/10\/1-3RT1026-400x400.webp 400w, https:\/\/mountlaser.com\/wp-content\/uploads\/2025\/10\/1-3RT1026-800x800.webp 800w, https:\/\/mountlaser.com\/wp-content\/uploads\/2025\/10\/1-3RT1026-600x600.webp 600w, https:\/\/mountlaser.com\/wp-content\/uploads\/2025\/10\/1-3RT1026-150x150.webp 150w, https:\/\/mountlaser.com\/wp-content\/uploads\/2025\/10\/1-3RT1026-768x768.webp 768w, https:\/\/mountlaser.com\/wp-content\/uploads\/2025\/10\/1-3RT1026-12x12.webp 12w\" sizes=\"(max-width: 500px) 100vw, 500px\" \/><\/p>\n<p>RT102 \/ RT103 i Mount Laser<a href=\"https:\/\/mountlaser.com\/sq\/contact-us\/\"> Flet\u00eb reflektuese p\u00ebr sh\u00ebnjest\u00ebr me mbajt\u00ebse<\/a> kombinon sakt\u00ebsin\u00eb reflektuese 3M me dizajnin e q\u00ebndruesh\u00ebm prej najloni, duke ofruar shikueshm\u00ebri t\u00eb qart\u00eb dhe shtrirje t\u00eb sakt\u00eb. Fleta reflektuese e sh\u00ebnjestr\u00ebs me sh\u00ebnjest\u00ebr t\u00eb shtypur siguron matje t\u00eb sakta n\u00eb distanca dhe mjedise t\u00eb ndryshme - nj\u00eb zgjedhje e besueshme p\u00ebr profesionist\u00ebt q\u00eb k\u00ebrkojn\u00eb sakt\u00ebsi dhe forc\u00eb.<\/p>","protected":false},"excerpt":{"rendered":"<ul>\n<li>Flet\u00eb sh\u00ebnjestre reflektuese profesionale me mbajt\u00ebse t\u00eb b\u00ebr\u00eb nga material reflektues 3M<\/li>\n<li>I disponuesh\u00ebm n\u00eb sip\u00ebrfaqe reflektuese t\u00eb bardha (RT102) dhe t\u00eb verdha (RT103)<\/li>\n<li>Flet\u00eb sh\u00ebnjestre reflektuese me sh\u00ebnjest\u00ebr t\u00eb shtypur p\u00ebr shtrirje t\u00eb sakt\u00eb me lazer<\/li>\n<\/ul>","protected":false},"featured_media":3057,"comment_status":"open","ping_status":"closed","template":"","meta":[],"product_brand":[],"product_cat":[72,104],"product_tag":[],"class_list":{"0":"post-3055","1":"product","2":"type-product","3":"status-publish","4":"has-post-thumbnail","6":"product_cat-reflective-target-prism","7":"product_cat-reflective-target","9":"first","10":"instock","11":"shipping-taxable","12":"product-type-simple"},"_links":{"self":[{"href":"https:\/\/mountlaser.com\/sq\/wp-json\/wp\/v2\/product\/3055","targetHints":{"allow":["GET"]}}],"collection":[{"href":"https:\/\/mountlaser.com\/sq\/wp-json\/wp\/v2\/product"}],"about":[{"href":"https:\/\/mountlaser.com\/sq\/wp-json\/wp\/v2\/types\/product"}],"replies":[{"embeddable":true,"href":"https:\/\/mountlaser.com\/sq\/wp-json\/wp\/v2\/comments?post=3055"}],"wp:featuredmedia":[{"embeddable":true,"href":"https:\/\/mountlaser.com\/sq\/wp-json\/wp\/v2\/media\/3057"}],"wp:attachment":[{"href":"https:\/\/mountlaser.com\/sq\/wp-json\/wp\/v2\/media?parent=3055"}],"wp:term":[{"taxonomy":"product_brand","embeddable":true,"href":"https:\/\/mountlaser.com\/sq\/wp-json\/wp\/v2\/product_brand?post=3055"},{"taxonomy":"product_cat","embeddable":true,"href":"https:\/\/mountlaser.com\/sq\/wp-json\/wp\/v2\/product_cat?post=3055"},{"taxonomy":"product_tag","embeddable":true,"href":"https:\/\/mountlaser.com\/sq\/wp-json\/wp\/v2\/product_tag?post=3055"}],"curies":[{"name":"wp","href":"https:\/\/api.w.org\/{rel}","templated":true}]}}