{"id":3042,"date":"2025-10-31T05:17:25","date_gmt":"2025-10-31T05:17:25","guid":{"rendered":"https:\/\/mountlaser.com\/?post_type=product&#038;p=3042"},"modified":"2025-11-28T04:49:09","modified_gmt":"2025-11-28T04:49:09","slug":"rt-reflective-target","status":"publish","type":"product","link":"https:\/\/mountlaser.com\/sq\/produkt\/rt-reflective-target\/","title":{"rendered":"Sh\u00ebnjest\u00ebr reflektuese RT101"},"content":{"rendered":"<p>Sh\u00ebnjestra reflektuese RT101 RT \u2013 Preciziteti takon q\u00ebndrueshm\u00ebrin\u00eb<\/p>\n<p>RT101 <a href=\"https:\/\/mountlaser.com\/sq\/\"><strong>Seria e Targeteve Reflektuese RT<\/strong><\/a> nga Mount Laser \u00ebsht\u00eb projektuar p\u00ebr profesionist\u00ebt q\u00eb k\u00ebrkojn\u00eb sakt\u00ebsi, stabilitet dhe besueshm\u00ebri n\u00eb drejtimin dhe matjen me lazer. Nd\u00ebrtuar me cil\u00ebsi t\u00eb lart\u00eb. <a href=\"https:\/\/mountlaser.com\/sq\/products\/\"><strong>Objektiv reflektues 3M<\/strong><\/a> Me material dhe nj\u00eb trup najloni me rezistenc\u00eb t\u00eb lart\u00eb, RT101 ofron reflektivitet t\u00eb jasht\u00ebzakonsh\u00ebm dhe performanc\u00eb afatgjat\u00eb n\u00eb terren.<\/p>\n<p>Seria p\u00ebrfshin tre modele t\u00eb p\u00ebrshtatura p\u00ebr nevoja t\u00eb ndryshme pune:<\/p>\n<p>RT101S \u2013 Dizajn me nj\u00eb an\u00eb, zon\u00eb reflektuese 30\u00d730 mm, kompakt dhe i leht\u00eb.<\/p>\n<p>RT101D \u2013 Model me dy an\u00eb p\u00ebr fleksibilitet t\u00eb zgjeruar dhe gam\u00eb m\u00eb t\u00eb gjer\u00eb reflektuese.<\/p>\n<p>RT101SD \u2013 Konfigurim me dy an\u00eb me struktur\u00eb t\u00eb p\u00ebrmir\u00ebsuar p\u00ebr q\u00ebndrueshm\u00ebri dhe precizion superior.<\/p>\n<p>\u00c7do sh\u00ebnjest\u00ebr reflektuese RT ka nj\u00eb madh\u00ebsi kryesore t\u00eb trupit prej 100\u00d735\u00d730 mm, duke siguruar nj\u00eb struktur\u00eb t\u00eb fort\u00eb, rezistente ndaj goditjeve q\u00eb i reziston mjediseve t\u00eb ashpra. Materiali i sh\u00ebnjestr\u00ebs reflektuese 3M siguron dukshm\u00ebri t\u00eb lart\u00eb dhe kthim t\u00eb sakt\u00eb t\u00eb sinjalit lazer edhe n\u00eb distanca t\u00eb gjata, duke e b\u00ebr\u00eb at\u00eb ideal p\u00ebr nd\u00ebrtim, matje dhe aplikime kalibrimi industrial.<\/p>\n<p><img fetchpriority=\"high\" decoding=\"async\" class=\"aligncenter wp-image-3050\" src=\"https:\/\/mountlaser.com\/wp-content\/uploads\/2025\/10\/1-2RT1017.webp\" alt=\"RT101S Laser reflective target\" width=\"500\" height=\"500\" srcset=\"https:\/\/mountlaser.com\/wp-content\/uploads\/2025\/10\/1-2RT1017.webp 1000w, https:\/\/mountlaser.com\/wp-content\/uploads\/2025\/10\/1-2RT1017-300x300.webp 300w, https:\/\/mountlaser.com\/wp-content\/uploads\/2025\/10\/1-2RT1017-400x400.webp 400w, https:\/\/mountlaser.com\/wp-content\/uploads\/2025\/10\/1-2RT1017-800x800.webp 800w, https:\/\/mountlaser.com\/wp-content\/uploads\/2025\/10\/1-2RT1017-600x600.webp 600w, https:\/\/mountlaser.com\/wp-content\/uploads\/2025\/10\/1-2RT1017-150x150.webp 150w, https:\/\/mountlaser.com\/wp-content\/uploads\/2025\/10\/1-2RT1017-768x768.webp 768w, https:\/\/mountlaser.com\/wp-content\/uploads\/2025\/10\/1-2RT1017-12x12.webp 12w\" sizes=\"(max-width: 500px) 100vw, 500px\" \/>Mount Laser&#039;s<a href=\"https:\/\/mountlaser.com\/sq\/contact-us\/\"> Sh\u00ebnjestra reflektuese RT101 RT<\/a> kombinon teknologjin\u00eb reflektuese t\u00eb sh\u00ebnjestr\u00ebs 3M me konstruksion t\u00eb fort\u00eb prej najloni p\u00ebr t\u00eb siguruar reflektim t\u00eb q\u00ebndruesh\u00ebm dhe me dukshm\u00ebri t\u00eb lart\u00eb p\u00ebr detyra profesionale matjeje. Nj\u00eb zgjidhje perfekte p\u00ebr inxhinier\u00ebt dhe gjeodet\u00ebt q\u00eb k\u00ebrkojn\u00eb sakt\u00ebsi t\u00eb besueshme dhe q\u00ebndrueshm\u00ebri afatgjat\u00eb.<\/p>","protected":false},"excerpt":{"rendered":"<ul>\n<li>Material i v\u00ebrtet\u00eb reflektues i sh\u00ebnjestr\u00ebs 3M p\u00ebr reflektim t\u00eb q\u00ebndruesh\u00ebm t\u00eb lazerit<\/li>\n<li>I disponuesh\u00ebm n\u00eb modele me nj\u00eb ose dy an\u00eb (RT101S, RT101D, RT101SD)<\/li>\n<li>Trup najloni me rezistenc\u00eb t\u00eb lart\u00eb p\u00ebr q\u00ebndrueshm\u00ebri t\u00eb shk\u00eblqyer<\/li>\n<li>Performanc\u00eb e besueshme n\u00eb kushte t\u00eb ndryshme matjeje<\/li>\n<\/ul>","protected":false},"featured_media":3046,"comment_status":"open","ping_status":"closed","template":"","meta":[],"product_brand":[],"product_cat":[72,104],"product_tag":[],"class_list":{"0":"post-3042","1":"product","2":"type-product","3":"status-publish","4":"has-post-thumbnail","6":"product_cat-reflective-target-prism","7":"product_cat-reflective-target","9":"first","10":"instock","11":"shipping-taxable","12":"product-type-simple"},"_links":{"self":[{"href":"https:\/\/mountlaser.com\/sq\/wp-json\/wp\/v2\/product\/3042","targetHints":{"allow":["GET"]}}],"collection":[{"href":"https:\/\/mountlaser.com\/sq\/wp-json\/wp\/v2\/product"}],"about":[{"href":"https:\/\/mountlaser.com\/sq\/wp-json\/wp\/v2\/types\/product"}],"replies":[{"embeddable":true,"href":"https:\/\/mountlaser.com\/sq\/wp-json\/wp\/v2\/comments?post=3042"}],"wp:featuredmedia":[{"embeddable":true,"href":"https:\/\/mountlaser.com\/sq\/wp-json\/wp\/v2\/media\/3046"}],"wp:attachment":[{"href":"https:\/\/mountlaser.com\/sq\/wp-json\/wp\/v2\/media?parent=3042"}],"wp:term":[{"taxonomy":"product_brand","embeddable":true,"href":"https:\/\/mountlaser.com\/sq\/wp-json\/wp\/v2\/product_brand?post=3042"},{"taxonomy":"product_cat","embeddable":true,"href":"https:\/\/mountlaser.com\/sq\/wp-json\/wp\/v2\/product_cat?post=3042"},{"taxonomy":"product_tag","embeddable":true,"href":"https:\/\/mountlaser.com\/sq\/wp-json\/wp\/v2\/product_tag?post=3042"}],"curies":[{"name":"wp","href":"https:\/\/api.w.org\/{rel}","templated":true}]}}