{"id":3038,"date":"2025-10-31T01:59:59","date_gmt":"2025-10-31T01:59:59","guid":{"rendered":"https:\/\/mountlaser.com\/?post_type=product&#038;p=3038"},"modified":"2025-11-28T04:51:00","modified_gmt":"2025-11-28T04:51:00","slug":"rt010m-reflective-sheet","status":"publish","type":"product","link":"https:\/\/mountlaser.com\/sq\/produkt\/rt010m-reflective-sheet\/","title":{"rendered":"Flet\u00eb reflektuese RT010M"},"content":{"rendered":"<p>Flet\u00eb reflektuese me dukshm\u00ebri t\u00eb lart\u00eb RT010M \u2013 Synim preciz p\u00ebr matje profesionale<\/p>\n<p>RT010M <a href=\"https:\/\/mountlaser.com\/sq\/\"><strong>Flet\u00eb reflektuese<\/strong><\/a> nga Mount Laser \u00ebsht\u00eb projektuar p\u00ebr t\u00eb ofruar performanc\u00eb dhe sakt\u00ebsi t\u00eb jasht\u00ebzakonshme reflektimi p\u00ebr sistemet lazer dhe t\u00eb matjeve. Duke p\u00ebrdorur autentike <a href=\"https:\/\/mountlaser.com\/sq\/products\/\"><strong>Flet\u00eb reflektuese 3M<\/strong><\/a> material, ky produkt siguron shikueshm\u00ebri t\u00eb q\u00ebndrueshme edhe n\u00eb distanca t\u00eb gjata ose n\u00eb kushte t\u00eb ndri\u00e7imit t\u00eb dob\u00ebt.<\/p>\n<p>Kjo flet\u00eb reflektuese me dukshm\u00ebri t\u00eb lart\u00eb p\u00ebrmban nj\u00eb madh\u00ebsi kompakte t\u00eb objektivit 10\u00d710 mm dhe nj\u00eb dizajn t\u00eb fort\u00eb magnetik, duke e lejuar at\u00eb t\u00eb ngjitet fort n\u00eb sip\u00ebrfaqet metalike p\u00ebr rezultate t\u00eb q\u00ebndrueshme matjeje. Me opsione t\u00eb shumta madh\u00ebsie n\u00eb dispozicion (20\/30\/40\/50\/60\/80\/100\/150 mm), ajo i p\u00ebrshtatet instrumenteve t\u00eb ndryshme t\u00eb matjes dhe shtrirjes me lazer.<\/p>\n<p><img fetchpriority=\"high\" decoding=\"async\" class=\"aligncenter wp-image-3039\" src=\"https:\/\/mountlaser.com\/wp-content\/uploads\/2025\/10\/05.webp\" alt=\"High Visibility Reflective Sheet\" width=\"500\" height=\"500\" srcset=\"https:\/\/mountlaser.com\/wp-content\/uploads\/2025\/10\/05.webp 1000w, https:\/\/mountlaser.com\/wp-content\/uploads\/2025\/10\/05-300x300.webp 300w, https:\/\/mountlaser.com\/wp-content\/uploads\/2025\/10\/05-400x400.webp 400w, https:\/\/mountlaser.com\/wp-content\/uploads\/2025\/10\/05-800x800.webp 800w, https:\/\/mountlaser.com\/wp-content\/uploads\/2025\/10\/05-600x600.webp 600w, https:\/\/mountlaser.com\/wp-content\/uploads\/2025\/10\/05-150x150.webp 150w, https:\/\/mountlaser.com\/wp-content\/uploads\/2025\/10\/05-768x768.webp 768w, https:\/\/mountlaser.com\/wp-content\/uploads\/2025\/10\/05-12x12.webp 12w\" sizes=\"(max-width: 500px) 100vw, 500px\" \/><\/p>\n<p>Me ngjyr\u00eb gri <a href=\"https:\/\/mountlaser.com\/sq\/contact-us\/\">Flet\u00eb reflektuese 3M<\/a> Sip\u00ebrfaqja siguron kthim t\u00eb shk\u00eblqyer t\u00eb drit\u00ebs, duke p\u00ebrmir\u00ebsuar forc\u00ebn e sinjalit dhe besueshm\u00ebrin\u00eb e matjes. Pavar\u00ebsisht n\u00ebse p\u00ebrdoret n\u00eb nd\u00ebrtim, shtrirje industriale apo kalibrim t\u00eb pajisjeve, Fleta Reflektuese me Dukshm\u00ebri t\u00eb Lart\u00eb ofron sakt\u00ebsi profesionale dhe q\u00ebndrueshm\u00ebri afatgjat\u00eb.<\/p>","protected":false},"excerpt":{"rendered":"<ul>\n<li>Lidhje magnetike p\u00ebr instalim t\u00eb leht\u00eb dhe fiksim t\u00eb sigurt<\/li>\n<li>Opsione t\u00eb shum\u00ebfishta madh\u00ebsish p\u00ebr aplikime t\u00eb gjithanshme<\/li>\n<li>Reflektim i besuesh\u00ebm p\u00ebr matjet me lazer si n\u00eb rreze t\u00eb shkurt\u00ebr ashtu edhe n\u00eb t\u00eb gjat\u00eb<\/li>\n<\/ul>","protected":false},"featured_media":3039,"comment_status":"open","ping_status":"closed","template":"","meta":[],"product_brand":[],"product_cat":[72,104],"product_tag":[],"class_list":{"0":"post-3038","1":"product","2":"type-product","3":"status-publish","4":"has-post-thumbnail","6":"product_cat-reflective-target-prism","7":"product_cat-reflective-target","9":"first","10":"instock","11":"shipping-taxable","12":"product-type-simple"},"_links":{"self":[{"href":"https:\/\/mountlaser.com\/sq\/wp-json\/wp\/v2\/product\/3038","targetHints":{"allow":["GET"]}}],"collection":[{"href":"https:\/\/mountlaser.com\/sq\/wp-json\/wp\/v2\/product"}],"about":[{"href":"https:\/\/mountlaser.com\/sq\/wp-json\/wp\/v2\/types\/product"}],"replies":[{"embeddable":true,"href":"https:\/\/mountlaser.com\/sq\/wp-json\/wp\/v2\/comments?post=3038"}],"wp:featuredmedia":[{"embeddable":true,"href":"https:\/\/mountlaser.com\/sq\/wp-json\/wp\/v2\/media\/3039"}],"wp:attachment":[{"href":"https:\/\/mountlaser.com\/sq\/wp-json\/wp\/v2\/media?parent=3038"}],"wp:term":[{"taxonomy":"product_brand","embeddable":true,"href":"https:\/\/mountlaser.com\/sq\/wp-json\/wp\/v2\/product_brand?post=3038"},{"taxonomy":"product_cat","embeddable":true,"href":"https:\/\/mountlaser.com\/sq\/wp-json\/wp\/v2\/product_cat?post=3038"},{"taxonomy":"product_tag","embeddable":true,"href":"https:\/\/mountlaser.com\/sq\/wp-json\/wp\/v2\/product_tag?post=3038"}],"curies":[{"name":"wp","href":"https:\/\/api.w.org\/{rel}","templated":true}]}}