{"id":3032,"date":"2025-10-30T09:13:49","date_gmt":"2025-10-30T09:13:49","guid":{"rendered":"https:\/\/mountlaser.com\/?post_type=product&#038;p=3032"},"modified":"2025-11-28T04:52:13","modified_gmt":"2025-11-28T04:52:13","slug":"rt010-reflective-sheet","status":"publish","type":"product","link":"https:\/\/mountlaser.com\/sq\/produkt\/rt010-reflective-sheet\/","title":{"rendered":"Flet\u00eb reflektuese RT010"},"content":{"rendered":"<p>Sigurohuni q\u00eb objektivat tuaja t\u00eb matjes t\u00eb shihen me qart\u00ebsi dhe sakt\u00ebsi maksimale me MountLaser <a href=\"https:\/\/mountlaser.com\/sq\/\"><strong>Flet\u00eb reflektuese RT010<\/strong><\/a>. I projektuar p\u00ebr profesionist\u00eb q\u00eb k\u00ebrkojn\u00eb dukshm\u00ebri t\u00eb pakompromis, kjo flet\u00eb me performanc\u00eb t\u00eb lart\u00eb p\u00ebrdor materiale origjinale <a href=\"https:\/\/mountlaser.com\/sq\/products\/\"><strong>Flet\u00eb reflektuese 3M<\/strong><\/a> material, lider n\u00eb industri n\u00eb teknologjin\u00eb retroreflektive. E disponueshme si n\u00eb t\u00eb verdh\u00eb me dukshm\u00ebri t\u00eb lart\u00eb ashtu edhe n\u00eb t\u00eb bardh\u00eb standarde, Fleta Reflektuese RT010 ofron kthim t\u00eb jasht\u00ebzakonsh\u00ebm t\u00eb sinjalit p\u00ebr nj\u00eb gam\u00eb t\u00eb gjer\u00eb instrumentesh mat\u00ebse elektronike, duke e b\u00ebr\u00eb at\u00eb nj\u00eb Flet\u00eb Reflektuese me Dukshm\u00ebri t\u00eb Lart\u00eb thelb\u00ebsore p\u00ebr t\u00eb gjith\u00eb pun\u00ebn tuaj n\u00eb terren.<\/p>\n<p><img fetchpriority=\"high\" decoding=\"async\" class=\"aligncenter wp-image-3035\" src=\"https:\/\/mountlaser.com\/wp-content\/uploads\/2025\/10\/03.webp\" alt=\"3m reflective sheet\" width=\"500\" height=\"500\" srcset=\"https:\/\/mountlaser.com\/wp-content\/uploads\/2025\/10\/03.webp 1000w, https:\/\/mountlaser.com\/wp-content\/uploads\/2025\/10\/03-300x300.webp 300w, https:\/\/mountlaser.com\/wp-content\/uploads\/2025\/10\/03-400x400.webp 400w, https:\/\/mountlaser.com\/wp-content\/uploads\/2025\/10\/03-800x800.webp 800w, https:\/\/mountlaser.com\/wp-content\/uploads\/2025\/10\/03-600x600.webp 600w, https:\/\/mountlaser.com\/wp-content\/uploads\/2025\/10\/03-150x150.webp 150w, https:\/\/mountlaser.com\/wp-content\/uploads\/2025\/10\/03-768x768.webp 768w, https:\/\/mountlaser.com\/wp-content\/uploads\/2025\/10\/03-12x12.webp 12w\" sizes=\"(max-width: 500px) 100vw, 500px\" \/><\/p>\n<p>Thelbi i performanc\u00ebs s\u00eb k\u00ebtij produkti \u00ebsht\u00eb cil\u00ebsia e tij premium. <a href=\"https:\/\/mountlaser.com\/sq\/contact-us\/\">Flet\u00eb reflektuese 3M<\/a> shtres\u00eb, e cila ofron shk\u00eblqim intensiv dhe zbulim me rreze t\u00eb gjat\u00eb, madje edhe n\u00eb kushte me drit\u00eb t\u00eb ul\u00ebt. Kjo siguron q\u00eb prizmat dhe objektivat tuaj t\u00eb kapen leht\u00ebsisht nga stacionet totale dhe skaner\u00ebt lazer, duke rritur efikasitetin dhe sakt\u00ebsin\u00eb n\u00eb vendin e pun\u00ebs. Si nj\u00eb flet\u00eb reflektuese me dukshm\u00ebri t\u00eb lart\u00eb dhe shum\u00ebfunksionale, RT010 furnizohet me nj\u00eb mb\u00ebshtet\u00ebse ngjit\u00ebse t\u00eb fort\u00eb, duke lejuar ngjitje t\u00eb shpejt\u00eb dhe t\u00eb p\u00ebrhershme n\u00eb sip\u00ebrfaqe t\u00eb ndryshme t\u00eb pastra dhe t\u00eb thata. Nd\u00ebrsa madh\u00ebsia standarde e objektivit \u00ebsht\u00eb 10*10 mm, ne ofrojm\u00eb fleksibilitet t\u00eb pakrahasuesh\u00ebm me nj\u00eb gam\u00eb t\u00eb gjer\u00eb madh\u00ebsish opsionale 20\/30\/40\/50\/60\/80\/100\/150 mm, duke siguruar q\u00eb t\u00eb keni flet\u00ebn reflektuese perfekte 3M p\u00ebr \u00e7do k\u00ebrkes\u00eb specifike aplikimi.<\/p>","protected":false},"excerpt":{"rendered":"<ul>\n<li>Ofron shk\u00eblqim intensiv dhe shikueshm\u00ebri superiore n\u00eb distanc\u00eb t\u00eb gjat\u00eb p\u00ebr instrumentet e matjes.<\/li>\n<li>N\u00eb dispozicion n\u00eb t\u00eb verdh\u00eb me dukshm\u00ebri t\u00eb lart\u00eb dhe t\u00eb bardh\u00eb standarde p\u00ebr nevoja dhe sfonde t\u00eb ndryshme aplikimi.<\/li>\n<li>Efikasitet i P\u00ebrmir\u00ebsuar i Matjes: P\u00ebrmir\u00ebson shpejt\u00ebsin\u00eb dhe sakt\u00ebsin\u00eb e ky\u00e7jes s\u00eb instrumenteve, duke zvog\u00ebluar koh\u00ebn e shpenzuar p\u00ebr p\u00ebrvet\u00ebsimin e objektivit.<\/li>\n<\/ul>","protected":false},"featured_media":3033,"comment_status":"open","ping_status":"closed","template":"","meta":[],"product_brand":[],"product_cat":[72,104],"product_tag":[],"class_list":{"0":"post-3032","1":"product","2":"type-product","3":"status-publish","4":"has-post-thumbnail","6":"product_cat-reflective-target-prism","7":"product_cat-reflective-target","9":"first","10":"instock","11":"shipping-taxable","12":"product-type-simple"},"_links":{"self":[{"href":"https:\/\/mountlaser.com\/sq\/wp-json\/wp\/v2\/product\/3032","targetHints":{"allow":["GET"]}}],"collection":[{"href":"https:\/\/mountlaser.com\/sq\/wp-json\/wp\/v2\/product"}],"about":[{"href":"https:\/\/mountlaser.com\/sq\/wp-json\/wp\/v2\/types\/product"}],"replies":[{"embeddable":true,"href":"https:\/\/mountlaser.com\/sq\/wp-json\/wp\/v2\/comments?post=3032"}],"wp:featuredmedia":[{"embeddable":true,"href":"https:\/\/mountlaser.com\/sq\/wp-json\/wp\/v2\/media\/3033"}],"wp:attachment":[{"href":"https:\/\/mountlaser.com\/sq\/wp-json\/wp\/v2\/media?parent=3032"}],"wp:term":[{"taxonomy":"product_brand","embeddable":true,"href":"https:\/\/mountlaser.com\/sq\/wp-json\/wp\/v2\/product_brand?post=3032"},{"taxonomy":"product_cat","embeddable":true,"href":"https:\/\/mountlaser.com\/sq\/wp-json\/wp\/v2\/product_cat?post=3032"},{"taxonomy":"product_tag","embeddable":true,"href":"https:\/\/mountlaser.com\/sq\/wp-json\/wp\/v2\/product_tag?post=3032"}],"curies":[{"name":"wp","href":"https:\/\/api.w.org\/{rel}","templated":true}]}}