{"id":3031,"date":"2025-10-30T08:41:56","date_gmt":"2025-10-30T08:41:56","guid":{"rendered":"https:\/\/mountlaser.com\/?post_type=product&#038;p=3031"},"modified":"2025-11-28T04:53:35","modified_gmt":"2025-11-28T04:53:35","slug":"n22002-heavy-duty-carbon-fiber-tripod","status":"publish","type":"product","link":"https:\/\/mountlaser.com\/sq\/produkt\/n22002-heavy-duty-carbon-fiber-tripod\/","title":{"rendered":"Tripod N22002 me fibra karboni p\u00ebr pun\u00eb t\u00eb r\u00ebnd\u00eb"},"content":{"rendered":"<p>Rritni sakt\u00ebsin\u00eb e matjeve tuaja me MountLaser <a href=\"https:\/\/mountlaser.com\/sq\/\"><strong>Tripod N22002 me fibra karboni p\u00ebr pun\u00eb t\u00eb r\u00ebnd\u00eb<\/strong><\/a>, zgjedhja p\u00ebrfundimtare p\u00ebr profesionist\u00ebt q\u00eb refuzojn\u00eb t\u00eb b\u00ebjn\u00eb kompromis midis stabilitetit dhe transportueshm\u00ebris\u00eb. Ky nuk \u00ebsht\u00eb thjesht nj\u00eb tjet\u00ebr trek\u00ebmb\u00ebsh; Trek\u00ebmb\u00ebshi N22002 prej fibre karboni p\u00ebr pun\u00eb t\u00eb r\u00ebnd\u00eb \u00ebsht\u00eb nj\u00eb platform\u00eb e nivelit t\u00eb lart\u00eb p\u00ebr matje, e projektuar p\u00ebr vendet m\u00eb t\u00eb k\u00ebrkuara t\u00eb pun\u00ebs.<\/p>\n<p>N\u00eb thelb t\u00eb dizajnit t\u00eb tij \u00ebsht\u00eb sistemi i fuqish\u00ebm i tripodit me fibra karboni me dy kap\u00ebse t\u00eb forta p\u00ebr pun\u00eb t\u00eb r\u00ebnda. Kjo ve\u00e7ori inovative kombinon nj\u00eb kap\u00ebse t\u00eb madhe t\u00eb shpejt\u00eb prej alumini p\u00ebr rregullime t\u00eb shpejta me nj\u00eb vid\u00eb krahu prej bronzi precize p\u00ebr akordim t\u00eb im\u00ebt dhe fiksim p\u00ebrfundimtar, duke siguruar stabilitet t\u00eb pakrahasuesh\u00ebm dhe jet\u00ebgjat\u00ebsi t\u00eb gjat\u00eb sh\u00ebrbimi. I shoq\u00ebruar me k\u00ebmb\u00eb prej fibrash karboni me rezistenc\u00eb t\u00eb lart\u00eb, kjo <a href=\"https:\/\/mountlaser.com\/sq\/about-us\/\"><strong>Tripod me kok\u00eb t\u00eb rrumbullak\u00ebt me fibra karboni p\u00ebr pun\u00eb t\u00eb r\u00ebnd\u00eb, p\u00ebr pun\u00eb t\u00eb r\u00ebnd\u00eb<\/strong><\/a> Arrin forc\u00eb t\u00eb jasht\u00ebzakonshme duke e mbajtur pesh\u00ebn n\u00eb minimumin absolut, duke e b\u00ebr\u00eb at\u00eb partnerin tuaj ideal p\u00ebr or\u00eb t\u00eb gjata n\u00eb fush\u00eb.<img fetchpriority=\"high\" decoding=\"async\" class=\"aligncenter wp-image-3024\" src=\"https:\/\/mountlaser.com\/wp-content\/uploads\/2025\/10\/N220022.webp\" alt=\"Heavy Duty Carbon Fiber Round Head Tripod\" width=\"500\" height=\"500\" srcset=\"https:\/\/mountlaser.com\/wp-content\/uploads\/2025\/10\/N220022.webp 1000w, https:\/\/mountlaser.com\/wp-content\/uploads\/2025\/10\/N220022-300x300.webp 300w, https:\/\/mountlaser.com\/wp-content\/uploads\/2025\/10\/N220022-400x400.webp 400w, https:\/\/mountlaser.com\/wp-content\/uploads\/2025\/10\/N220022-800x800.webp 800w, https:\/\/mountlaser.com\/wp-content\/uploads\/2025\/10\/N220022-600x600.webp 600w, https:\/\/mountlaser.com\/wp-content\/uploads\/2025\/10\/N220022-150x150.webp 150w, https:\/\/mountlaser.com\/wp-content\/uploads\/2025\/10\/N220022-768x768.webp 768w, https:\/\/mountlaser.com\/wp-content\/uploads\/2025\/10\/N220022-12x12.webp 12w\" sizes=\"(max-width: 500px) 100vw, 500px\" \/><\/p>\n<p>Shum\u00ebllojshm\u00ebria e k\u00ebsaj <a href=\"https:\/\/mountlaser.com\/sq\/contact-us\/\">Tripod me kok\u00eb t\u00eb rrumbullak\u00ebt me fibra karboni p\u00ebr pun\u00eb t\u00eb r\u00ebnd\u00eb, p\u00ebr pun\u00eb t\u00eb r\u00ebnd\u00eb<\/a> \u00ebsht\u00eb e garantuar nga thumba e saj standarde prej bronzi me fileto 5\/8\u2033-11, duke ofruar nj\u00eb p\u00ebrshtatje t\u00eb p\u00ebrsosur dhe t\u00eb sigurt p\u00ebr \u00e7do instrument mat\u00ebs q\u00eb p\u00ebrdorni. \u00c7do detaj \u00ebsht\u00eb nd\u00ebrtuar p\u00ebr t\u00eb zgjatur, nga vidat lidh\u00ebse prej \u00e7eliku inox deri te sistemi kritik i mbajtjes s\u00eb k\u00ebmb\u00ebve q\u00eb parandalon goditjen aksidentale n\u00eb sip\u00ebrfaqe t\u00eb l\u00ebmuara. P\u00ebr siguri dhe komoditet t\u00eb shtuar, p\u00ebrfshin nj\u00eb rrip shpatullash me nj\u00eb shirit reflektues dhe nj\u00eb jast\u00ebk. Nj\u00eb qese e ve\u00e7ant\u00eb prej najloni 1200D (SC85013) \u00ebsht\u00eb n\u00eb dispozicion p\u00ebr mbrojtje maksimale gjat\u00eb transportit.<\/p>\n<p>Specifikimet e Tripodit me Fib\u00ebr Karboni p\u00ebr Pun\u00eb t\u00eb Forta<\/p>\n<table style=\"border-collapse: collapse; width: 548.27pt;\" border=\"0\" width=\"731\" cellspacing=\"0\" cellpadding=\"0\">\n<tbody>\n<tr style=\"height: 14.25pt;\">\n<td class=\"et2\" style=\"height: 14.25pt; width: 54.00pt;\" width=\"72\" height=\"19\">NUM\u00cbR<\/td>\n<td class=\"et2\" style=\"width: 82.50pt;\" width=\"110\">LLOJI I KY\u00c7JES<\/td>\n<td class=\"et2\" style=\"width: 87.75pt;\" width=\"117\">K\u00cbMB\u00cbT<\/td>\n<td class=\"et2\" style=\"width: 93.75pt;\" width=\"125\">PESHAT<\/td>\n<td class=\"et2\" style=\"width: 87.00pt;\" width=\"116\">ZGJATJE<\/td>\n<td class=\"et2\" style=\"width: 89.25pt;\" width=\"119\">KOK\u00cb<\/td>\n<td class=\"et2\" style=\"width: 54.00pt;\" width=\"72\">PAJISJE<\/td>\n<\/tr>\n<tr style=\"height: 14.25pt;\">\n<td class=\"et2\" style=\"height: 14.25pt;\" height=\"19\">N22002<\/td>\n<td class=\"et2\">Kap\u00ebse e dyfisht\u00eb<\/td>\n<td class=\"et2\">Fib\u00ebr karboni<\/td>\n<td class=\"et2\">6.35KG<\/td>\n<td class=\"et2\">179 cm<\/td>\n<td class=\"et2\">Rrumbullak\u00ebt<\/td>\n<td class=\"et2\">Portokalli e ndezur<\/td>\n<\/tr>\n<\/tbody>\n<\/table>","protected":false},"excerpt":{"rendered":"<ul>\n<li>Sistemi i dyfisht\u00eb i kap\u00ebses: P\u00ebrmban nj\u00eb kap\u00ebse t\u00eb shpejt\u00eb t\u00eb madhe alumini dhe nj\u00eb vid\u00eb krahu prej bronzi p\u00ebr stabilitet t\u00eb shtuar dhe jet\u00ebgjat\u00ebsi t\u00eb madhe.<\/li>\n<li>Pajtueshm\u00ebri universale: Thumb standard prej bronzi me fileto 5\/8\u2033-11 i p\u00ebrshtatet \u00e7do instrumenti matjeje.<\/li>\n<li>Siguri e P\u00ebrmir\u00ebsuar: Sistemi i mbajtjes parandalon goditjen e k\u00ebmb\u00ebs dhe r\u00ebniet aksidentale<\/li>\n<\/ul>","protected":false},"featured_media":3025,"comment_status":"open","ping_status":"closed","template":"","meta":[],"product_brand":[],"product_cat":[91,110],"product_tag":[],"class_list":{"0":"post-3031","1":"product","2":"type-product","3":"status-publish","4":"has-post-thumbnail","6":"product_cat-bipod-tripod","7":"product_cat-carbon-fiber-tripod","9":"first","10":"instock","11":"shipping-taxable","12":"product-type-simple"},"_links":{"self":[{"href":"https:\/\/mountlaser.com\/sq\/wp-json\/wp\/v2\/product\/3031","targetHints":{"allow":["GET"]}}],"collection":[{"href":"https:\/\/mountlaser.com\/sq\/wp-json\/wp\/v2\/product"}],"about":[{"href":"https:\/\/mountlaser.com\/sq\/wp-json\/wp\/v2\/types\/product"}],"replies":[{"embeddable":true,"href":"https:\/\/mountlaser.com\/sq\/wp-json\/wp\/v2\/comments?post=3031"}],"wp:featuredmedia":[{"embeddable":true,"href":"https:\/\/mountlaser.com\/sq\/wp-json\/wp\/v2\/media\/3025"}],"wp:attachment":[{"href":"https:\/\/mountlaser.com\/sq\/wp-json\/wp\/v2\/media?parent=3031"}],"wp:term":[{"taxonomy":"product_brand","embeddable":true,"href":"https:\/\/mountlaser.com\/sq\/wp-json\/wp\/v2\/product_brand?post=3031"},{"taxonomy":"product_cat","embeddable":true,"href":"https:\/\/mountlaser.com\/sq\/wp-json\/wp\/v2\/product_cat?post=3031"},{"taxonomy":"product_tag","embeddable":true,"href":"https:\/\/mountlaser.com\/sq\/wp-json\/wp\/v2\/product_tag?post=3031"}],"curies":[{"name":"wp","href":"https:\/\/api.w.org\/{rel}","templated":true}]}}