{"id":3014,"date":"2025-10-29T09:13:37","date_gmt":"2025-10-29T09:13:37","guid":{"rendered":"https:\/\/mountlaser.com\/?post_type=product&#038;p=3014"},"modified":"2025-11-28T04:54:52","modified_gmt":"2025-11-28T04:54:52","slug":"cls33c-carbon-fiber-thumb-release-tripod","status":"publish","type":"product","link":"https:\/\/mountlaser.com\/sq\/produkt\/cls33c-carbon-fiber-thumb-release-tripod\/","title":{"rendered":"Tripod CLS33C me fibra karboni p\u00ebr lirimin e gishtit t\u00eb madh me lirim"},"content":{"rendered":"<p><a href=\"https:\/\/mountlaser.com\/sq\/\"><strong>Tripod CLS33C me fibra karboni p\u00ebr lirimin e gishtit t\u00eb madh me lirim<\/strong><\/a> nga Mount Laser. I projektuar p\u00ebr gjeodetin modern q\u00eb lundron n\u00eb terrene t\u00eb v\u00ebshtira, ky Tripod i p\u00ebrparuar me Fib\u00ebr Karboni me L\u00ebshues t\u00eb Thumb-it rip\u00ebrcakton transportueshm\u00ebrin\u00eb pa b\u00ebr\u00eb kompromis me stabilitetin. \u00cbsht\u00eb zgjidhja p\u00ebrfundimtare mb\u00ebshtet\u00ebse p\u00ebr shtyll\u00ebn tuaj t\u00eb prizmit, duke ofruar nj\u00eb ulje t\u00eb konsiderueshme t\u00eb pesh\u00ebs krahasuar me modelet tradicionale t\u00eb aluminit, duke e b\u00ebr\u00eb m\u00eb t\u00eb leht\u00eb kryerjen e nd\u00ebrrimeve t\u00eb gjata pa sakrifikuar asnj\u00eb grimc\u00eb sakt\u00ebsie.<\/p>\n<p>&nbsp;<\/p>\n<p><img fetchpriority=\"high\" decoding=\"async\" class=\"aligncenter wp-image-3019\" src=\"https:\/\/mountlaser.com\/wp-content\/uploads\/2025\/10\/CLS33C-5.webp\" alt=\"Carbon Fiber Tripod with Thumb Release\" width=\"500\" height=\"500\" srcset=\"https:\/\/mountlaser.com\/wp-content\/uploads\/2025\/10\/CLS33C-5.webp 1000w, https:\/\/mountlaser.com\/wp-content\/uploads\/2025\/10\/CLS33C-5-300x300.webp 300w, https:\/\/mountlaser.com\/wp-content\/uploads\/2025\/10\/CLS33C-5-400x400.webp 400w, https:\/\/mountlaser.com\/wp-content\/uploads\/2025\/10\/CLS33C-5-800x800.webp 800w, https:\/\/mountlaser.com\/wp-content\/uploads\/2025\/10\/CLS33C-5-600x600.webp 600w, https:\/\/mountlaser.com\/wp-content\/uploads\/2025\/10\/CLS33C-5-150x150.webp 150w, https:\/\/mountlaser.com\/wp-content\/uploads\/2025\/10\/CLS33C-5-768x768.webp 768w, https:\/\/mountlaser.com\/wp-content\/uploads\/2025\/10\/CLS33C-5-12x12.webp 12w\" sizes=\"(max-width: 500px) 100vw, 500px\" \/><\/p>\n<p>CLS33C \u00ebsht\u00eb projektuar p\u00ebr p\u00ebrsosm\u00ebri, duke paraqitur nj\u00eb tub t\u00eb brendsh\u00ebm alumini t\u00eb zi t\u00eb l\u00ebmuar t\u00eb fort\u00eb (OD18 mm) t\u00eb \u00e7ift\u00ebzuar me nj\u00eb tub t\u00eb jasht\u00ebm prej fibre karboni me rezistenc\u00eb t\u00eb lart\u00eb (OD25 mm). Ky nd\u00ebrtim inovativ e b\u00ebn at\u00eb jasht\u00ebzakonisht t\u00eb fort\u00eb, por edhe t\u00eb leht\u00eb. <a href=\"https:\/\/mountlaser.com\/sq\/products\/\"><strong>Tripod me fibra karboni me lirim t\u00eb gishtit t\u00eb madh<\/strong><\/a>, duke minimizuar n\u00eb m\u00ebnyr\u00eb efektive dridhjet p\u00ebr lexime m\u00eb t\u00eb sakta. Ai krenohet me nj\u00eb zgjatim t\u00eb plot\u00eb prej 180 cm p\u00ebr t\u00eb p\u00ebrballuar k\u00ebrkesa t\u00eb ndryshme n\u00eb vendin e pun\u00ebs. Mekanizmi i shpejt\u00eb i lirimit t\u00eb gishtit t\u00eb madh siguron vendosje t\u00eb shpejt\u00eb me nj\u00eb dor\u00eb, duke forcuar statusin e tij si nj\u00eb Tripod i nivelit t\u00eb lart\u00eb me Fib\u00ebr Karboni me Lirim t\u00eb Gishtit t\u00eb Madh p\u00ebr pun\u00eb efikase n\u00eb terren. Shkatht\u00ebsis\u00eb s\u00eb tij i shtohen edhe k\u00ebmb\u00ebt e l\u00ebvizshme, t\u00eb cilat ofrojn\u00eb p\u00ebrshtatshm\u00ebri superiore n\u00eb sip\u00ebrfaqe t\u00eb pabarabarta dhe thjeshtojn\u00eb transportin.<\/p>","protected":false},"excerpt":{"rendered":"<ul>\n<li>K\u00ebmb\u00eb gome t\u00eb l\u00ebvizshme: Ofrojn\u00eb stabilitet t\u00eb p\u00ebrmir\u00ebsuar n\u00eb terren t\u00eb pabarabart\u00eb dhe lejojn\u00eb mir\u00ebmbajtje t\u00eb leht\u00eb dhe ruajtje kompakte.<\/li>\n<li>Kit i plot\u00eb portativ: P\u00ebrfshin nj\u00eb \u00e7ant\u00eb t\u00eb but\u00eb mbajt\u00ebse dhe nj\u00eb kuti t\u00eb brendshme p\u00ebr transport t\u00eb p\u00ebrshtatsh\u00ebm dhe t\u00eb mbrojtur.<\/li>\n<\/ul>","protected":false},"featured_media":3016,"comment_status":"open","ping_status":"closed","template":"","meta":[],"product_brand":[],"product_cat":[109,110,91],"product_tag":[],"class_list":{"0":"post-3014","1":"product","2":"type-product","3":"status-publish","4":"has-post-thumbnail","6":"product_cat-thumb-release-tripod-for-pole","7":"product_cat-carbon-fiber-tripod","8":"product_cat-bipod-tripod","10":"first","11":"instock","12":"shipping-taxable","13":"product-type-simple"},"_links":{"self":[{"href":"https:\/\/mountlaser.com\/sq\/wp-json\/wp\/v2\/product\/3014","targetHints":{"allow":["GET"]}}],"collection":[{"href":"https:\/\/mountlaser.com\/sq\/wp-json\/wp\/v2\/product"}],"about":[{"href":"https:\/\/mountlaser.com\/sq\/wp-json\/wp\/v2\/types\/product"}],"replies":[{"embeddable":true,"href":"https:\/\/mountlaser.com\/sq\/wp-json\/wp\/v2\/comments?post=3014"}],"wp:featuredmedia":[{"embeddable":true,"href":"https:\/\/mountlaser.com\/sq\/wp-json\/wp\/v2\/media\/3016"}],"wp:attachment":[{"href":"https:\/\/mountlaser.com\/sq\/wp-json\/wp\/v2\/media?parent=3014"}],"wp:term":[{"taxonomy":"product_brand","embeddable":true,"href":"https:\/\/mountlaser.com\/sq\/wp-json\/wp\/v2\/product_brand?post=3014"},{"taxonomy":"product_cat","embeddable":true,"href":"https:\/\/mountlaser.com\/sq\/wp-json\/wp\/v2\/product_cat?post=3014"},{"taxonomy":"product_tag","embeddable":true,"href":"https:\/\/mountlaser.com\/sq\/wp-json\/wp\/v2\/product_tag?post=3014"}],"curies":[{"name":"wp","href":"https:\/\/api.w.org\/{rel}","templated":true}]}}