{"id":3006,"date":"2025-10-29T08:53:57","date_gmt":"2025-10-29T08:53:57","guid":{"rendered":"https:\/\/mountlaser.com\/?post_type=product&#038;p=3006"},"modified":"2025-11-28T04:56:07","modified_gmt":"2025-11-28T04:56:07","slug":"cls33a-thumb-release-tripod-for-pole","status":"publish","type":"product","link":"https:\/\/mountlaser.com\/sq\/produkt\/cls33a-thumb-release-tripod-for-pole\/","title":{"rendered":"Tripod CLS33A me lirim t\u00eb gishtit t\u00eb madh p\u00ebr shkop"},"content":{"rendered":"<p>Prezantimi i <a href=\"https:\/\/mountlaser.com\/sq\/\"><strong>Tripod CLS33A me lirim t\u00eb gishtit t\u00eb madh p\u00ebr shkop<\/strong><\/a>, i projektuar p\u00ebr topograf\u00eb q\u00eb k\u00ebrkojn\u00eb shpejt\u00ebsi dhe stabilitet t\u00eb pal\u00ebkundur n\u00eb terren. Ky Tripod Mat\u00ebs me Lirim t\u00eb Gishtit t\u00eb Madh, i nivelit profesional, \u00ebsht\u00eb projektuar p\u00ebr t\u00eb p\u00ebrmir\u00ebsuar rrjedh\u00ebn tuaj t\u00eb pun\u00ebs, i disponuesh\u00ebm n\u00eb dy opsione ngjyrash t\u00eb dallueshme dhe me dukshm\u00ebri t\u00eb lart\u00eb: Tripodi me Lirim t\u00eb Gishtit p\u00ebr Shtyll\u00eb CLS33A-RD (i Kuq) dhe Tripodi me Lirim t\u00eb Gishtit p\u00ebr Shtyll\u00eb CLS33A-GN (i Gjelb\u00ebr). Tripodi me Lirim t\u00eb Gishtit p\u00ebr Shtyll\u00eb CLS33A p\u00ebrfaq\u00ebson evolucionin e ardhsh\u00ebm n\u00eb sistemet mb\u00ebshtet\u00ebse portative, duke ofruar nj\u00eb ekuilib\u00ebr t\u00eb p\u00ebrsosur midis nd\u00ebrtimit t\u00eb fort\u00eb dhe inovacionit t\u00eb p\u00ebrqendruar te p\u00ebrdoruesi.<\/p>\n<p><img fetchpriority=\"high\" decoding=\"async\" class=\"aligncenter wp-image-3010\" src=\"https:\/\/mountlaser.com\/wp-content\/uploads\/2025\/10\/\u7eff\u8272-CLS33A-2.webp\" alt=\"Thumb Release Surveying Tripod\" width=\"500\" height=\"500\" srcset=\"https:\/\/mountlaser.com\/wp-content\/uploads\/2025\/10\/\u7eff\u8272-CLS33A-2.webp 1000w, https:\/\/mountlaser.com\/wp-content\/uploads\/2025\/10\/\u7eff\u8272-CLS33A-2-300x300.webp 300w, https:\/\/mountlaser.com\/wp-content\/uploads\/2025\/10\/\u7eff\u8272-CLS33A-2-400x400.webp 400w, https:\/\/mountlaser.com\/wp-content\/uploads\/2025\/10\/\u7eff\u8272-CLS33A-2-800x800.webp 800w, https:\/\/mountlaser.com\/wp-content\/uploads\/2025\/10\/\u7eff\u8272-CLS33A-2-600x600.webp 600w, https:\/\/mountlaser.com\/wp-content\/uploads\/2025\/10\/\u7eff\u8272-CLS33A-2-150x150.webp 150w, https:\/\/mountlaser.com\/wp-content\/uploads\/2025\/10\/\u7eff\u8272-CLS33A-2-768x768.webp 768w, https:\/\/mountlaser.com\/wp-content\/uploads\/2025\/10\/\u7eff\u8272-CLS33A-2-12x12.webp 12w\" sizes=\"(max-width: 500px) 100vw, 500px\" \/><\/p>\n<p>I krijuar p\u00ebr q\u00ebndrueshm\u00ebri, CLS33A ka nj\u00eb tub t\u00eb brendsh\u00ebm alumini t\u00eb zi t\u00eb l\u00ebmuar (OD18 mm) dhe nj\u00eb tub t\u00eb jasht\u00ebm alumini m\u00eb t\u00eb trash\u00eb dhe me ngjyr\u00eb (OD25 mm). Ky Tripod i fort\u00eb p\u00ebr Matjen me Lirim t\u00eb Gishtit t\u00eb Madh ofron nj\u00eb zgjatje t\u00eb plot\u00eb prej 180 cm, duke ju dh\u00ebn\u00eb lart\u00ebsin\u00eb e nevojshme p\u00ebr t\u00eb kap\u00ebrcyer terrenin sfidues. Karakteristika p\u00ebrcaktuese \u00ebsht\u00eb mekanizmi i tij i shpejt\u00eb i lirimit t\u00eb gishtit t\u00eb madh, i cili lejon rregullime t\u00eb shpejta me nj\u00eb dor\u00eb, duke forcuar rolin e tij si nj\u00eb element thelb\u00ebsor. <a href=\"https:\/\/mountlaser.com\/sq\/about-us\/\"><strong>Tripod me lirim gishti t\u00eb madh p\u00ebr matje<\/strong><\/a> p\u00ebr \u00e7do vend pune me rit\u00ebm t\u00eb shpejt\u00eb. Nj\u00eb avantazh kryesor \u00ebsht\u00eb dizajni i k\u00ebmb\u00ebs s\u00eb l\u00ebvizshme, duke siguruar p\u00ebrshtatshm\u00ebri t\u00eb p\u00ebrmir\u00ebsuar n\u00eb sip\u00ebrfaqe t\u00eb pabarabarta dhe duke thjeshtuar mir\u00ebmbajtjen dhe transportin. I kompletuar me nj\u00eb kuti t\u00eb but\u00eb dhe nj\u00eb kuti t\u00eb brendshme, ky trek\u00ebmb\u00ebsh \u00ebsht\u00eb partneri juaj i preferuar p\u00ebr matje efikase dhe t\u00eb sakta.<\/p>","protected":false},"excerpt":{"rendered":"<ul>\n<li>Ofron nj\u00eb gam\u00eb t\u00eb jasht\u00ebzakonshme lart\u00ebsie p\u00ebr t&#039;u p\u00ebrshtatur me nevojat e ndryshme t\u00eb matjeve dhe mjediset sfiduese.<\/li>\n<li>Ofron p\u00ebrshtatshm\u00ebri superiore n\u00eb terren t\u00eb pabarabart\u00eb dhe lejon pastrim ose z\u00ebvend\u00ebsim t\u00eb leht\u00eb.<\/li>\n<li>P\u00ebrfshin nj\u00eb \u00e7ant\u00eb t\u00eb but\u00eb mbajt\u00ebse dhe nj\u00eb kuti t\u00eb brendshme p\u00ebr transport dhe ruajtje t\u00eb p\u00ebrshtatshme dhe t\u00eb mbrojtur.<\/li>\n<\/ul>","protected":false},"featured_media":3007,"comment_status":"open","ping_status":"closed","template":"","meta":[],"product_brand":[],"product_cat":[91,109],"product_tag":[],"class_list":{"0":"post-3006","1":"product","2":"type-product","3":"status-publish","4":"has-post-thumbnail","6":"product_cat-bipod-tripod","7":"product_cat-thumb-release-tripod-for-pole","9":"first","10":"instock","11":"shipping-taxable","12":"product-type-simple"},"_links":{"self":[{"href":"https:\/\/mountlaser.com\/sq\/wp-json\/wp\/v2\/product\/3006","targetHints":{"allow":["GET"]}}],"collection":[{"href":"https:\/\/mountlaser.com\/sq\/wp-json\/wp\/v2\/product"}],"about":[{"href":"https:\/\/mountlaser.com\/sq\/wp-json\/wp\/v2\/types\/product"}],"replies":[{"embeddable":true,"href":"https:\/\/mountlaser.com\/sq\/wp-json\/wp\/v2\/comments?post=3006"}],"wp:featuredmedia":[{"embeddable":true,"href":"https:\/\/mountlaser.com\/sq\/wp-json\/wp\/v2\/media\/3007"}],"wp:attachment":[{"href":"https:\/\/mountlaser.com\/sq\/wp-json\/wp\/v2\/media?parent=3006"}],"wp:term":[{"taxonomy":"product_brand","embeddable":true,"href":"https:\/\/mountlaser.com\/sq\/wp-json\/wp\/v2\/product_brand?post=3006"},{"taxonomy":"product_cat","embeddable":true,"href":"https:\/\/mountlaser.com\/sq\/wp-json\/wp\/v2\/product_cat?post=3006"},{"taxonomy":"product_tag","embeddable":true,"href":"https:\/\/mountlaser.com\/sq\/wp-json\/wp\/v2\/product_tag?post=3006"}],"curies":[{"name":"wp","href":"https:\/\/api.w.org\/{rel}","templated":true}]}}