{"id":2997,"date":"2025-10-29T08:41:11","date_gmt":"2025-10-29T08:41:11","guid":{"rendered":"https:\/\/mountlaser.com\/?post_type=product&#038;p=2997"},"modified":"2025-11-28T04:57:27","modified_gmt":"2025-11-28T04:57:27","slug":"dz33a-thumb-release-tripod-for-pole","status":"publish","type":"product","link":"https:\/\/mountlaser.com\/sq\/produkt\/dz33a-thumb-release-tripod-for-pole\/","title":{"rendered":"Tripod DZ33A me lirim t\u00eb gishtit t\u00eb madh p\u00ebr shtyll\u00eb"},"content":{"rendered":"<p>Takoni <a href=\"https:\/\/mountlaser.com\/sq\/\"><strong>Tripod DZ33A me lirim t\u00eb gishtit t\u00eb madh p\u00ebr shtyll\u00eb<\/strong><\/a>, zgjidhja p\u00ebrfundimtare p\u00ebr topograf\u00ebt q\u00eb refuzojn\u00eb t\u00eb b\u00ebjn\u00eb kompromis midis stabilitetit superior dhe vendosjes s\u00eb shpejt\u00eb. I projektuar p\u00ebr profesionist\u00ebt, ky Tripod Shtyll\u00eb me Priz\u00ebm dhe Lirim t\u00eb Gishtit \u00ebsht\u00eb i disponuesh\u00ebm n\u00eb tre opsione ngjyrash me dukshm\u00ebri t\u00eb lart\u00eb: Tripod Shtyll\u00eb me Lirim t\u00eb Gishtit DZ33A-RW (E Kuqe\/E Bardh\u00eb), Tripod Shtyll\u00eb me Lirim t\u00eb Gishtit DZ33A-YL (E Verdh\u00eb) dhe Tripod Shtyll\u00eb me Lirim t\u00eb Gishtit DZ33A-BK (E Zez\u00eb), duke siguruar si stil ashtu edhe siguri t\u00eb shtuar n\u00eb vendin e pun\u00ebs. Si nj\u00eb Tripod Shtyll\u00eb me Priz\u00ebm t\u00eb fuqish\u00ebm Alumini, ai \u00ebsht\u00eb nd\u00ebrtuar p\u00ebr t\u00eb siguruar nj\u00eb themel t\u00eb fort\u00eb si shk\u00ebmbi p\u00ebr matjet tuaja m\u00eb kritike.<img fetchpriority=\"high\" decoding=\"async\" class=\"aligncenter wp-image-3002\" src=\"https:\/\/mountlaser.com\/wp-content\/uploads\/2025\/10\/DZ33A-\u7ea2\u767d3.webp\" alt=\"Aluminum Prism Pole Tripod\" width=\"500\" height=\"500\" srcset=\"https:\/\/mountlaser.com\/wp-content\/uploads\/2025\/10\/DZ33A-\u7ea2\u767d3.webp 1000w, https:\/\/mountlaser.com\/wp-content\/uploads\/2025\/10\/DZ33A-\u7ea2\u767d3-300x300.webp 300w, https:\/\/mountlaser.com\/wp-content\/uploads\/2025\/10\/DZ33A-\u7ea2\u767d3-400x400.webp 400w, https:\/\/mountlaser.com\/wp-content\/uploads\/2025\/10\/DZ33A-\u7ea2\u767d3-800x800.webp 800w, https:\/\/mountlaser.com\/wp-content\/uploads\/2025\/10\/DZ33A-\u7ea2\u767d3-600x600.webp 600w, https:\/\/mountlaser.com\/wp-content\/uploads\/2025\/10\/DZ33A-\u7ea2\u767d3-150x150.webp 150w, https:\/\/mountlaser.com\/wp-content\/uploads\/2025\/10\/DZ33A-\u7ea2\u767d3-768x768.webp 768w, https:\/\/mountlaser.com\/wp-content\/uploads\/2025\/10\/DZ33A-\u7ea2\u767d3-12x12.webp 12w\" sizes=\"(max-width: 500px) 100vw, 500px\" \/><\/p>\n<p>I nd\u00ebrtuar me nj\u00eb tub t\u00eb brendsh\u00ebm alumini argjendi t\u00eb q\u00ebndruesh\u00ebm (OD18 mm) dhe nj\u00eb tub t\u00eb jasht\u00ebm m\u00eb t\u00eb trash\u00eb (OD25 mm) n\u00eb ngjyr\u00ebn q\u00eb zgjidhni, DZ33A \u00ebsht\u00eb projektuar p\u00ebr jet\u00ebgjat\u00ebsi dhe rezistenc\u00eb. Ky Tripod me Shtyll\u00eb Prizmike Alumini krenohet me nj\u00eb zgjatim mbres\u00ebl\u00ebn\u00ebs prej 180 cm, duke ofruar nj\u00eb gam\u00eb t\u00eb jasht\u00ebzakonshme lart\u00ebsie p\u00ebr t\u00eb p\u00ebrballuar terrene sfiduese dhe konfigurime komplekse. Mekanizmi inovativ i lirimit t\u00eb gishtit t\u00eb madh e p\u00ebrcakton k\u00ebt\u00eb. <a href=\"https:\/\/mountlaser.com\/sq\/about-us\/\"><strong>Tripod me prizm\u00eb q\u00eb l\u00ebshon gishtin e madh<\/strong><\/a>, duke lejuar rregullime tep\u00ebr t\u00eb shpejta me nj\u00eb dor\u00eb, pa sakrifikuar stabilitetin e fiksuar n\u00eb t\u00eb cilin mb\u00ebshteteni. K\u00ebmb\u00ebzat e fiksuara dhe jo-rr\u00ebshqit\u00ebse sigurojn\u00eb nj\u00eb kapje t\u00eb sigurt n\u00eb \u00e7do sip\u00ebrfaqe, duke garantuar q\u00eb shufra juaj e prizmit t\u00eb mbetet plot\u00ebsisht e q\u00ebndrueshme. Kur \u00ebsht\u00eb koha p\u00ebr t\u00eb l\u00ebvizur, gjith\u00e7ka paketohet me kujdes n\u00eb kutin\u00eb e but\u00eb t\u00eb p\u00ebrfshir\u00eb dhe n\u00eb kutin\u00eb e brendshme.<\/p>","protected":false},"excerpt":{"rendered":"<ul>\n<li>Opsione Ngjyrash me Dukshm\u00ebri t\u00eb Lart\u00eb: T\u00eb disponueshme n\u00eb t\u00eb Kuqe\/t\u00eb Bardh\u00eb, t\u00eb Verdh\u00eb dhe t\u00eb Zez\u00eb p\u00ebr siguri m\u00eb t\u00eb mir\u00eb n\u00eb vend dhe preferenca personale.<\/li>\n<li>Kit i plot\u00eb portativ: P\u00ebrfshin nj\u00eb \u00e7ant\u00eb t\u00eb but\u00eb mbajt\u00ebse dhe nj\u00eb kuti t\u00eb brendshme p\u00ebr transport dhe ruajtje t\u00eb p\u00ebrshtatshme dhe t\u00eb mbrojtur.<\/li>\n<\/ul>","protected":false},"featured_media":2998,"comment_status":"open","ping_status":"closed","template":"","meta":[],"product_brand":[],"product_cat":[91,109],"product_tag":[],"class_list":{"0":"post-2997","1":"product","2":"type-product","3":"status-publish","4":"has-post-thumbnail","6":"product_cat-bipod-tripod","7":"product_cat-thumb-release-tripod-for-pole","9":"first","10":"instock","11":"shipping-taxable","12":"product-type-simple"},"_links":{"self":[{"href":"https:\/\/mountlaser.com\/sq\/wp-json\/wp\/v2\/product\/2997","targetHints":{"allow":["GET"]}}],"collection":[{"href":"https:\/\/mountlaser.com\/sq\/wp-json\/wp\/v2\/product"}],"about":[{"href":"https:\/\/mountlaser.com\/sq\/wp-json\/wp\/v2\/types\/product"}],"replies":[{"embeddable":true,"href":"https:\/\/mountlaser.com\/sq\/wp-json\/wp\/v2\/comments?post=2997"}],"wp:featuredmedia":[{"embeddable":true,"href":"https:\/\/mountlaser.com\/sq\/wp-json\/wp\/v2\/media\/2998"}],"wp:attachment":[{"href":"https:\/\/mountlaser.com\/sq\/wp-json\/wp\/v2\/media?parent=2997"}],"wp:term":[{"taxonomy":"product_brand","embeddable":true,"href":"https:\/\/mountlaser.com\/sq\/wp-json\/wp\/v2\/product_brand?post=2997"},{"taxonomy":"product_cat","embeddable":true,"href":"https:\/\/mountlaser.com\/sq\/wp-json\/wp\/v2\/product_cat?post=2997"},{"taxonomy":"product_tag","embeddable":true,"href":"https:\/\/mountlaser.com\/sq\/wp-json\/wp\/v2\/product_tag?post=2997"}],"curies":[{"name":"wp","href":"https:\/\/api.w.org\/{rel}","templated":true}]}}