{"id":2990,"date":"2025-10-29T08:10:07","date_gmt":"2025-10-29T08:10:07","guid":{"rendered":"https:\/\/mountlaser.com\/?post_type=product&#038;p=2990"},"modified":"2025-11-28T04:58:53","modified_gmt":"2025-11-28T04:58:53","slug":"mnt02a-thumb-release-mini-tripod","status":"publish","type":"product","link":"https:\/\/mountlaser.com\/sq\/produkt\/mnt02a-thumb-release-mini-tripod\/","title":{"rendered":"Mini-tripod MNT02A me lirim t\u00eb gishtit t\u00eb madh me lirim t\u00eb gishtit t\u00eb madh"},"content":{"rendered":"<p>P\u00ebrmir\u00ebsoni konfigurimin e fush\u00ebs suaj me<a href=\"https:\/\/mountlaser.com\/sq\/about-us\/\"><strong> Mini-tripod MNT02A me lirim t\u00eb gishtit t\u00eb madh me lirim t\u00eb gishtit t\u00eb madh<\/strong><\/a> nga Mount Laser. I projektuar p\u00ebr profesionist\u00eb q\u00eb k\u00ebrkojn\u00eb precizion dhe transportueshm\u00ebri, ky aparat kompakt i fuqish\u00ebm ofron nj\u00eb themel t\u00eb fort\u00eb si shk\u00ebmbi p\u00ebr shufrat, skaner\u00ebt dhe aksesor\u00ebt e tjer\u00eb thelb\u00ebsor\u00eb t\u00eb matjes. Si nj\u00eb mini-tripod alumini premium, ai \u00ebsht\u00eb nd\u00ebrtuar p\u00ebr t&#039;i b\u00ebr\u00eb ball\u00eb v\u00ebshtir\u00ebsive t\u00eb fush\u00ebs pa ju r\u00ebnduar.<\/p>\n<p>I punuar me nj\u00eb sip\u00ebrfaqe t\u00eb zez\u00eb elegante dhe t\u00eb l\u00ebmuar, MNT02A paraqet nj\u00eb tub t\u00eb brendsh\u00ebm t\u00eb fort\u00eb prej alumini (OD18 mm), duke siguruar q\u00ebndrueshm\u00ebri dhe stabilitet t\u00eb jasht\u00ebzakonsh\u00ebm. <a href=\"https:\/\/mountlaser.com\/sq\/products\/\">Mini-tripod alumini<\/a> ofron nj\u00eb lart\u00ebsi t\u00eb zgjeruar prej 29 cm, duke ju dh\u00ebn\u00eb fleksibilitet m\u00eb t\u00eb madh p\u00ebr pozicionimin optimal t\u00eb instrumenteve. K\u00ebmb\u00ebt e fiksuara prej gome sigurojn\u00eb nj\u00eb kapje t\u00eb sigurt dhe jo-rr\u00ebshqit\u00ebse n\u00eb sip\u00ebrfaqe t\u00eb ndryshme, duke garantuar q\u00eb matjet tuaja t\u00eb fillojn\u00eb nga nj\u00eb pik\u00eb sakt\u00ebsie absolute.<img fetchpriority=\"high\" decoding=\"async\" class=\"aligncenter wp-image-2992\" src=\"https:\/\/mountlaser.com\/wp-content\/uploads\/2025\/10\/MNT02-3.webp\" alt=\"Aluminum mini tripod\" width=\"500\" height=\"500\" srcset=\"https:\/\/mountlaser.com\/wp-content\/uploads\/2025\/10\/MNT02-3.webp 1000w, https:\/\/mountlaser.com\/wp-content\/uploads\/2025\/10\/MNT02-3-300x300.webp 300w, https:\/\/mountlaser.com\/wp-content\/uploads\/2025\/10\/MNT02-3-400x400.webp 400w, https:\/\/mountlaser.com\/wp-content\/uploads\/2025\/10\/MNT02-3-800x800.webp 800w, https:\/\/mountlaser.com\/wp-content\/uploads\/2025\/10\/MNT02-3-600x600.webp 600w, https:\/\/mountlaser.com\/wp-content\/uploads\/2025\/10\/MNT02-3-150x150.webp 150w, https:\/\/mountlaser.com\/wp-content\/uploads\/2025\/10\/MNT02-3-768x768.webp 768w, https:\/\/mountlaser.com\/wp-content\/uploads\/2025\/10\/MNT02-3-12x12.webp 12w\" sizes=\"(max-width: 500px) 100vw, 500px\" \/><\/p>\n<p>Karakteristika dalluese \u00ebsht\u00eb mekanizmi intuitiv i lirimit t\u00eb gishtit t\u00eb madh, i cili lejon vendosjen e shpejt\u00eb me nj\u00eb dor\u00eb dhe rregullimin e lart\u00ebsis\u00eb. Harrojeni konfigurimet q\u00eb k\u00ebrkojn\u00eb koh\u00eb; me nj\u00eb shtypje dhe rr\u00ebshqitje t\u00eb thjesht\u00eb, shkopi juaj \u00ebsht\u00eb i siguruar dhe gati p\u00ebr veprim. Kur \u00ebsht\u00eb koha p\u00ebr t\u00eb l\u00ebvizur, ky kompakt<a href=\"https:\/\/mountlaser.com\/sq\/contact-us\/\"><strong> Mini-tripod alumini<\/strong><\/a> \u00c7montohet shpejt dhe ruhet n\u00eb m\u00ebnyr\u00eb t\u00eb sigurt n\u00eb kutin\u00eb e but\u00eb dhe kutin\u00eb e brendshme t\u00eb p\u00ebrfshir\u00eb, duke e b\u00ebr\u00eb at\u00eb perfekte.<\/p>\n<p>&nbsp;<\/p>","protected":false},"excerpt":{"rendered":"<ul>\n<li>Lart\u00ebsia e Zgjeruar: Ofron nj\u00eb zgjatje prej 29 cm, duke siguruar fleksibilitet m\u00eb t\u00eb madh pozicionimi p\u00ebr pajisjet tuaja.<\/li>\n<li>I sigurt dhe i l\u00ebvizsh\u00ebm: Ka k\u00ebmb\u00ebza t\u00eb fiksuara kund\u00ebr rr\u00ebshqitjes p\u00ebr stabilitet dhe vjen me nj\u00eb \u00e7ant\u00eb t\u00eb but\u00eb p\u00ebr transport t\u00eb leht\u00eb dhe t\u00eb mbrojtur.<\/li>\n<\/ul>","protected":false},"featured_media":2991,"comment_status":"open","ping_status":"closed","template":"","meta":[],"product_brand":[],"product_cat":[91,109],"product_tag":[],"class_list":{"0":"post-2990","1":"product","2":"type-product","3":"status-publish","4":"has-post-thumbnail","6":"product_cat-bipod-tripod","7":"product_cat-thumb-release-tripod-for-pole","9":"first","10":"instock","11":"shipping-taxable","12":"product-type-simple"},"_links":{"self":[{"href":"https:\/\/mountlaser.com\/sq\/wp-json\/wp\/v2\/product\/2990","targetHints":{"allow":["GET"]}}],"collection":[{"href":"https:\/\/mountlaser.com\/sq\/wp-json\/wp\/v2\/product"}],"about":[{"href":"https:\/\/mountlaser.com\/sq\/wp-json\/wp\/v2\/types\/product"}],"replies":[{"embeddable":true,"href":"https:\/\/mountlaser.com\/sq\/wp-json\/wp\/v2\/comments?post=2990"}],"wp:featuredmedia":[{"embeddable":true,"href":"https:\/\/mountlaser.com\/sq\/wp-json\/wp\/v2\/media\/2991"}],"wp:attachment":[{"href":"https:\/\/mountlaser.com\/sq\/wp-json\/wp\/v2\/media?parent=2990"}],"wp:term":[{"taxonomy":"product_brand","embeddable":true,"href":"https:\/\/mountlaser.com\/sq\/wp-json\/wp\/v2\/product_brand?post=2990"},{"taxonomy":"product_cat","embeddable":true,"href":"https:\/\/mountlaser.com\/sq\/wp-json\/wp\/v2\/product_cat?post=2990"},{"taxonomy":"product_tag","embeddable":true,"href":"https:\/\/mountlaser.com\/sq\/wp-json\/wp\/v2\/product_tag?post=2990"}],"curies":[{"name":"wp","href":"https:\/\/api.w.org\/{rel}","templated":true}]}}