{"id":2983,"date":"2025-10-29T07:40:17","date_gmt":"2025-10-29T07:40:17","guid":{"rendered":"https:\/\/mountlaser.com\/?post_type=product&#038;p=2983"},"modified":"2025-11-28T05:01:49","modified_gmt":"2025-11-28T05:01:49","slug":"mnt01a-thumb-release-mini-tripod","status":"publish","type":"product","link":"https:\/\/mountlaser.com\/sq\/produkt\/mnt01a-thumb-release-mini-tripod\/","title":{"rendered":"MNT01A Mini-tripod me lirim t\u00eb gishtit t\u00eb madh me lirim t\u00eb gishtit t\u00eb madh"},"content":{"rendered":"<p>N\u00eb Mount Laser, ne e kuptojm\u00eb se preciziteti n\u00eb terren k\u00ebrkon besueshm\u00ebri n\u00eb \u00e7do pjes\u00eb t\u00eb pajisjes. Prezantojm\u00eb <a href=\"https:\/\/mountlaser.com\/sq\/\"><strong>Mini-tripod MNT01A me lirim t\u00eb gishtit t\u00eb madh me lirim t\u00eb gishtit t\u00eb madh<\/strong><\/a>, zgjidhja p\u00ebrfundimtare kompakte mb\u00ebshtet\u00ebse p\u00ebr shufrat, skaner\u00ebt dhe instrumentet tuaja t\u00eb vogla. Ky mini-tripod alumini i fort\u00eb \u00ebsht\u00eb projektuar p\u00ebr profesionist\u00ebt q\u00eb refuzojn\u00eb t\u00eb b\u00ebjn\u00eb kompromis p\u00ebr stabilitetin ose transportueshm\u00ebrin\u00eb.<\/p>\n<p>I prodhuar nga alumini i cil\u00ebsis\u00eb s\u00eb lart\u00eb, MNT01A kombinon pesh\u00ebn e leht\u00eb, q\u00ebndrueshm\u00ebrin\u00eb me nj\u00eb dizajn t\u00eb fuqish\u00ebm. Thelbi i k\u00ebsaj <a href=\"https:\/\/mountlaser.com\/sq\/products\/\">Mini-tripod alumini<\/a> P\u00ebrmban nj\u00eb tub t\u00eb brendsh\u00ebm me diamet\u00ebr 18 mm, duke siguruar nj\u00eb baz\u00eb t\u00eb fort\u00eb duke e mbajtur pesh\u00ebn e p\u00ebrgjithshme n\u00eb minimum. Me nj\u00eb zgjatim 22 cm dhe k\u00ebmb\u00eb t\u00eb fiksuara, ofron nj\u00eb baz\u00eb t\u00eb sigurt dhe t\u00eb q\u00ebndrueshme n\u00eb terrene t\u00eb ndryshme, duke siguruar q\u00eb matjet tuaja t\u00eb fillojn\u00eb nga nj\u00eb pik\u00eb sakt\u00ebsie t\u00eb pal\u00ebkundur.<\/p>\n<p>&nbsp;<\/p>\n<p><img fetchpriority=\"high\" decoding=\"async\" class=\"aligncenter wp-image-2986\" src=\"https:\/\/mountlaser.com\/wp-content\/uploads\/2025\/10\/MNT01-6.webp\" alt=\"Aluminum mini tripod\" width=\"500\" height=\"500\" srcset=\"https:\/\/mountlaser.com\/wp-content\/uploads\/2025\/10\/MNT01-6.webp 1000w, https:\/\/mountlaser.com\/wp-content\/uploads\/2025\/10\/MNT01-6-300x300.webp 300w, https:\/\/mountlaser.com\/wp-content\/uploads\/2025\/10\/MNT01-6-400x400.webp 400w, https:\/\/mountlaser.com\/wp-content\/uploads\/2025\/10\/MNT01-6-800x800.webp 800w, https:\/\/mountlaser.com\/wp-content\/uploads\/2025\/10\/MNT01-6-600x600.webp 600w, https:\/\/mountlaser.com\/wp-content\/uploads\/2025\/10\/MNT01-6-150x150.webp 150w, https:\/\/mountlaser.com\/wp-content\/uploads\/2025\/10\/MNT01-6-768x768.webp 768w, https:\/\/mountlaser.com\/wp-content\/uploads\/2025\/10\/MNT01-6-12x12.webp 12w\" sizes=\"(max-width: 500px) 100vw, 500px\" \/><\/p>\n<p>Karakteristika dalluese \u00ebsht\u00eb mekanizmi i tij i shpejt\u00eb i lirimit t\u00eb gishtit t\u00eb madh, i cili ju lejon t\u00eb vendosni dhe rregulloni lart\u00ebsin\u00eb e pajisjeve tuaja t\u00eb montuara n\u00eb shuf\u00ebr brenda sekondash. Mjaft me brava t\u00eb nd\u00ebrlikuara - vet\u00ebm nj\u00eb shtypje dhe rr\u00ebshqitje e thjesht\u00eb dhe intuitive p\u00ebr efikasitet maksimal n\u00eb terren. Kur puna t\u00eb ket\u00eb mbaruar, paketohet i vog\u00ebl, duke ardhur me nj\u00eb kuti t\u00eb but\u00eb dhe nj\u00eb kuti t\u00eb brendshme p\u00ebr ruajtje t\u00eb sigurt dhe t\u00eb p\u00ebrshtatshme n\u00eb \u00e7do \u00e7ant\u00eb pajisjesh. Zgjidhni MNT01A, modelin profesional. <a href=\"https:\/\/mountlaser.com\/sq\/about-us\/\"><strong>Mini-tripod alumini<\/strong><\/a> q\u00eb q\u00ebndron lart p\u00ebr sakt\u00ebsi.<\/p>","protected":false},"excerpt":{"rendered":"<ul>\n<li>Mekanizmi i lirimit t\u00eb gishtit t\u00eb madh: Mund\u00ebson konfigurim t\u00eb shpejt\u00eb me nj\u00eb dor\u00eb dhe rregullim t\u00eb lart\u00ebsis\u00eb p\u00ebr efikasitet t\u00eb pakrahasuesh\u00ebm n\u00eb fush\u00eb.<\/li>\n<li>I plot\u00eb me \u00e7ant\u00eb mbajt\u00ebse: P\u00ebrfshin nj\u00eb \u00e7ant\u00eb t\u00eb but\u00eb mbrojt\u00ebse dhe nj\u00eb kuti t\u00eb brendshme p\u00ebr transport t\u00eb leht\u00eb dhe t\u00eb sigurt, duke e b\u00ebr\u00eb at\u00eb nj\u00eb shoq\u00ebrues ideal udh\u00ebtimi.<\/li>\n<\/ul>","protected":false},"featured_media":2984,"comment_status":"open","ping_status":"closed","template":"","meta":[],"product_brand":[],"product_cat":[91,109],"product_tag":[],"class_list":{"0":"post-2983","1":"product","2":"type-product","3":"status-publish","4":"has-post-thumbnail","6":"product_cat-bipod-tripod","7":"product_cat-thumb-release-tripod-for-pole","9":"first","10":"instock","11":"shipping-taxable","12":"product-type-simple"},"_links":{"self":[{"href":"https:\/\/mountlaser.com\/sq\/wp-json\/wp\/v2\/product\/2983","targetHints":{"allow":["GET"]}}],"collection":[{"href":"https:\/\/mountlaser.com\/sq\/wp-json\/wp\/v2\/product"}],"about":[{"href":"https:\/\/mountlaser.com\/sq\/wp-json\/wp\/v2\/types\/product"}],"replies":[{"embeddable":true,"href":"https:\/\/mountlaser.com\/sq\/wp-json\/wp\/v2\/comments?post=2983"}],"wp:featuredmedia":[{"embeddable":true,"href":"https:\/\/mountlaser.com\/sq\/wp-json\/wp\/v2\/media\/2984"}],"wp:attachment":[{"href":"https:\/\/mountlaser.com\/sq\/wp-json\/wp\/v2\/media?parent=2983"}],"wp:term":[{"taxonomy":"product_brand","embeddable":true,"href":"https:\/\/mountlaser.com\/sq\/wp-json\/wp\/v2\/product_brand?post=2983"},{"taxonomy":"product_cat","embeddable":true,"href":"https:\/\/mountlaser.com\/sq\/wp-json\/wp\/v2\/product_cat?post=2983"},{"taxonomy":"product_tag","embeddable":true,"href":"https:\/\/mountlaser.com\/sq\/wp-json\/wp\/v2\/product_tag?post=2983"}],"curies":[{"name":"wp","href":"https:\/\/api.w.org\/{rel}","templated":true}]}}