{"id":2972,"date":"2025-10-28T03:23:03","date_gmt":"2025-10-28T03:23:03","guid":{"rendered":"https:\/\/mountlaser.com\/?post_type=product&#038;p=2972"},"modified":"2025-11-28T05:03:37","modified_gmt":"2025-11-28T05:03:37","slug":"cls22c-carbon-fiber-bipod","status":"publish","type":"product","link":"https:\/\/mountlaser.com\/sq\/produkt\/cls22c-carbon-fiber-bipod\/","title":{"rendered":"Bipod me fib\u00ebr karboni CLS22C"},"content":{"rendered":"<p>Rritni sakt\u00ebsin\u00eb e matjeve tuaja me <a href=\"https:\/\/mountlaser.com\/sq\/\"><strong>Bipod me fib\u00ebr karboni CLS22C<\/strong><\/a> nga Mount Laser. I projektuar p\u00ebr profesionist\u00ebt q\u00eb k\u00ebrkojn\u00eb performanc\u00eb superiore dhe transportueshm\u00ebri, ky bipod ofron nj\u00eb baz\u00eb t\u00eb q\u00ebndrueshme t\u00eb pakrahasueshme p\u00ebr stafin tuaj t\u00eb nivelimit, invarimit ose lazerit. Thelbi i dizajnit t\u00eb tij miq\u00ebsor p\u00ebr p\u00ebrdoruesit \u00ebsht\u00eb mekanizmi efikas i bipodit me lirim t\u00eb gishtit t\u00eb madh, duke siguruar vendosje dhe konfigurim t\u00eb shpejt\u00eb n\u00eb terren.<\/p>\n<p>P\u00ebrmban nj\u00eb tub t\u00eb jasht\u00ebm prej fibre karboni (OD25 mm) p\u00ebr forc\u00eb t\u00eb leht\u00eb dhe nj\u00eb tub t\u00eb brendsh\u00ebm prej alumini (OD18 mm) p\u00ebr zgjatje t\u00eb but\u00eb.<\/p>\n<p>Ofron nj\u00eb zgjatim maksimal prej 180 cm p\u00ebr nj\u00eb lart\u00ebsi pune t\u00eb gjithanshme.<\/p>\n<p>&nbsp;<\/p>\n<p><img fetchpriority=\"high\" decoding=\"async\" class=\"aligncenter wp-image-2975\" src=\"https:\/\/mountlaser.com\/wp-content\/uploads\/2025\/10\/CLS22C-3.webp\" alt=\"Thumb release bipod\" width=\"500\" height=\"500\" srcset=\"https:\/\/mountlaser.com\/wp-content\/uploads\/2025\/10\/CLS22C-3.webp 1000w, https:\/\/mountlaser.com\/wp-content\/uploads\/2025\/10\/CLS22C-3-300x300.webp 300w, https:\/\/mountlaser.com\/wp-content\/uploads\/2025\/10\/CLS22C-3-400x400.webp 400w, https:\/\/mountlaser.com\/wp-content\/uploads\/2025\/10\/CLS22C-3-800x800.webp 800w, https:\/\/mountlaser.com\/wp-content\/uploads\/2025\/10\/CLS22C-3-600x600.webp 600w, https:\/\/mountlaser.com\/wp-content\/uploads\/2025\/10\/CLS22C-3-150x150.webp 150w, https:\/\/mountlaser.com\/wp-content\/uploads\/2025\/10\/CLS22C-3-768x768.webp 768w, https:\/\/mountlaser.com\/wp-content\/uploads\/2025\/10\/CLS22C-3-12x12.webp 12w\" sizes=\"(max-width: 500px) 100vw, 500px\" \/><\/p>\n<p>I nd\u00ebrtuar me nj\u00eb tub t\u00eb jasht\u00ebm prej fibre karboni, CLS22C arrin nj\u00eb raport t\u00eb jasht\u00ebzakonsh\u00ebm t\u00eb forc\u00ebs ndaj pesh\u00ebs, duke zvog\u00ebluar lodhjen e p\u00ebrdoruesit gjat\u00eb or\u00ebve t\u00eb gjata t\u00eb pun\u00ebs pa kompromentuar ngurt\u00ebsin\u00eb ose stabilitetin. Sistemi inovativ i dyk\u00ebmb\u00ebshit me lirimin e gishtit t\u00eb madh lejon rregullime t\u00eb shpejta dhe t\u00eb sigurta t\u00eb lart\u00ebsis\u00eb vet\u00ebm me nj\u00ebr\u00ebn dor\u00eb. <a href=\"https:\/\/mountlaser.com\/sq\/products\/\"><strong>bipod me lirim t\u00eb gishtit t\u00eb madh<\/strong><\/a> p\u00ebr shtyll\u00ebn \u00ebsht\u00eb projektuar p\u00ebr thjesht\u00ebsi, duke ju mund\u00ebsuar t\u00eb fiksoni k\u00ebmb\u00ebt fort n\u00eb vend menj\u00ebher\u00eb, n\u00eb m\u00ebnyr\u00eb q\u00eb t\u00eb mund t\u00eb p\u00ebrqendroheni te matjet, jo te pajisjet.<\/p>","protected":false},"excerpt":{"rendered":"<ul>\n<li>K\u00ebmb\u00eb t\u00eb l\u00ebvizshme: T\u00eb pajisura me k\u00ebmb\u00eb t\u00eb l\u00ebvizshme p\u00ebr transport t\u00eb leht\u00eb dhe p\u00ebrshtatshm\u00ebri ndaj sip\u00ebrfaqeve t\u00eb ndryshme.<\/li>\n<li>Paketa e plot\u00eb: P\u00ebrfshin nj\u00eb \u00e7ant\u00eb t\u00eb but\u00eb mbajt\u00ebse dhe nj\u00eb kuti t\u00eb brendshme p\u00ebr ruajtje dhe transport t\u00eb sigurt.<\/li>\n<\/ul>","protected":false},"featured_media":2973,"comment_status":"open","ping_status":"closed","template":"","meta":[],"product_brand":[],"product_cat":[91,108],"product_tag":[],"class_list":{"0":"post-2972","1":"product","2":"type-product","3":"status-publish","4":"has-post-thumbnail","6":"product_cat-bipod-tripod","7":"product_cat-thumb-release-bipod","9":"first","10":"instock","11":"shipping-taxable","12":"product-type-simple"},"_links":{"self":[{"href":"https:\/\/mountlaser.com\/sq\/wp-json\/wp\/v2\/product\/2972","targetHints":{"allow":["GET"]}}],"collection":[{"href":"https:\/\/mountlaser.com\/sq\/wp-json\/wp\/v2\/product"}],"about":[{"href":"https:\/\/mountlaser.com\/sq\/wp-json\/wp\/v2\/types\/product"}],"replies":[{"embeddable":true,"href":"https:\/\/mountlaser.com\/sq\/wp-json\/wp\/v2\/comments?post=2972"}],"wp:featuredmedia":[{"embeddable":true,"href":"https:\/\/mountlaser.com\/sq\/wp-json\/wp\/v2\/media\/2973"}],"wp:attachment":[{"href":"https:\/\/mountlaser.com\/sq\/wp-json\/wp\/v2\/media?parent=2972"}],"wp:term":[{"taxonomy":"product_brand","embeddable":true,"href":"https:\/\/mountlaser.com\/sq\/wp-json\/wp\/v2\/product_brand?post=2972"},{"taxonomy":"product_cat","embeddable":true,"href":"https:\/\/mountlaser.com\/sq\/wp-json\/wp\/v2\/product_cat?post=2972"},{"taxonomy":"product_tag","embeddable":true,"href":"https:\/\/mountlaser.com\/sq\/wp-json\/wp\/v2\/product_tag?post=2972"}],"curies":[{"name":"wp","href":"https:\/\/api.w.org\/{rel}","templated":true}]}}