{"id":2964,"date":"2025-10-28T02:47:43","date_gmt":"2025-10-28T02:47:43","guid":{"rendered":"https:\/\/mountlaser.com\/?post_type=product&#038;p=2964"},"modified":"2025-11-28T05:04:25","modified_gmt":"2025-11-28T05:04:25","slug":"cls22a-aluminum-bipod","status":"publish","type":"product","link":"https:\/\/mountlaser.com\/sq\/produkt\/cls22a-aluminum-bipod\/","title":{"rendered":"Bipod alumini CLS22A"},"content":{"rendered":"<p>N\u00eb Mount Laser, ne e kuptojm\u00eb q\u00eb sakt\u00ebsia n\u00eb matje mb\u00ebshtetet n\u00eb pajisje t\u00eb q\u00ebndrueshme dhe t\u00eb besueshme. <a href=\"https:\/\/mountlaser.com\/sq\/\"><strong>Bipod alumini CLS22A<\/strong><\/a> \u00ebsht\u00eb projektuar p\u00ebr t\u00eb siguruar at\u00eb baz\u00eb thelb\u00ebsore p\u00ebr stafin tuaj t\u00eb nivelimit, invar-imit ose lazerit. Ky bipod alumini i fuqish\u00ebm dhe i rregulluesh\u00ebm \u00ebsht\u00eb projektuar p\u00ebr profesionist\u00ebt q\u00eb refuzojn\u00eb t\u00eb b\u00ebjn\u00eb kompromis n\u00eb performanc\u00ebn n\u00eb terren.<\/p>\n<p>I nd\u00ebrtuar nga alumini me cil\u00ebsi t\u00eb lart\u00eb, CLS22A kombinon leht\u00ebsin\u00eb e leht\u00eb dhe transportueshm\u00ebrin\u00eb me q\u00ebndrueshm\u00ebri t\u00eb jasht\u00ebzakonshme. Mekanizmi unik i bipodit prej alumini me lirim t\u00eb gishtit t\u00eb madh lejon rregullime t\u00eb shpejta dhe t\u00eb lehta t\u00eb lart\u00ebsis\u00eb, duke ju mund\u00ebsuar ta vendosni instrumentin tuaj me shpejt\u00ebsi dhe precizion. Mjafton t\u00eb ngat\u00ebrroni me ky\u00e7et komplekse - mjafton vet\u00ebm nj\u00eb shtypje e gishtit t\u00eb madh p\u00ebr t\u00eb fiksuar k\u00ebmb\u00ebt n\u00eb vend.<\/p>\n<p><strong><img fetchpriority=\"high\" decoding=\"async\" class=\"aligncenter wp-image-2969\" src=\"https:\/\/mountlaser.com\/wp-content\/uploads\/2025\/10\/CLS22A-\u7eff\u82721.webp\" alt=\"Aluminum Thumb Release Bipod\" width=\"500\" height=\"500\" srcset=\"https:\/\/mountlaser.com\/wp-content\/uploads\/2025\/10\/CLS22A-\u7eff\u82721.webp 1000w, https:\/\/mountlaser.com\/wp-content\/uploads\/2025\/10\/CLS22A-\u7eff\u82721-300x300.webp 300w, https:\/\/mountlaser.com\/wp-content\/uploads\/2025\/10\/CLS22A-\u7eff\u82721-400x400.webp 400w, https:\/\/mountlaser.com\/wp-content\/uploads\/2025\/10\/CLS22A-\u7eff\u82721-800x800.webp 800w, https:\/\/mountlaser.com\/wp-content\/uploads\/2025\/10\/CLS22A-\u7eff\u82721-600x600.webp 600w, https:\/\/mountlaser.com\/wp-content\/uploads\/2025\/10\/CLS22A-\u7eff\u82721-150x150.webp 150w, https:\/\/mountlaser.com\/wp-content\/uploads\/2025\/10\/CLS22A-\u7eff\u82721-768x768.webp 768w, https:\/\/mountlaser.com\/wp-content\/uploads\/2025\/10\/CLS22A-\u7eff\u82721-12x12.webp 12w\" sizes=\"(max-width: 500px) 100vw, 500px\" \/><\/strong><\/p>\n<p><a href=\"https:\/\/mountlaser.com\/sq\/products\/\"><strong>Bipod alumini me lirim gishti t\u00eb madh me lirim<\/strong><\/a> P\u00ebrmban nj\u00eb tub t\u00eb brendsh\u00ebm alumini t\u00eb zi t\u00eb l\u00ebmuar (OD18 mm) dhe nj\u00eb tub t\u00eb jasht\u00ebm alumini me ngjyr\u00eb (OD25 mm), t\u00eb disponuesh\u00ebm n\u00eb t\u00eb kuqe shum\u00eb t\u00eb dukshme (CLS22A-RD) ose jeshile (CLS22A-GN).<\/p>\n<p>Ofron nj\u00eb zgjatim maksimal prej 180 cm, duke siguruar nj\u00eb platform\u00eb t\u00eb q\u00ebndrueshme n\u00eb terrene t\u00eb ndryshme.<\/p>","protected":false},"excerpt":{"rendered":"<ul>\n<li>Lirim i p\u00ebrshtatsh\u00ebm i gishtit t\u00eb madh: Mekanizmi bipod prej alumini p\u00ebr lirimin e gishtit t\u00eb madh siguron funksionim t\u00eb shpejt\u00eb dhe pa mjete.<\/li>\n<li>K\u00ebmb\u00eb t\u00eb l\u00ebvizshme: K\u00ebmb\u00ebt e bipodit jan\u00eb t\u00eb l\u00ebvizshme, duke leht\u00ebsuar transportin dhe ruajtjen e leht\u00eb, nd\u00ebrkoh\u00eb q\u00eb ofrojn\u00eb shkatht\u00ebsi p\u00ebr kushte t\u00eb ndryshme t\u00eb tok\u00ebs.<\/li>\n<li>Paketa: P\u00ebrfshin nj\u00eb \u00e7ant\u00eb t\u00eb but\u00eb mbajt\u00ebse dhe nj\u00eb kuti t\u00eb brendshme p\u00ebr mbrojtje dhe transportueshm\u00ebri superiore.<\/li>\n<\/ul>","protected":false},"featured_media":2967,"comment_status":"open","ping_status":"closed","template":"","meta":[],"product_brand":[],"product_cat":[91,108],"product_tag":[],"class_list":{"0":"post-2964","1":"product","2":"type-product","3":"status-publish","4":"has-post-thumbnail","6":"product_cat-bipod-tripod","7":"product_cat-thumb-release-bipod","9":"first","10":"instock","11":"shipping-taxable","12":"product-type-simple"},"_links":{"self":[{"href":"https:\/\/mountlaser.com\/sq\/wp-json\/wp\/v2\/product\/2964","targetHints":{"allow":["GET"]}}],"collection":[{"href":"https:\/\/mountlaser.com\/sq\/wp-json\/wp\/v2\/product"}],"about":[{"href":"https:\/\/mountlaser.com\/sq\/wp-json\/wp\/v2\/types\/product"}],"replies":[{"embeddable":true,"href":"https:\/\/mountlaser.com\/sq\/wp-json\/wp\/v2\/comments?post=2964"}],"wp:featuredmedia":[{"embeddable":true,"href":"https:\/\/mountlaser.com\/sq\/wp-json\/wp\/v2\/media\/2967"}],"wp:attachment":[{"href":"https:\/\/mountlaser.com\/sq\/wp-json\/wp\/v2\/media?parent=2964"}],"wp:term":[{"taxonomy":"product_brand","embeddable":true,"href":"https:\/\/mountlaser.com\/sq\/wp-json\/wp\/v2\/product_brand?post=2964"},{"taxonomy":"product_cat","embeddable":true,"href":"https:\/\/mountlaser.com\/sq\/wp-json\/wp\/v2\/product_cat?post=2964"},{"taxonomy":"product_tag","embeddable":true,"href":"https:\/\/mountlaser.com\/sq\/wp-json\/wp\/v2\/product_tag?post=2964"}],"curies":[{"name":"wp","href":"https:\/\/api.w.org\/{rel}","templated":true}]}}