{"id":2955,"date":"2025-10-27T08:24:55","date_gmt":"2025-10-27T08:24:55","guid":{"rendered":"https:\/\/mountlaser.com\/?post_type=product&#038;p=2955"},"modified":"2025-11-28T05:05:18","modified_gmt":"2025-11-28T05:05:18","slug":"dz22a-aluminum-bipod","status":"publish","type":"product","link":"https:\/\/mountlaser.com\/sq\/produkt\/dz22a-aluminum-bipod\/","title":{"rendered":"Bipod alumini DZ22A"},"content":{"rendered":"<p><a href=\"https:\/\/mountlaser.com\/sq\/\"><strong>Bipod alumini DZ22A<\/strong><\/a>Mb\u00ebshtetje e q\u00ebndrueshme p\u00ebr matje precize<\/p>\n<p>Bipodi prej alumini DZ22A \u00ebsht\u00eb nj\u00eb sistem mb\u00ebshtet\u00ebs i nivelit profesional i projektuar p\u00ebr aplikime matjeje dhe matjeje. I projektuar duke pasur parasysh q\u00ebndrueshm\u00ebrin\u00eb dhe stabilitetin, ky bipod ofron nj\u00eb baz\u00eb t\u00eb besueshme p\u00ebr mjete t\u00eb ndryshme matjeje,<a href=\"https:\/\/mountlaser.com\/sq\/products\/\"> <strong>Bipod Topografik DZ22A<\/strong><\/a> duke siguruar lexime t\u00eb sakta n\u00eb kushte t\u00eb ndryshme pune.<\/p>\n<p><img fetchpriority=\"high\" decoding=\"async\" class=\"aligncenter wp-image-2963\" src=\"https:\/\/mountlaser.com\/wp-content\/uploads\/2025\/10\/DZ22A-\u9ed1\u82724.webp\" alt=\"DZ22A Surveying Bipod\" width=\"500\" height=\"500\" srcset=\"https:\/\/mountlaser.com\/wp-content\/uploads\/2025\/10\/DZ22A-\u9ed1\u82724.webp 1000w, https:\/\/mountlaser.com\/wp-content\/uploads\/2025\/10\/DZ22A-\u9ed1\u82724-300x300.webp 300w, https:\/\/mountlaser.com\/wp-content\/uploads\/2025\/10\/DZ22A-\u9ed1\u82724-400x400.webp 400w, https:\/\/mountlaser.com\/wp-content\/uploads\/2025\/10\/DZ22A-\u9ed1\u82724-800x800.webp 800w, https:\/\/mountlaser.com\/wp-content\/uploads\/2025\/10\/DZ22A-\u9ed1\u82724-600x600.webp 600w, https:\/\/mountlaser.com\/wp-content\/uploads\/2025\/10\/DZ22A-\u9ed1\u82724-150x150.webp 150w, https:\/\/mountlaser.com\/wp-content\/uploads\/2025\/10\/DZ22A-\u9ed1\u82724-768x768.webp 768w, https:\/\/mountlaser.com\/wp-content\/uploads\/2025\/10\/DZ22A-\u9ed1\u82724-12x12.webp 12w\" sizes=\"(max-width: 500px) 100vw, 500px\" \/><br \/>\nBipodi i Topografis\u00eb DZ22A \u00ebsht\u00eb i disponuesh\u00ebm n\u00eb versione t\u00eb shumta me kode ngjyrash, duke p\u00ebrfshir\u00eb Bipodin e Aluminumit DZ22A-RW (t\u00eb Kuqe-t\u00eb Bardh\u00eb), Bipodin e Aluminumit DZ22A-YL (t\u00eb Verdh\u00eb) dhe Bipodin e Aluminumit DZ22A-BK (t\u00eb Zi), duke lejuar identifikimin e leht\u00eb t\u00eb pajisjeve dhe koordinimin e ekipit n\u00eb vendet e pun\u00ebs.<img decoding=\"async\" class=\"aligncenter wp-image-2961\" src=\"https:\/\/mountlaser.com\/wp-content\/uploads\/2025\/10\/DZ22A-\u9ec4\u82722.webp\" alt=\"DZ22A Surveying Bipod\" width=\"500\" height=\"500\" srcset=\"https:\/\/mountlaser.com\/wp-content\/uploads\/2025\/10\/DZ22A-\u9ec4\u82722.webp 1000w, https:\/\/mountlaser.com\/wp-content\/uploads\/2025\/10\/DZ22A-\u9ec4\u82722-300x300.webp 300w, https:\/\/mountlaser.com\/wp-content\/uploads\/2025\/10\/DZ22A-\u9ec4\u82722-400x400.webp 400w, https:\/\/mountlaser.com\/wp-content\/uploads\/2025\/10\/DZ22A-\u9ec4\u82722-800x800.webp 800w, https:\/\/mountlaser.com\/wp-content\/uploads\/2025\/10\/DZ22A-\u9ec4\u82722-600x600.webp 600w, https:\/\/mountlaser.com\/wp-content\/uploads\/2025\/10\/DZ22A-\u9ec4\u82722-150x150.webp 150w, https:\/\/mountlaser.com\/wp-content\/uploads\/2025\/10\/DZ22A-\u9ec4\u82722-768x768.webp 768w, https:\/\/mountlaser.com\/wp-content\/uploads\/2025\/10\/DZ22A-\u9ec4\u82722-12x12.webp 12w\" sizes=\"(max-width: 500px) 100vw, 500px\" \/><\/p>\n<p>&nbsp;<\/p>\n<p>&nbsp;<\/p>","protected":false},"excerpt":{"rendered":"<ul>\n<li>P\u00ebrmban nj\u00eb tub t\u00eb brendsh\u00ebm t\u00eb fort\u00eb (OD18 mm, Argjend) dhe nj\u00eb tub t\u00eb jasht\u00ebm m\u00eb t\u00eb trash\u00eb (OD25 mm) p\u00ebr stabilitet t\u00eb shtuar dhe rezistenc\u00eb ndaj goditjeve.<\/li>\n<li>Zgjidhni nga bipodi prej alumini DZ22A-RW me dukshm\u00ebri t\u00eb lart\u00eb, bipodi prej alumini DZ22A-YL.<\/li>\n<li>ose bipodin standard prej alumini DZ22A-BK p\u00ebr t&#039;iu p\u00ebrshtatur nevojave dhe preferencave tuaja t\u00eb projektit.<\/li>\n<\/ul>","protected":false},"featured_media":2959,"comment_status":"open","ping_status":"closed","template":"","meta":[],"product_brand":[],"product_cat":[91,108],"product_tag":[],"class_list":{"0":"post-2955","1":"product","2":"type-product","3":"status-publish","4":"has-post-thumbnail","6":"product_cat-bipod-tripod","7":"product_cat-thumb-release-bipod","9":"first","10":"instock","11":"shipping-taxable","12":"product-type-simple"},"_links":{"self":[{"href":"https:\/\/mountlaser.com\/sq\/wp-json\/wp\/v2\/product\/2955","targetHints":{"allow":["GET"]}}],"collection":[{"href":"https:\/\/mountlaser.com\/sq\/wp-json\/wp\/v2\/product"}],"about":[{"href":"https:\/\/mountlaser.com\/sq\/wp-json\/wp\/v2\/types\/product"}],"replies":[{"embeddable":true,"href":"https:\/\/mountlaser.com\/sq\/wp-json\/wp\/v2\/comments?post=2955"}],"wp:featuredmedia":[{"embeddable":true,"href":"https:\/\/mountlaser.com\/sq\/wp-json\/wp\/v2\/media\/2959"}],"wp:attachment":[{"href":"https:\/\/mountlaser.com\/sq\/wp-json\/wp\/v2\/media?parent=2955"}],"wp:term":[{"taxonomy":"product_brand","embeddable":true,"href":"https:\/\/mountlaser.com\/sq\/wp-json\/wp\/v2\/product_brand?post=2955"},{"taxonomy":"product_cat","embeddable":true,"href":"https:\/\/mountlaser.com\/sq\/wp-json\/wp\/v2\/product_cat?post=2955"},{"taxonomy":"product_tag","embeddable":true,"href":"https:\/\/mountlaser.com\/sq\/wp-json\/wp\/v2\/product_tag?post=2955"}],"curies":[{"name":"wp","href":"https:\/\/api.w.org\/{rel}","templated":true}]}}