{"id":2947,"date":"2025-10-24T09:11:47","date_gmt":"2025-10-24T09:11:47","guid":{"rendered":"https:\/\/mountlaser.com\/?post_type=product&#038;p=2947"},"modified":"2025-11-28T05:06:17","modified_gmt":"2025-11-28T05:06:17","slug":"mnb02a-aluminum-mini-bipod","status":"publish","type":"product","link":"https:\/\/mountlaser.com\/sq\/produkt\/mnb02a-aluminum-mini-bipod\/","title":{"rendered":"Mini bipod alumini MNB02A"},"content":{"rendered":"<p>I\/E\/T\u00eb\/T\u00eb <a href=\"https:\/\/mountlaser.com\/sq\/\"><strong>Mini bipod alumini MNB02A<\/strong><\/a> Ofron stabilitet profesional n\u00eb nj\u00eb form\u00eb kompakte, t\u00eb projektuar posa\u00e7\u00ebrisht p\u00ebr aplikime matjeje precize. Ky Mini Prism Bipod i fuqish\u00ebm p\u00ebrmban nj\u00eb tub t\u00eb brendsh\u00ebm alumini t\u00eb zi t\u00eb l\u00ebmuar me diamet\u00ebr OD 18 mm, duke ofruar si pamje estetike ashtu edhe q\u00ebndrueshm\u00ebri funksionale. Me aft\u00ebsin\u00eb e tij t\u00eb zgjatjes prej 29 cm, ky Mini Prism Bipod i gjithansh\u00ebm ofron rregullim optimal t\u00eb lart\u00ebsis\u00eb p\u00ebr aplikime mini prizmi, duke ruajtur nj\u00ebkoh\u00ebsisht stabilitet t\u00eb jasht\u00ebzakonsh\u00ebm p\u00ebrmes dizajnit t\u00eb tij t\u00eb k\u00ebmb\u00ebs fikse.<\/p>\n<p><img fetchpriority=\"high\" decoding=\"async\" class=\"aligncenter wp-image-2949\" src=\"https:\/\/mountlaser.com\/wp-content\/uploads\/2025\/10\/MNB02-2.webp\" alt=\"Mini Prism Bipod\" width=\"500\" height=\"500\" srcset=\"https:\/\/mountlaser.com\/wp-content\/uploads\/2025\/10\/MNB02-2.webp 1000w, https:\/\/mountlaser.com\/wp-content\/uploads\/2025\/10\/MNB02-2-300x300.webp 300w, https:\/\/mountlaser.com\/wp-content\/uploads\/2025\/10\/MNB02-2-400x400.webp 400w, https:\/\/mountlaser.com\/wp-content\/uploads\/2025\/10\/MNB02-2-800x800.webp 800w, https:\/\/mountlaser.com\/wp-content\/uploads\/2025\/10\/MNB02-2-600x600.webp 600w, https:\/\/mountlaser.com\/wp-content\/uploads\/2025\/10\/MNB02-2-150x150.webp 150w, https:\/\/mountlaser.com\/wp-content\/uploads\/2025\/10\/MNB02-2-768x768.webp 768w, https:\/\/mountlaser.com\/wp-content\/uploads\/2025\/10\/MNB02-2-12x12.webp 12w\" sizes=\"(max-width: 500px) 100vw, 500px\" \/><\/p>\n<p>I prodhuar me p\u00ebrpunim preciz, ky i besuesh\u00ebm <a href=\"https:\/\/mountlaser.com\/sq\/products\/\"><strong>Mini Prism Bipod<\/strong><\/a> Siguron mb\u00ebshtetje t\u00eb q\u00ebndrueshme p\u00ebr instrumente t\u00eb ndryshme matjeje. Nd\u00ebrtimi i aluminit t\u00eb zi t\u00eb l\u00ebmuar jo vet\u00ebm q\u00eb rrit rezistenc\u00ebn ndaj korrozionit, por gjithashtu ofron nj\u00eb pamje profesionale q\u00eb i reziston kushteve t\u00eb rrepta t\u00eb fush\u00ebs. Dizajni i k\u00ebmb\u00ebs fikse garanton kontakt t\u00eb vazhduesh\u00ebm me tok\u00ebn, duke eliminuar problemet e paq\u00ebndrueshm\u00ebris\u00eb q\u00eb zakonisht shoq\u00ebrohen me k\u00ebmb\u00ebt e rregullueshme n\u00eb bipod\u00ebt kompakt\u00eb.<\/p>","protected":false},"excerpt":{"rendered":"<ul>\n<li>Tub i brendsh\u00ebm alumini i zi i l\u00ebmuar me diamet\u00ebr 18 mm OD p\u00ebr q\u00ebndrueshm\u00ebri<\/li>\n<li>Diapazon zgjatimi 29 cm p\u00ebr rregullim optimal t\u00eb lart\u00ebsis\u00eb<\/li>\n<li>Dizajn i fiksuar i k\u00ebmb\u00ebs p\u00ebr stabilitet t\u00eb shtuar<\/li>\n<li>Kompakt dhe i leht\u00eb p\u00ebr transportueshm\u00ebri t\u00eb leht\u00eb<\/li>\n<li>Nd\u00ebrtim rezistent ndaj korrozionit p\u00ebr jet\u00ebgjat\u00ebsi t\u00eb gjat\u00eb sh\u00ebrbimi<\/li>\n<\/ul>","protected":false},"featured_media":2948,"comment_status":"open","ping_status":"closed","template":"","meta":[],"product_brand":[],"product_cat":[91,108],"product_tag":[],"class_list":{"0":"post-2947","1":"product","2":"type-product","3":"status-publish","4":"has-post-thumbnail","6":"product_cat-bipod-tripod","7":"product_cat-thumb-release-bipod","9":"first","10":"instock","11":"shipping-taxable","12":"product-type-simple"},"_links":{"self":[{"href":"https:\/\/mountlaser.com\/sq\/wp-json\/wp\/v2\/product\/2947","targetHints":{"allow":["GET"]}}],"collection":[{"href":"https:\/\/mountlaser.com\/sq\/wp-json\/wp\/v2\/product"}],"about":[{"href":"https:\/\/mountlaser.com\/sq\/wp-json\/wp\/v2\/types\/product"}],"replies":[{"embeddable":true,"href":"https:\/\/mountlaser.com\/sq\/wp-json\/wp\/v2\/comments?post=2947"}],"wp:featuredmedia":[{"embeddable":true,"href":"https:\/\/mountlaser.com\/sq\/wp-json\/wp\/v2\/media\/2948"}],"wp:attachment":[{"href":"https:\/\/mountlaser.com\/sq\/wp-json\/wp\/v2\/media?parent=2947"}],"wp:term":[{"taxonomy":"product_brand","embeddable":true,"href":"https:\/\/mountlaser.com\/sq\/wp-json\/wp\/v2\/product_brand?post=2947"},{"taxonomy":"product_cat","embeddable":true,"href":"https:\/\/mountlaser.com\/sq\/wp-json\/wp\/v2\/product_cat?post=2947"},{"taxonomy":"product_tag","embeddable":true,"href":"https:\/\/mountlaser.com\/sq\/wp-json\/wp\/v2\/product_tag?post=2947"}],"curies":[{"name":"wp","href":"https:\/\/api.w.org\/{rel}","templated":true}]}}