{"id":2939,"date":"2025-10-24T09:03:27","date_gmt":"2025-10-24T09:03:27","guid":{"rendered":"https:\/\/mountlaser.com\/?post_type=product&#038;p=2939"},"modified":"2025-11-28T05:13:21","modified_gmt":"2025-11-28T05:13:21","slug":"mnb01a-aluminum-mini-bipod","status":"publish","type":"product","link":"https:\/\/mountlaser.com\/sq\/produkt\/mnb01a-aluminum-mini-bipod\/","title":{"rendered":"MNB01A Mini Bipod Alumini"},"content":{"rendered":"<p>I\/E\/T\u00eb\/T\u00eb <a href=\"https:\/\/mountlaser.com\/sq\/\"><strong>MNB01A Mini Bipod Alumini<\/strong> <\/a>Vendos nj\u00eb standard t\u00eb ri p\u00ebr zgjidhje mb\u00ebshtet\u00ebse kompakte n\u00eb aplikimet e matjes precize. Ky bipod alumini mini prizmal shum\u00ebfunksional \u00ebsht\u00eb projektuar me ekspertiz\u00eb nga alumini me trash\u00ebsi OD18 mm argjendi, duke ofruar q\u00ebndrueshm\u00ebri t\u00eb jasht\u00ebzakonshme duke ruajtur karakteristika t\u00eb jasht\u00ebzakonshme t\u00eb pesh\u00ebs s\u00eb leht\u00eb. I projektuar posa\u00e7\u00ebrisht p\u00ebr t&#039;iu p\u00ebrshtatur shtyllave mini prizmale, ky bipod alumini mini prizmal profesional ofron stabilitet t\u00eb besuesh\u00ebm me lart\u00ebsin\u00eb e tij t\u00eb optimizuar prej 22 cm, duke e b\u00ebr\u00eb ideal p\u00ebr detyra t\u00eb ndryshme matjeje n\u00eb terren dhe nd\u00ebrtim.<\/p>\n<p>&nbsp;<\/p>\n<p><img fetchpriority=\"high\" decoding=\"async\" class=\"aligncenter wp-image-2941\" src=\"https:\/\/mountlaser.com\/wp-content\/uploads\/2025\/10\/MNB01-2.webp\" alt=\"Mini Prism Aluminum Bipod\" width=\"500\" height=\"500\" srcset=\"https:\/\/mountlaser.com\/wp-content\/uploads\/2025\/10\/MNB01-2.webp 1000w, https:\/\/mountlaser.com\/wp-content\/uploads\/2025\/10\/MNB01-2-300x300.webp 300w, https:\/\/mountlaser.com\/wp-content\/uploads\/2025\/10\/MNB01-2-400x400.webp 400w, https:\/\/mountlaser.com\/wp-content\/uploads\/2025\/10\/MNB01-2-800x800.webp 800w, https:\/\/mountlaser.com\/wp-content\/uploads\/2025\/10\/MNB01-2-600x600.webp 600w, https:\/\/mountlaser.com\/wp-content\/uploads\/2025\/10\/MNB01-2-150x150.webp 150w, https:\/\/mountlaser.com\/wp-content\/uploads\/2025\/10\/MNB01-2-768x768.webp 768w, https:\/\/mountlaser.com\/wp-content\/uploads\/2025\/10\/MNB01-2-12x12.webp 12w\" sizes=\"(max-width: 500px) 100vw, 500px\" \/><\/p>\n<p>I nd\u00ebrtuar duke pasur parasysh sakt\u00ebsin\u00eb dhe praktik\u00ebn, ky i p\u00ebrparuar <a href=\"https:\/\/mountlaser.com\/sq\/products\/\"><strong>Mini Prism Alumini Bipod<\/strong><\/a> Siguron mb\u00ebshtetje t\u00eb q\u00ebndrueshme p\u00ebr mini prizmin tuaj n\u00eb mjedise t\u00eb ndryshme pune. Nd\u00ebrtimi i aluminit me oksid argjendi jo vet\u00ebm q\u00eb rrit rezistenc\u00ebn ndaj korrozionit, por gjithashtu garanton performanc\u00eb afatgjat\u00eb n\u00eb kushte t\u00eb v\u00ebshtira. Me dizajnin e tij kompakt dhe cil\u00ebsin\u00eb e fort\u00eb t\u00eb nd\u00ebrtimit, ky mini bipod ofron ekuilibrin e p\u00ebrsosur midis transportueshm\u00ebris\u00eb dhe funksionalitetit, duke siguruar q\u00eb instrumentet tuaja mat\u00ebse t\u00eb mbeten t\u00eb pozicionuara n\u00eb m\u00ebnyr\u00eb t\u00eb sigurt p\u00ebr mbledhje t\u00eb sakt\u00eb t\u00eb t\u00eb dh\u00ebnave.<\/p>","protected":false},"excerpt":{"rendered":"<ul>\n<li>Ofron mb\u00ebshtetje t\u00eb q\u00ebndrueshme p\u00ebr polet mini-priz\u00ebm<\/li>\n<li>Nd\u00ebrtim alumini me oksid argjendi p\u00ebr q\u00ebndrueshm\u00ebri t\u00eb shtuar<\/li>\n<li>Lart\u00ebsi kompakte 22 cm p\u00ebr pozicionim t\u00eb gjithansh\u00ebm<\/li>\n<li>Dizajn i leht\u00eb p\u00ebr transportueshm\u00ebri t\u00eb leht\u00eb<\/li>\n<\/ul>","protected":false},"featured_media":2942,"comment_status":"open","ping_status":"closed","template":"","meta":[],"product_brand":[],"product_cat":[91,108],"product_tag":[],"class_list":{"0":"post-2939","1":"product","2":"type-product","3":"status-publish","4":"has-post-thumbnail","6":"product_cat-bipod-tripod","7":"product_cat-thumb-release-bipod","9":"first","10":"instock","11":"shipping-taxable","12":"product-type-simple"},"_links":{"self":[{"href":"https:\/\/mountlaser.com\/sq\/wp-json\/wp\/v2\/product\/2939","targetHints":{"allow":["GET"]}}],"collection":[{"href":"https:\/\/mountlaser.com\/sq\/wp-json\/wp\/v2\/product"}],"about":[{"href":"https:\/\/mountlaser.com\/sq\/wp-json\/wp\/v2\/types\/product"}],"replies":[{"embeddable":true,"href":"https:\/\/mountlaser.com\/sq\/wp-json\/wp\/v2\/comments?post=2939"}],"wp:featuredmedia":[{"embeddable":true,"href":"https:\/\/mountlaser.com\/sq\/wp-json\/wp\/v2\/media\/2942"}],"wp:attachment":[{"href":"https:\/\/mountlaser.com\/sq\/wp-json\/wp\/v2\/media?parent=2939"}],"wp:term":[{"taxonomy":"product_brand","embeddable":true,"href":"https:\/\/mountlaser.com\/sq\/wp-json\/wp\/v2\/product_brand?post=2939"},{"taxonomy":"product_cat","embeddable":true,"href":"https:\/\/mountlaser.com\/sq\/wp-json\/wp\/v2\/product_cat?post=2939"},{"taxonomy":"product_tag","embeddable":true,"href":"https:\/\/mountlaser.com\/sq\/wp-json\/wp\/v2\/product_tag?post=2939"}],"curies":[{"name":"wp","href":"https:\/\/api.w.org\/{rel}","templated":true}]}}