{"id":2929,"date":"2025-10-24T08:48:43","date_gmt":"2025-10-24T08:48:43","guid":{"rendered":"https:\/\/mountlaser.com\/?post_type=product&#038;p=2929"},"modified":"2025-11-28T05:15:52","modified_gmt":"2025-11-28T05:15:52","slug":"fpps-aluminum-pole-tripod","status":"publish","type":"product","link":"https:\/\/mountlaser.com\/sq\/produkt\/fpps-aluminum-pole-tripod\/","title":{"rendered":"Tripod alumini me shtyll\u00eb FPPS"},"content":{"rendered":"<p>I\/E\/T\u00eb\/T\u00eb <a href=\"https:\/\/mountlaser.com\/sq\/\"><strong>Tripod alumini me shtyll\u00eb FPPS<\/strong><\/a> Ofron stabilitet dhe shkatht\u00ebsi t\u00eb nivelit profesional p\u00ebr aplikimet moderne t\u00eb matjeve. I projektuar si nj\u00eb Tripod Shtylle Teleskopike prej Alumini p\u00ebr pun\u00eb t\u00eb r\u00ebnd\u00eb, ai ofron mb\u00ebshtetje t\u00eb jasht\u00ebzakonshme p\u00ebr mini prizma me shtylla, shtylla prizmash dhe shufra nivelimi. I nd\u00ebrtuar nga alumini me rezistenc\u00eb t\u00eb lart\u00eb, ky Tripod Shtylle Teleskopike prej Alumini i q\u00ebndruesh\u00ebm ruan ekuilibrin e p\u00ebrsosur midis transportueshm\u00ebris\u00eb s\u00eb leht\u00eb dhe q\u00ebndrueshm\u00ebris\u00eb s\u00eb fort\u00eb, duke e b\u00ebr\u00eb at\u00eb ideal p\u00ebr p\u00ebrdorim t\u00eb zgjatur n\u00eb terren.<\/p>\n<p><img fetchpriority=\"high\" decoding=\"async\" class=\"aligncenter wp-image-2930\" src=\"https:\/\/mountlaser.com\/wp-content\/uploads\/2025\/10\/FPPS2-1.webp\" alt=\"Aluminum Telescoping Pole TriPod\" width=\"500\" height=\"500\" srcset=\"https:\/\/mountlaser.com\/wp-content\/uploads\/2025\/10\/FPPS2-1.webp 1000w, https:\/\/mountlaser.com\/wp-content\/uploads\/2025\/10\/FPPS2-1-300x300.webp 300w, https:\/\/mountlaser.com\/wp-content\/uploads\/2025\/10\/FPPS2-1-400x400.webp 400w, https:\/\/mountlaser.com\/wp-content\/uploads\/2025\/10\/FPPS2-1-800x800.webp 800w, https:\/\/mountlaser.com\/wp-content\/uploads\/2025\/10\/FPPS2-1-600x600.webp 600w, https:\/\/mountlaser.com\/wp-content\/uploads\/2025\/10\/FPPS2-1-150x150.webp 150w, https:\/\/mountlaser.com\/wp-content\/uploads\/2025\/10\/FPPS2-1-768x768.webp 768w, https:\/\/mountlaser.com\/wp-content\/uploads\/2025\/10\/FPPS2-1-12x12.webp 12w\" sizes=\"(max-width: 500px) 100vw, 500px\" \/><\/p>\n<p>Me nj\u00eb rr\u00ebshqit\u00ebs koke ekstra t\u00eb gjat\u00eb 150 mm t\u00eb kombinuar me nj\u00eb kok\u00eb t\u00eb tipit g\u00ebrsh\u00ebr\u00eb q\u00eb l\u00ebviz lirisht, kjo e p\u00ebrparuar <a href=\"https:\/\/mountlaser.com\/sq\/about-us\/\"><strong>Tripod me Shtyll\u00eb Teleskopike prej Alumini<\/strong><\/a> ofron fleksibilitet superior n\u00eb rregullim dhe pozicionim t\u00eb sakt\u00eb t\u00eb instrumenteve. Me nj\u00eb aft\u00ebsi zgjatimi mbres\u00ebl\u00ebn\u00ebse prej 128 cm dhe nj\u00eb konstruksion t\u00eb fort\u00eb me diamet\u00ebr jasht\u00eb 18\/25 mm, trek\u00ebmb\u00ebshi siguron performanc\u00eb t\u00eb besueshme n\u00eb terrene t\u00eb ndryshme. Sistemi i ky\u00e7jes me kompresim siguron instalim t\u00eb shpejt\u00eb dhe ky\u00e7je t\u00eb sigurt, nd\u00ebrsa mbajt\u00ebsja universale e filetos akomodon me leht\u00ebsi shufra \u044425-30 mm dhe \u04448-10 mm. Paketa e plot\u00eb p\u00ebrfshin nj\u00eb kuti t\u00eb but\u00eb mbrojt\u00ebse dhe nj\u00eb kuti t\u00eb brendshme p\u00ebr transport t\u00eb p\u00ebrshtatsh\u00ebm.<\/p>","protected":false},"excerpt":{"rendered":"<ul>\n<li>Nd\u00ebrtim i leht\u00eb alumini me raport t\u00eb shk\u00eblqyer t\u00eb forc\u00ebs ndaj pesh\u00ebs<\/li>\n<li>Rr\u00ebshqit\u00ebs koke 150 mm me kok\u00eb t\u00eb tipit g\u00ebrsh\u00ebr\u00eb p\u00ebr rregullime t\u00eb sakta<\/li>\n<li>Diapazon zgjatimi 128 cm me mekaniz\u00ebm bllokimi me kompresion<\/li>\n<li>Mbajt\u00ebse universale e filetove p\u00ebr shufra \u044425-30mm ose \u04448-10mm<\/li>\n<\/ul>","protected":false},"featured_media":2932,"comment_status":"open","ping_status":"closed","template":"","meta":[],"product_brand":[],"product_cat":[91,107],"product_tag":[],"class_list":{"0":"post-2929","1":"product","2":"type-product","3":"status-publish","4":"has-post-thumbnail","6":"product_cat-bipod-tripod","7":"product_cat-aluminum-pole-tripod","9":"first","10":"instock","11":"shipping-taxable","12":"product-type-simple"},"_links":{"self":[{"href":"https:\/\/mountlaser.com\/sq\/wp-json\/wp\/v2\/product\/2929","targetHints":{"allow":["GET"]}}],"collection":[{"href":"https:\/\/mountlaser.com\/sq\/wp-json\/wp\/v2\/product"}],"about":[{"href":"https:\/\/mountlaser.com\/sq\/wp-json\/wp\/v2\/types\/product"}],"replies":[{"embeddable":true,"href":"https:\/\/mountlaser.com\/sq\/wp-json\/wp\/v2\/comments?post=2929"}],"wp:featuredmedia":[{"embeddable":true,"href":"https:\/\/mountlaser.com\/sq\/wp-json\/wp\/v2\/media\/2932"}],"wp:attachment":[{"href":"https:\/\/mountlaser.com\/sq\/wp-json\/wp\/v2\/media?parent=2929"}],"wp:term":[{"taxonomy":"product_brand","embeddable":true,"href":"https:\/\/mountlaser.com\/sq\/wp-json\/wp\/v2\/product_brand?post=2929"},{"taxonomy":"product_cat","embeddable":true,"href":"https:\/\/mountlaser.com\/sq\/wp-json\/wp\/v2\/product_cat?post=2929"},{"taxonomy":"product_tag","embeddable":true,"href":"https:\/\/mountlaser.com\/sq\/wp-json\/wp\/v2\/product_tag?post=2929"}],"curies":[{"name":"wp","href":"https:\/\/api.w.org\/{rel}","templated":true}]}}