{"id":2922,"date":"2025-10-24T08:26:07","date_gmt":"2025-10-24T08:26:07","guid":{"rendered":"https:\/\/mountlaser.com\/?post_type=product&#038;p=2922"},"modified":"2025-11-28T05:16:56","modified_gmt":"2025-11-28T05:16:56","slug":"mpps-aluminum-pole-tripod","status":"publish","type":"product","link":"https:\/\/mountlaser.com\/sq\/produkt\/mpps-aluminum-pole-tripod\/","title":{"rendered":"Tripod alumini me shtyll\u00eb MPPS"},"content":{"rendered":"<p>I\/E\/T\u00eb\/T\u00eb <a href=\"https:\/\/mountlaser.com\/sq\/\"><strong>Tripod alumini me shtyll\u00eb MPPS<\/strong> <\/a>\u00ebsht\u00eb nj\u00eb zgjidhje mb\u00ebshtet\u00ebse e projektuar me precizion t\u00eb lart\u00eb, e projektuar p\u00ebr profesionist\u00ebt e matjeve q\u00eb k\u00ebrkojn\u00eb besueshm\u00ebri dhe shkatht\u00ebsi n\u00eb terren. Si nj\u00eb Tripod i fuqish\u00ebm prej alumini p\u00ebr shtylla, ai ofron stabilitet t\u00eb jasht\u00ebzakonsh\u00ebm p\u00ebr mini prizma me shtylla, shtylla prizmash dhe shufra nivelimi. I nd\u00ebrtuar nga alumini i cil\u00ebsis\u00eb s\u00eb lart\u00eb, ky Tripod prej alumini p\u00ebr shtylla kombinon leht\u00ebsin\u00eb e transportit me q\u00ebndrueshm\u00ebri t\u00eb jasht\u00ebzakonshme, duke e b\u00ebr\u00eb ideal p\u00ebr aplikime t\u00eb k\u00ebrkuara.<\/p>\n<p><img fetchpriority=\"high\" decoding=\"async\" class=\"aligncenter wp-image-2923\" src=\"https:\/\/mountlaser.com\/wp-content\/uploads\/2025\/10\/MPPS-2.webp\" alt=\"Aluminum Range Pole Tripod\" width=\"500\" height=\"500\" srcset=\"https:\/\/mountlaser.com\/wp-content\/uploads\/2025\/10\/MPPS-2.webp 1000w, https:\/\/mountlaser.com\/wp-content\/uploads\/2025\/10\/MPPS-2-300x300.webp 300w, https:\/\/mountlaser.com\/wp-content\/uploads\/2025\/10\/MPPS-2-400x400.webp 400w, https:\/\/mountlaser.com\/wp-content\/uploads\/2025\/10\/MPPS-2-800x800.webp 800w, https:\/\/mountlaser.com\/wp-content\/uploads\/2025\/10\/MPPS-2-600x600.webp 600w, https:\/\/mountlaser.com\/wp-content\/uploads\/2025\/10\/MPPS-2-150x150.webp 150w, https:\/\/mountlaser.com\/wp-content\/uploads\/2025\/10\/MPPS-2-768x768.webp 768w, https:\/\/mountlaser.com\/wp-content\/uploads\/2025\/10\/MPPS-2-12x12.webp 12w\" sizes=\"(max-width: 500px) 100vw, 500px\" \/><\/p>\n<p>Me nj\u00eb rr\u00ebshqit\u00ebs koke 80 mm dhe nj\u00eb kok\u00eb t\u00eb tipit g\u00ebrsh\u00ebr\u00eb q\u00eb l\u00ebviz lirisht, kjo<a href=\"https:\/\/mountlaser.com\/sq\/about-us\/\"> <strong>Tripod me shtyll\u00eb alumini p\u00ebr telekomand\u00eb<\/strong><\/a> mund\u00ebson rregullime t\u00eb lehta dhe rreshtim t\u00eb sakt\u00eb t\u00eb instrumenteve t\u00eb matjes. K\u00ebmb\u00ebt teleskopike, t\u00eb siguruara nga nj\u00eb sistem bllokimi me kompresion, shtrihen deri n\u00eb 90 cm duke ruajtur ngurt\u00ebsin\u00eb. Me nj\u00eb diamet\u00ebr jasht\u00ebsor prej 18\/25 mm, trek\u00ebmb\u00ebshi siguron stabilitet n\u00eb terrene t\u00eb ndryshme. P\u00ebr m\u00eb shum\u00eb komoditet, ai vjen i kompletuar me nj\u00eb \u00e7ant\u00eb t\u00eb but\u00eb transporti dhe nj\u00eb kuti t\u00eb brendshme, duke siguruar mbrojtje dhe leht\u00ebsi transporti.<\/p>","protected":false},"excerpt":{"rendered":"<ul>\n<li>Ofron mb\u00ebshtetje t\u00eb q\u00ebndrueshme p\u00ebr mini prizma me shtylla, shtylla prizmash dhe shufra niveluese<\/li>\n<li>Nd\u00ebrtim i leht\u00eb alumini p\u00ebr transportueshm\u00ebri t\u00eb p\u00ebrmir\u00ebsuar dhe p\u00ebrdorim afatgjat\u00eb<\/li>\n<li>Kok\u00eb e tipit g\u00ebrsh\u00ebr\u00eb me rr\u00ebshqit\u00ebs 80 mm p\u00ebr rregullime fleksibile dhe t\u00eb sakta<\/li>\n<\/ul>","protected":false},"featured_media":2925,"comment_status":"open","ping_status":"closed","template":"","meta":[],"product_brand":[],"product_cat":[91,107],"product_tag":[],"class_list":{"0":"post-2922","1":"product","2":"type-product","3":"status-publish","4":"has-post-thumbnail","6":"product_cat-bipod-tripod","7":"product_cat-aluminum-pole-tripod","9":"first","10":"instock","11":"shipping-taxable","12":"product-type-simple"},"_links":{"self":[{"href":"https:\/\/mountlaser.com\/sq\/wp-json\/wp\/v2\/product\/2922","targetHints":{"allow":["GET"]}}],"collection":[{"href":"https:\/\/mountlaser.com\/sq\/wp-json\/wp\/v2\/product"}],"about":[{"href":"https:\/\/mountlaser.com\/sq\/wp-json\/wp\/v2\/types\/product"}],"replies":[{"embeddable":true,"href":"https:\/\/mountlaser.com\/sq\/wp-json\/wp\/v2\/comments?post=2922"}],"wp:featuredmedia":[{"embeddable":true,"href":"https:\/\/mountlaser.com\/sq\/wp-json\/wp\/v2\/media\/2925"}],"wp:attachment":[{"href":"https:\/\/mountlaser.com\/sq\/wp-json\/wp\/v2\/media?parent=2922"}],"wp:term":[{"taxonomy":"product_brand","embeddable":true,"href":"https:\/\/mountlaser.com\/sq\/wp-json\/wp\/v2\/product_brand?post=2922"},{"taxonomy":"product_cat","embeddable":true,"href":"https:\/\/mountlaser.com\/sq\/wp-json\/wp\/v2\/product_cat?post=2922"},{"taxonomy":"product_tag","embeddable":true,"href":"https:\/\/mountlaser.com\/sq\/wp-json\/wp\/v2\/product_tag?post=2922"}],"curies":[{"name":"wp","href":"https:\/\/api.w.org\/{rel}","templated":true}]}}