{"id":2913,"date":"2025-10-24T08:19:59","date_gmt":"2025-10-24T08:19:59","guid":{"rendered":"https:\/\/mountlaser.com\/?post_type=product&#038;p=2913"},"modified":"2025-11-28T05:18:24","modified_gmt":"2025-11-28T05:18:24","slug":"pps-aluminum-pole-tripod","status":"publish","type":"product","link":"https:\/\/mountlaser.com\/sq\/produkt\/pps-aluminum-pole-tripod\/","title":{"rendered":"Tripod alumini me shtyll\u00eb PPS"},"content":{"rendered":"<p>I\/E\/T\u00eb\/T\u00eb <a href=\"https:\/\/mountlaser.com\/sq\/\"><strong>Tripod alumini me shtyll\u00eb PPS<\/strong><\/a> ofron stabilitet dhe shkatht\u00ebsi t\u00eb nivelit profesional p\u00ebr aplikimet moderne t\u00eb matjeve. I projektuar si nj\u00eb i besuesh\u00ebm <a href=\"https:\/\/mountlaser.com\/sq\/products\/\"><strong>Tripod me Shtyll\u00eb Alumini me Kap\u00ebse<\/strong><\/a>, ai p\u00ebrmban nj\u00eb sistem t\u00eb fuqish\u00ebm ky\u00e7jeje me kompresim q\u00eb siguron pozicionim t\u00eb sigurt dhe konfigurim t\u00eb shpejt\u00eb. Ky Tripod i q\u00ebndruesh\u00ebm prej alumini me kap\u00ebse \u00ebsht\u00eb krijuar nga alumini me rezistenc\u00eb t\u00eb lart\u00eb, duke ofruar nj\u00eb ekuilib\u00ebr optimal midis transportueshm\u00ebris\u00eb s\u00eb leht\u00eb dhe q\u00ebndrueshm\u00ebris\u00eb afatgjat\u00eb, duke e b\u00ebr\u00eb at\u00eb ideal p\u00ebr p\u00ebrdorim t\u00eb zgjatur n\u00eb terren me mini prizma, shtylla prizmash dhe shufra nivelimi.<\/p>\n<p>&nbsp;<\/p>\n<p><img fetchpriority=\"high\" decoding=\"async\" class=\"aligncenter wp-image-2917\" src=\"https:\/\/mountlaser.com\/wp-content\/uploads\/2025\/10\/PPS-5-1.webp\" alt=\"Prism Pole Tripod \" width=\"500\" height=\"500\" srcset=\"https:\/\/mountlaser.com\/wp-content\/uploads\/2025\/10\/PPS-5-1.webp 1000w, https:\/\/mountlaser.com\/wp-content\/uploads\/2025\/10\/PPS-5-1-300x300.webp 300w, https:\/\/mountlaser.com\/wp-content\/uploads\/2025\/10\/PPS-5-1-400x400.webp 400w, https:\/\/mountlaser.com\/wp-content\/uploads\/2025\/10\/PPS-5-1-800x800.webp 800w, https:\/\/mountlaser.com\/wp-content\/uploads\/2025\/10\/PPS-5-1-600x600.webp 600w, https:\/\/mountlaser.com\/wp-content\/uploads\/2025\/10\/PPS-5-1-150x150.webp 150w, https:\/\/mountlaser.com\/wp-content\/uploads\/2025\/10\/PPS-5-1-768x768.webp 768w, https:\/\/mountlaser.com\/wp-content\/uploads\/2025\/10\/PPS-5-1-12x12.webp 12w\" sizes=\"(max-width: 500px) 100vw, 500px\" \/><\/p>\n<p>I\/E\/T\u00eb\/T\u00eb <a href=\"https:\/\/mountlaser.com\/sq\/contact-us\/\">Tripodi i Polit t\u00eb Prizm\u00ebs<\/a>\u2018Dizajni i p\u00ebrparuar i tij p\u00ebrfshin nj\u00eb rr\u00ebshqit\u00ebs koke 115 mm t\u00eb kombinuar me nj\u00eb kok\u00eb t\u00eb tipit g\u00ebrsh\u00ebr\u00eb q\u00eb l\u00ebviz lirisht, duke siguruar fleksibilitet t\u00eb jasht\u00ebzakonsh\u00ebm rregullimi dhe shtrirje t\u00eb sakt\u00eb t\u00eb instrumenteve. Me nj\u00eb gam\u00eb t\u00eb gjer\u00eb zgjatimi prej 120 cm dhe nj\u00eb nd\u00ebrtim t\u00eb fort\u00eb me diamet\u00ebr OD 18\/25 mm, ky Tripod profesional me Shtyll\u00eb Alumini me Kap\u00ebse ruan stabilitet t\u00eb jasht\u00ebzakonsh\u00ebm n\u00eb terrene dhe kushte t\u00eb ndryshme pune. K\u00ebmb\u00ebt teleskopike me mekaniz\u00ebm ky\u00e7jeje me kompresim ofrojn\u00eb mb\u00ebshtetje t\u00eb besueshme, nd\u00ebrsa kutia e but\u00eb e p\u00ebrfshir\u00eb dhe kutia e brendshme sigurojn\u00eb transport dhe ruajtje t\u00eb p\u00ebrshtatshme.<\/p>","protected":false},"excerpt":{"rendered":"<ul>\n<li>Sistem mbylljeje me kap\u00ebse kompresimi me trek\u00ebmb\u00ebsh Prism Pole p\u00ebr instalim t\u00eb sigurt dhe t\u00eb shpejt\u00eb<\/li>\n<li>Rr\u00ebshqit\u00ebs koke 115 mm me kok\u00eb t\u00eb tipit g\u00ebrsh\u00ebr\u00eb p\u00ebr rregullime t\u00eb sakta<\/li>\n<li>Nd\u00ebrtim i leht\u00eb alumini me raport t\u00eb lart\u00eb t\u00eb forc\u00ebs ndaj pesh\u00ebs<\/li>\n<\/ul>","protected":false},"featured_media":2915,"comment_status":"open","ping_status":"closed","template":"","meta":[],"product_brand":[],"product_cat":[91,107],"product_tag":[],"class_list":{"0":"post-2913","1":"product","2":"type-product","3":"status-publish","4":"has-post-thumbnail","6":"product_cat-bipod-tripod","7":"product_cat-aluminum-pole-tripod","9":"first","10":"instock","11":"shipping-taxable","12":"product-type-simple"},"_links":{"self":[{"href":"https:\/\/mountlaser.com\/sq\/wp-json\/wp\/v2\/product\/2913","targetHints":{"allow":["GET"]}}],"collection":[{"href":"https:\/\/mountlaser.com\/sq\/wp-json\/wp\/v2\/product"}],"about":[{"href":"https:\/\/mountlaser.com\/sq\/wp-json\/wp\/v2\/types\/product"}],"replies":[{"embeddable":true,"href":"https:\/\/mountlaser.com\/sq\/wp-json\/wp\/v2\/comments?post=2913"}],"wp:featuredmedia":[{"embeddable":true,"href":"https:\/\/mountlaser.com\/sq\/wp-json\/wp\/v2\/media\/2915"}],"wp:attachment":[{"href":"https:\/\/mountlaser.com\/sq\/wp-json\/wp\/v2\/media?parent=2913"}],"wp:term":[{"taxonomy":"product_brand","embeddable":true,"href":"https:\/\/mountlaser.com\/sq\/wp-json\/wp\/v2\/product_brand?post=2913"},{"taxonomy":"product_cat","embeddable":true,"href":"https:\/\/mountlaser.com\/sq\/wp-json\/wp\/v2\/product_cat?post=2913"},{"taxonomy":"product_tag","embeddable":true,"href":"https:\/\/mountlaser.com\/sq\/wp-json\/wp\/v2\/product_tag?post=2913"}],"curies":[{"name":"wp","href":"https:\/\/api.w.org\/{rel}","templated":true}]}}