{"id":2906,"date":"2025-10-24T08:07:11","date_gmt":"2025-10-24T08:07:11","guid":{"rendered":"https:\/\/mountlaser.com\/?post_type=product&#038;p=2906"},"modified":"2025-11-28T05:19:19","modified_gmt":"2025-11-28T05:19:19","slug":"qpps-aluminum-pole-tripod","status":"publish","type":"product","link":"https:\/\/mountlaser.com\/sq\/produkt\/qpps-aluminum-pole-tripod\/","title":{"rendered":"Tripod alumini me shtyll\u00eb QPPS"},"content":{"rendered":"<p>I\/E\/T\u00eb\/T\u00eb <a href=\"https:\/\/mountlaser.com\/sq\/\"><strong>Tripod alumini me shtyll\u00eb QPPS<\/strong><\/a> Vendos nj\u00eb standard t\u00eb ri p\u00ebr efikasitetin n\u00eb pajisjet mb\u00ebshtet\u00ebse t\u00eb matjeve. Ky Tripod Shtylle Alumini i p\u00ebrparuar me Kap\u00ebse p\u00ebrmban nj\u00eb mekaniz\u00ebm inovativ t\u00eb \u00e7lirimit t\u00eb shpejt\u00eb q\u00eb zvog\u00eblon ndjesh\u00ebm koh\u00ebn e instalimit, duke ruajtur nj\u00ebkoh\u00ebsisht stabilitet t\u00eb jasht\u00ebzakonsh\u00ebm p\u00ebr mini prizmat me shufra, shufrat e prizmave dhe shufrat e nivelimit. I projektuar me materiale alumini premium, ky Tripod Shtylle Alumini profesional me Kap\u00ebse ofron kombinimin perfekt t\u00eb trajtimit t\u00eb leht\u00eb dhe q\u00ebndrueshm\u00ebris\u00eb s\u00eb fort\u00eb, duke siguruar performanc\u00eb t\u00eb besueshme n\u00eb kushte t\u00eb v\u00ebshtira n\u00eb terren.<\/p>\n<p><img fetchpriority=\"high\" decoding=\"async\" class=\"aligncenter wp-image-2909\" src=\"https:\/\/mountlaser.com\/wp-content\/uploads\/2025\/10\/QPPS-5.webp\" alt=\"Aluminum Pole Tripod with Clamp\" width=\"500\" height=\"500\" srcset=\"https:\/\/mountlaser.com\/wp-content\/uploads\/2025\/10\/QPPS-5.webp 1000w, https:\/\/mountlaser.com\/wp-content\/uploads\/2025\/10\/QPPS-5-300x300.webp 300w, https:\/\/mountlaser.com\/wp-content\/uploads\/2025\/10\/QPPS-5-400x400.webp 400w, https:\/\/mountlaser.com\/wp-content\/uploads\/2025\/10\/QPPS-5-800x800.webp 800w, https:\/\/mountlaser.com\/wp-content\/uploads\/2025\/10\/QPPS-5-600x600.webp 600w, https:\/\/mountlaser.com\/wp-content\/uploads\/2025\/10\/QPPS-5-150x150.webp 150w, https:\/\/mountlaser.com\/wp-content\/uploads\/2025\/10\/QPPS-5-768x768.webp 768w, https:\/\/mountlaser.com\/wp-content\/uploads\/2025\/10\/QPPS-5-12x12.webp 12w\" sizes=\"(max-width: 500px) 100vw, 500px\" \/><\/p>\n<p>Karakteristika dalluese e trek\u00ebmb\u00ebshit \u00ebsht\u00eb sistemi i tij i kap\u00ebses me \u00e7lirim t\u00eb shpejt\u00eb, i cili lejon vendosjen e shpejt\u00eb dhe mbylljen e sigurt t\u00eb k\u00ebmb\u00ebve teleskopike. I kombinuar me kok\u00ebn e tipit g\u00ebrsh\u00ebr\u00eb q\u00eb l\u00ebviz lirisht, kjo <a href=\"https:\/\/mountlaser.com\/sq\/products\/\"><strong>Tripod me Shtyll\u00eb Alumini me Kap\u00ebse<\/strong><\/a> Ofron fleksibilitet t\u00eb pakrahasuesh\u00ebm rregullimi dhe pozicionim t\u00eb sakt\u00eb t\u00eb instrumenteve. Me nj\u00eb gam\u00eb mbres\u00ebl\u00ebn\u00ebse zgjatimi prej 120 cm, ai akomodon lart\u00ebsi t\u00eb ndryshme pune duke ruajtur stabilitetin p\u00ebrmes nd\u00ebrtimit t\u00eb tij t\u00eb fort\u00eb me diamet\u00ebr OD 18\/25 mm. Paketa e plot\u00eb p\u00ebrfshin nj\u00eb kuti t\u00eb but\u00eb mbrojt\u00ebse dhe nj\u00eb kuti t\u00eb brendshme, duke e b\u00ebr\u00eb at\u00eb ideal p\u00ebr transport dhe ruajtje.<\/p>","protected":false},"excerpt":{"rendered":"<ul>\n<li>Mekaniz\u00ebm kap\u00ebse me \u00e7lirim t\u00eb shpejt\u00eb p\u00ebr vendosje t\u00eb shpejt\u00eb dhe mbyllje t\u00eb sigurt<\/li>\n<li>Mb\u00ebshtet mini prizma me shtylla, shtylla prizmash dhe shkopinj nivelues<\/li>\n<li>Nd\u00ebrtim i leht\u00eb alumini me raport t\u00eb lart\u00eb t\u00eb forc\u00ebs ndaj pesh\u00ebs<\/li>\n<li>Diapazon zgjatimi 120 cm me sistem ndalimi t\u00eb k\u00ebmb\u00ebve teleskopike<\/li>\n<\/ul>","protected":false},"featured_media":2907,"comment_status":"open","ping_status":"closed","template":"","meta":[],"product_brand":[],"product_cat":[91,107],"product_tag":[],"class_list":{"0":"post-2906","1":"product","2":"type-product","3":"status-publish","4":"has-post-thumbnail","6":"product_cat-bipod-tripod","7":"product_cat-aluminum-pole-tripod","9":"first","10":"instock","11":"shipping-taxable","12":"product-type-simple"},"_links":{"self":[{"href":"https:\/\/mountlaser.com\/sq\/wp-json\/wp\/v2\/product\/2906","targetHints":{"allow":["GET"]}}],"collection":[{"href":"https:\/\/mountlaser.com\/sq\/wp-json\/wp\/v2\/product"}],"about":[{"href":"https:\/\/mountlaser.com\/sq\/wp-json\/wp\/v2\/types\/product"}],"replies":[{"embeddable":true,"href":"https:\/\/mountlaser.com\/sq\/wp-json\/wp\/v2\/comments?post=2906"}],"wp:featuredmedia":[{"embeddable":true,"href":"https:\/\/mountlaser.com\/sq\/wp-json\/wp\/v2\/media\/2907"}],"wp:attachment":[{"href":"https:\/\/mountlaser.com\/sq\/wp-json\/wp\/v2\/media?parent=2906"}],"wp:term":[{"taxonomy":"product_brand","embeddable":true,"href":"https:\/\/mountlaser.com\/sq\/wp-json\/wp\/v2\/product_brand?post=2906"},{"taxonomy":"product_cat","embeddable":true,"href":"https:\/\/mountlaser.com\/sq\/wp-json\/wp\/v2\/product_cat?post=2906"},{"taxonomy":"product_tag","embeddable":true,"href":"https:\/\/mountlaser.com\/sq\/wp-json\/wp\/v2\/product_tag?post=2906"}],"curies":[{"name":"wp","href":"https:\/\/api.w.org\/{rel}","templated":true}]}}