{"id":2899,"date":"2025-10-24T07:49:14","date_gmt":"2025-10-24T07:49:14","guid":{"rendered":"https:\/\/mountlaser.com\/?post_type=product&#038;p=2899"},"modified":"2025-11-28T05:20:44","modified_gmt":"2025-11-28T05:20:44","slug":"cpps-aluminum-pole-tripod","status":"publish","type":"product","link":"https:\/\/mountlaser.com\/sq\/produkt\/cpps-aluminum-pole-tripod\/","title":{"rendered":"Tripod alumini me shtyll\u00eb CPPS"},"content":{"rendered":"<p>Tripodi prej alumini CPPS \u00ebsht\u00eb nj\u00eb sistem mb\u00ebshtet\u00ebs i nivelit profesional i projektuar posa\u00e7\u00ebrisht p\u00ebr aplikime matjeje. Ky sistem shum\u00ebfunksional <a href=\"https:\/\/mountlaser.com\/sq\/about-us\/\"><strong>Tripod me shtyll\u00eb prizmike alumini<\/strong><\/a> Ofron stabilizim t\u00eb besuesh\u00ebm p\u00ebr mini prizma me shufra, shufra standarde prizmash dhe shufra nivelimi. I prodhuar nga aliazh alumini i cil\u00ebsis\u00eb s\u00eb lart\u00eb, ky Tripod me Shuf\u00ebr Prizmash Alumini ruan nj\u00eb ekuilib\u00ebr optimal midis leht\u00ebsis\u00eb s\u00eb transportueshm\u00ebris\u00eb dhe q\u00ebndrueshm\u00ebris\u00eb s\u00eb jasht\u00ebzakonshme, duke siguruar performanc\u00eb afatgjat\u00eb n\u00eb kushte t\u00eb v\u00ebshtira fushore.<\/p>\n<p>Tripodi ka nj\u00eb kok\u00eb t\u00eb l\u00ebvizshme lirisht si g\u00ebrsh\u00ebr\u00eb q\u00eb lejon rregullime t\u00eb lehta dhe pozicionim t\u00eb sakt\u00eb t\u00eb instrumenteve tuaja mat\u00ebse. Me sistemin e saj praktik t\u00eb ndalimit t\u00eb k\u00ebmb\u00ebve teleskopike, k\u00ebmb\u00ebt shtrihen dhe fiksohen n\u00eb vend, duke siguruar mb\u00ebshtetje t\u00eb q\u00ebndrueshme n\u00eb terrene t\u00eb ndryshme. Mekanizmi i ky\u00e7jes me kompresim siguron instalim t\u00eb shpejt\u00eb dhe funksionim t\u00eb besuesh\u00ebm. P\u00ebr transport dhe ruajtje t\u00eb p\u00ebrshtatshme, kompleti i plot\u00eb p\u00ebrfshin nj\u00eb kuti t\u00eb but\u00eb mbrojt\u00ebse dhe nj\u00eb kuti t\u00eb brendshme, duke e b\u00ebr\u00eb k\u00ebt\u00eb Tripod me Shtyll\u00eb Prizmike Alumini nj\u00eb shoq\u00ebrues ideal p\u00ebr gjeodet\u00ebt n\u00eb l\u00ebvizje.<\/p>\n<p><strong><a href=\"https:\/\/mountlaser.com\/sq\/contact-us\/\">Tripod alumini me shtyll\u00eb CPPS<\/a>:<\/strong><\/p>\n<p>ZGJATJE: 60 cm<\/p>\n<p>DIAMETRI: OD 18\/25 mm<\/p>\n<p>KY\u00c7: Kompresim<\/p>\n<p>&nbsp;<\/p>\n<p><img fetchpriority=\"high\" decoding=\"async\" class=\"aligncenter wp-image-2901\" src=\"https:\/\/mountlaser.com\/wp-content\/uploads\/2025\/10\/CPPS-2.webp\" alt=\"Aluminum Prism Pole Tripod\" width=\"500\" height=\"500\" srcset=\"https:\/\/mountlaser.com\/wp-content\/uploads\/2025\/10\/CPPS-2.webp 1000w, https:\/\/mountlaser.com\/wp-content\/uploads\/2025\/10\/CPPS-2-300x300.webp 300w, https:\/\/mountlaser.com\/wp-content\/uploads\/2025\/10\/CPPS-2-400x400.webp 400w, https:\/\/mountlaser.com\/wp-content\/uploads\/2025\/10\/CPPS-2-800x800.webp 800w, https:\/\/mountlaser.com\/wp-content\/uploads\/2025\/10\/CPPS-2-600x600.webp 600w, https:\/\/mountlaser.com\/wp-content\/uploads\/2025\/10\/CPPS-2-150x150.webp 150w, https:\/\/mountlaser.com\/wp-content\/uploads\/2025\/10\/CPPS-2-768x768.webp 768w, https:\/\/mountlaser.com\/wp-content\/uploads\/2025\/10\/CPPS-2-12x12.webp 12w\" sizes=\"(max-width: 500px) 100vw, 500px\" \/><\/p>","protected":false},"excerpt":{"rendered":"<ul>\n<li>Ofron mb\u00ebshtetje t\u00eb q\u00ebndrueshme p\u00ebr mini prizma me shtylla, shtylla prizmash dhe shufra niveluese<\/li>\n<li>Nd\u00ebrtim i leht\u00eb alumini me raport t\u00eb lart\u00eb t\u00eb forc\u00ebs ndaj pesh\u00ebs<\/li>\n<li>K\u00ebmb\u00eb teleskopike me sistem bllokimi kompresimi p\u00ebr pozicionim t\u00eb sigurt<\/li>\n<\/ul>","protected":false},"featured_media":2902,"comment_status":"open","ping_status":"closed","template":"","meta":[],"product_brand":[],"product_cat":[91,107],"product_tag":[],"class_list":{"0":"post-2899","1":"product","2":"type-product","3":"status-publish","4":"has-post-thumbnail","6":"product_cat-bipod-tripod","7":"product_cat-aluminum-pole-tripod","9":"first","10":"instock","11":"shipping-taxable","12":"product-type-simple"},"_links":{"self":[{"href":"https:\/\/mountlaser.com\/sq\/wp-json\/wp\/v2\/product\/2899","targetHints":{"allow":["GET"]}}],"collection":[{"href":"https:\/\/mountlaser.com\/sq\/wp-json\/wp\/v2\/product"}],"about":[{"href":"https:\/\/mountlaser.com\/sq\/wp-json\/wp\/v2\/types\/product"}],"replies":[{"embeddable":true,"href":"https:\/\/mountlaser.com\/sq\/wp-json\/wp\/v2\/comments?post=2899"}],"wp:featuredmedia":[{"embeddable":true,"href":"https:\/\/mountlaser.com\/sq\/wp-json\/wp\/v2\/media\/2902"}],"wp:attachment":[{"href":"https:\/\/mountlaser.com\/sq\/wp-json\/wp\/v2\/media?parent=2899"}],"wp:term":[{"taxonomy":"product_brand","embeddable":true,"href":"https:\/\/mountlaser.com\/sq\/wp-json\/wp\/v2\/product_brand?post=2899"},{"taxonomy":"product_cat","embeddable":true,"href":"https:\/\/mountlaser.com\/sq\/wp-json\/wp\/v2\/product_cat?post=2899"},{"taxonomy":"product_tag","embeddable":true,"href":"https:\/\/mountlaser.com\/sq\/wp-json\/wp\/v2\/product_tag?post=2899"}],"curies":[{"name":"wp","href":"https:\/\/api.w.org\/{rel}","templated":true}]}}