{"id":2888,"date":"2025-10-23T08:48:44","date_gmt":"2025-10-23T08:48:44","guid":{"rendered":"https:\/\/mountlaser.com\/?post_type=product&#038;p=2888"},"modified":"2025-11-28T05:21:55","modified_gmt":"2025-11-28T05:21:55","slug":"tps02-ss-triangle-prism-support","status":"publish","type":"product","link":"https:\/\/mountlaser.com\/sq\/produkt\/tps02-ss-triangle-prism-support\/","title":{"rendered":"Mb\u00ebshtet\u00ebse prizme trek\u00ebnd\u00ebshe TPS02-SS"},"content":{"rendered":"<p>Lazeri i Mountit <a href=\"https:\/\/mountlaser.com\/sq\/\"><strong>Mb\u00ebshtet\u00ebse Prizmike Trek\u00ebnd\u00ebshe TPS02-SS<\/strong><\/a> \u00ebsht\u00eb projektuar p\u00ebr gjeodet\u00ebt q\u00eb k\u00ebrkojn\u00eb stabilitet t\u00eb besuesh\u00ebm dhe me profil t\u00eb ul\u00ebt p\u00ebr matje precize. I projektuar p\u00ebr p\u00ebrdorim me prizma, ky Mb\u00ebshtet\u00ebs Prizmi Trek\u00ebnd\u00ebsh TPS02-SS \u00ebsht\u00eb ideal p\u00ebr matje me lart\u00ebsi t\u00eb ul\u00ebt, pun\u00eb detajesh dhe aplikime t\u00eb tjera ku nj\u00eb shtyll\u00eb prizmi me madh\u00ebsi t\u00eb plot\u00eb nuk \u00ebsht\u00eb e p\u00ebrshtatshme.<\/p>\n<p><img fetchpriority=\"high\" decoding=\"async\" class=\"aligncenter wp-image-2893\" src=\"https:\/\/mountlaser.com\/wp-content\/uploads\/2025\/10\/TPS02-AS5.webp\" alt=\"TPS02-SS Triangle prism support \" width=\"500\" height=\"500\" srcset=\"https:\/\/mountlaser.com\/wp-content\/uploads\/2025\/10\/TPS02-AS5.webp 1000w, https:\/\/mountlaser.com\/wp-content\/uploads\/2025\/10\/TPS02-AS5-300x300.webp 300w, https:\/\/mountlaser.com\/wp-content\/uploads\/2025\/10\/TPS02-AS5-400x400.webp 400w, https:\/\/mountlaser.com\/wp-content\/uploads\/2025\/10\/TPS02-AS5-800x800.webp 800w, https:\/\/mountlaser.com\/wp-content\/uploads\/2025\/10\/TPS02-AS5-600x600.webp 600w, https:\/\/mountlaser.com\/wp-content\/uploads\/2025\/10\/TPS02-AS5-150x150.webp 150w, https:\/\/mountlaser.com\/wp-content\/uploads\/2025\/10\/TPS02-AS5-768x768.webp 768w, https:\/\/mountlaser.com\/wp-content\/uploads\/2025\/10\/TPS02-AS5-12x12.webp 12w\" sizes=\"(max-width: 500px) 100vw, 500px\" \/><\/p>\n<p>I nd\u00ebrtuar me nj\u00eb trup alumini t\u00eb leht\u00eb dhe p\u00ebrb\u00ebr\u00ebs \u00e7eliku inox t\u00eb q\u00ebndruesh\u00ebm, ky <a href=\"https:\/\/mountlaser.com\/sq\/contact-us\/\"><strong>Mb\u00ebshtet\u00ebse Prizmike Trek\u00ebnd\u00ebshe TPS02-SS<\/strong><\/a> Ofron ekuilibrin perfekt midis forc\u00ebs dhe transportueshm\u00ebris\u00eb. Ai p\u00ebrmban dy vida k\u00ebmb\u00ebsh t\u00eb rregullueshme p\u00ebr nivelim t\u00eb shpejt\u00eb dhe t\u00eb leht\u00eb n\u00eb sip\u00ebrfaqe t\u00eb pabarabarta, nd\u00ebrsa dy flluskat e gjata ofrojn\u00eb verifikim t\u00eb sakt\u00eb t\u00eb nivelimit n\u00eb t\u00eb dy akset. Filetoja 5\/8\u2033-11 siguron p\u00ebrputhshm\u00ebri universale me prizmat standarde t\u00eb matjes, duke e b\u00ebr\u00eb at\u00eb nj\u00eb shtes\u00eb t\u00eb gjithanshme n\u00eb setin e mjeteve t\u00eb \u00e7do mat\u00ebsi.<\/p>","protected":false},"excerpt":{"rendered":"<p>\u2022 P\u00ebrfshin dy flluska t\u00eb gjata p\u00ebr verifikim t\u00eb sakt\u00eb t\u00eb nivelimit<br \/>\n\u2022 Kombinon konstruksionin e leht\u00eb t\u00eb aluminit me komponent\u00eb t\u00eb q\u00ebndruesh\u00ebm prej \u00e7eliku inox<br \/>\n\u2022 P\u00ebrdor fileto standarde 5\/8\u2033-11 p\u00ebr pajtueshm\u00ebri universale me prizmin<\/p>","protected":false},"featured_media":2889,"comment_status":"open","ping_status":"closed","template":"","meta":[],"product_brand":[],"product_cat":[91,106],"product_tag":[],"class_list":{"0":"post-2888","1":"product","2":"type-product","3":"status-publish","4":"has-post-thumbnail","6":"product_cat-bipod-tripod","7":"product_cat-triangle-prism-support","9":"first","10":"instock","11":"shipping-taxable","12":"product-type-simple"},"_links":{"self":[{"href":"https:\/\/mountlaser.com\/sq\/wp-json\/wp\/v2\/product\/2888","targetHints":{"allow":["GET"]}}],"collection":[{"href":"https:\/\/mountlaser.com\/sq\/wp-json\/wp\/v2\/product"}],"about":[{"href":"https:\/\/mountlaser.com\/sq\/wp-json\/wp\/v2\/types\/product"}],"replies":[{"embeddable":true,"href":"https:\/\/mountlaser.com\/sq\/wp-json\/wp\/v2\/comments?post=2888"}],"wp:featuredmedia":[{"embeddable":true,"href":"https:\/\/mountlaser.com\/sq\/wp-json\/wp\/v2\/media\/2889"}],"wp:attachment":[{"href":"https:\/\/mountlaser.com\/sq\/wp-json\/wp\/v2\/media?parent=2888"}],"wp:term":[{"taxonomy":"product_brand","embeddable":true,"href":"https:\/\/mountlaser.com\/sq\/wp-json\/wp\/v2\/product_brand?post=2888"},{"taxonomy":"product_cat","embeddable":true,"href":"https:\/\/mountlaser.com\/sq\/wp-json\/wp\/v2\/product_cat?post=2888"},{"taxonomy":"product_tag","embeddable":true,"href":"https:\/\/mountlaser.com\/sq\/wp-json\/wp\/v2\/product_tag?post=2888"}],"curies":[{"name":"wp","href":"https:\/\/api.w.org\/{rel}","templated":true}]}}