{"id":2871,"date":"2025-10-23T07:44:04","date_gmt":"2025-10-23T07:44:04","guid":{"rendered":"https:\/\/mountlaser.com\/?post_type=product&#038;p=2871"},"modified":"2025-11-28T05:26:16","modified_gmt":"2025-11-28T05:26:16","slug":"tps01-ss-triangle-prism-support","status":"publish","type":"product","link":"https:\/\/mountlaser.com\/sq\/produkt\/tps01-ss-triangle-prism-support\/","title":{"rendered":"Mb\u00ebshtet\u00ebse prizme trek\u00ebnd\u00ebshe TPS01-SS"},"content":{"rendered":"<p>Arritni stabilitet dhe precizion t\u00eb pakrahasuesh\u00ebm n\u00eb matjet n\u00eb lart\u00ebsi t\u00eb ul\u00ebta me Mount Laser <a href=\"https:\/\/mountlaser.com\/sq\/\"><strong>Mb\u00ebshtet\u00ebse Prizmike Trek\u00ebnd\u00ebshe TPS01-SS<\/strong><\/a>. I projektuar p\u00ebr q\u00ebndrueshm\u00ebri, ky mb\u00ebshtet\u00ebs \u00ebsht\u00eb zgjidhja perfekte p\u00ebr punime detajesh, p\u00ebrcaktime dhe aplikime t\u00eb tjera ku nj\u00eb shtyll\u00eb standarde prizmi nuk \u00ebsht\u00eb e realizueshme.<\/p>\n<p>TPS01-SS \u00ebsht\u00eb nj\u00eb model i fuqish\u00ebm <a href=\"https:\/\/mountlaser.com\/sq\/about-us\/\"><strong>Mb\u00ebshtet\u00ebse Mini Trek\u00ebnd\u00ebshi p\u00ebr Prizm\u00eb me \u00c7elik Inoks<\/strong><\/a> nd\u00ebrtim, i projektuar p\u00ebr t&#039;i rezistuar korrozionit dhe p\u00ebr t&#039;i b\u00ebr\u00eb ball\u00eb kushteve t\u00eb v\u00ebshtira t\u00eb \u00e7do vendi pune. Ai p\u00ebrmban dy vida k\u00ebmb\u00ebsh t\u00eb rregullueshme p\u00ebr nivelim t\u00eb shpejt\u00eb dhe t\u00eb leht\u00eb n\u00eb terren t\u00eb pabarabart\u00eb, duke siguruar q\u00eb prizma juaj t\u00eb mbetet n\u00eb pozicion t\u00eb p\u00ebrsosur p\u00ebr mbledhjen e sakt\u00eb t\u00eb t\u00eb dh\u00ebnave. Nj\u00eb fllusk\u00eb e rrumbullak\u00ebt e integruar lejon verifikim t\u00eb menj\u00ebhersh\u00ebm vizual.<\/p>\n<p><img fetchpriority=\"high\" decoding=\"async\" class=\"aligncenter wp-image-2875\" src=\"https:\/\/mountlaser.com\/wp-content\/uploads\/2025\/10\/TPS-PS-4.webp\" alt=\"Mini Triangle Prism Support with Stainless steel\" width=\"500\" height=\"500\" srcset=\"https:\/\/mountlaser.com\/wp-content\/uploads\/2025\/10\/TPS-PS-4.webp 1000w, https:\/\/mountlaser.com\/wp-content\/uploads\/2025\/10\/TPS-PS-4-300x300.webp 300w, https:\/\/mountlaser.com\/wp-content\/uploads\/2025\/10\/TPS-PS-4-400x400.webp 400w, https:\/\/mountlaser.com\/wp-content\/uploads\/2025\/10\/TPS-PS-4-800x800.webp 800w, https:\/\/mountlaser.com\/wp-content\/uploads\/2025\/10\/TPS-PS-4-600x600.webp 600w, https:\/\/mountlaser.com\/wp-content\/uploads\/2025\/10\/TPS-PS-4-150x150.webp 150w, https:\/\/mountlaser.com\/wp-content\/uploads\/2025\/10\/TPS-PS-4-768x768.webp 768w, https:\/\/mountlaser.com\/wp-content\/uploads\/2025\/10\/TPS-PS-4-12x12.webp 12w\" sizes=\"(max-width: 500px) 100vw, 500px\" \/><\/p>\n<p>I nd\u00ebrtuar t\u00ebr\u00ebsisht nga materiale t\u00eb cil\u00ebsis\u00eb s\u00eb lart\u00eb, ky mb\u00ebshtet\u00ebs garanton besueshm\u00ebri afatgjat\u00eb. P\u00ebr nj\u00eb mb\u00ebshtetje t\u00eb besueshme dhe t\u00eb sakt\u00eb. <a href=\"https:\/\/mountlaser.com\/sq\/contact-us\/\">Mb\u00ebshtet\u00ebse Mini Trek\u00ebnd\u00ebshi p\u00ebr Prizm\u00eb me \u00c7elik Inoks<\/a> I shk\u00eblqyer n\u00eb hap\u00ebsira t\u00eb kufizuara, TPS01-SS \u00ebsht\u00eb zgjedhja ideale. Filetoja e tij 5\/8\u2033-11 ofron p\u00ebrputhshm\u00ebri t\u00eb gjer\u00eb me prizmat tuaja t\u00eb matjes, duke e b\u00ebr\u00eb at\u00eb nj\u00eb mjet thelb\u00ebsor p\u00ebr profesionist\u00ebt k\u00ebrkues.<\/p>","protected":false},"excerpt":{"rendered":"<ul>\n<li>Ofron nj\u00eb baz\u00eb t\u00eb q\u00ebndrueshme dhe me profil t\u00eb ul\u00ebt p\u00ebr prizmat gjat\u00eb matjeve n\u00eb lart\u00ebsi t\u00eb ul\u00ebt.<\/li>\n<li>P\u00ebrmban dy vida k\u00ebmb\u00ebsh t\u00eb rregullueshme p\u00ebr nivelim t\u00eb thjesht\u00eb dhe t\u00eb sakt\u00eb n\u00eb terren t\u00eb pabarabart\u00eb.<\/li>\n<li>Nd\u00ebrtuar t\u00ebr\u00ebsisht nga \u00e7elik inox i q\u00ebndruesh\u00ebm dhe rezistent ndaj korrozionit.<\/li>\n<\/ul>","protected":false},"featured_media":2873,"comment_status":"open","ping_status":"closed","template":"","meta":[],"product_brand":[],"product_cat":[91,106],"product_tag":[],"class_list":{"0":"post-2871","1":"product","2":"type-product","3":"status-publish","4":"has-post-thumbnail","6":"product_cat-bipod-tripod","7":"product_cat-triangle-prism-support","9":"first","10":"instock","11":"shipping-taxable","12":"product-type-simple"},"_links":{"self":[{"href":"https:\/\/mountlaser.com\/sq\/wp-json\/wp\/v2\/product\/2871","targetHints":{"allow":["GET"]}}],"collection":[{"href":"https:\/\/mountlaser.com\/sq\/wp-json\/wp\/v2\/product"}],"about":[{"href":"https:\/\/mountlaser.com\/sq\/wp-json\/wp\/v2\/types\/product"}],"replies":[{"embeddable":true,"href":"https:\/\/mountlaser.com\/sq\/wp-json\/wp\/v2\/comments?post=2871"}],"wp:featuredmedia":[{"embeddable":true,"href":"https:\/\/mountlaser.com\/sq\/wp-json\/wp\/v2\/media\/2873"}],"wp:attachment":[{"href":"https:\/\/mountlaser.com\/sq\/wp-json\/wp\/v2\/media?parent=2871"}],"wp:term":[{"taxonomy":"product_brand","embeddable":true,"href":"https:\/\/mountlaser.com\/sq\/wp-json\/wp\/v2\/product_brand?post=2871"},{"taxonomy":"product_cat","embeddable":true,"href":"https:\/\/mountlaser.com\/sq\/wp-json\/wp\/v2\/product_cat?post=2871"},{"taxonomy":"product_tag","embeddable":true,"href":"https:\/\/mountlaser.com\/sq\/wp-json\/wp\/v2\/product_tag?post=2871"}],"curies":[{"name":"wp","href":"https:\/\/api.w.org\/{rel}","templated":true}]}}