{"id":2870,"date":"2025-10-23T07:26:48","date_gmt":"2025-10-23T07:26:48","guid":{"rendered":"https:\/\/mountlaser.com\/?post_type=product&#038;p=2870"},"modified":"2025-11-28T05:27:56","modified_gmt":"2025-11-28T05:27:56","slug":"tps01-sl-triangle-prism-support","status":"publish","type":"product","link":"https:\/\/mountlaser.com\/sq\/produkt\/tps01-sl-triangle-prism-support\/","title":{"rendered":"Mb\u00ebshtet\u00ebse prizme trek\u00ebnd\u00ebshe TPS01-SL"},"content":{"rendered":"<p>Siguroni sakt\u00ebsi n\u00eb matjet n\u00eb lart\u00ebsi t\u00eb ul\u00ebta me Mount Laser <a href=\"https:\/\/mountlaser.com\/sq\/about-us\/\"><strong>Mb\u00ebshtet\u00ebse Prizmike Trek\u00ebnd\u00ebshe TPS01-SL<\/strong><\/a>. Ky aksesor i fort\u00eb por kompakt \u00ebsht\u00eb projektuar p\u00ebr stabilitet dhe leht\u00ebsi p\u00ebrdorimi n\u00eb aplikime ku nj\u00eb shuf\u00ebr standarde prizmi \u00ebsht\u00eb shum\u00eb e lart\u00eb ose jopraktike.<\/p>\n<p>TPS01-SL \u00ebsht\u00eb Mb\u00ebshtet\u00ebsja ideale Mini-Trek\u00ebnd\u00ebshe e Prizm\u00ebs p\u00ebr detyra t\u00eb tilla si vrojtimi i detajuar, p\u00ebrcaktimi i vendndodhjes dhe planifikimi i nd\u00ebrtimit af\u00ebr tok\u00ebs. Dizajni i saj me profil t\u00eb ul\u00ebt garanton q\u00eb prizma juaj t\u00eb mbetet e sigurt dhe e pozicionuar n\u00eb m\u00ebnyr\u00eb t\u00eb p\u00ebrsosur p\u00ebr mbledhjen e sakt\u00eb t\u00eb t\u00eb dh\u00ebnave.<\/p>\n<p><img fetchpriority=\"high\" decoding=\"async\" class=\"aligncenter wp-image-2863\" src=\"https:\/\/mountlaser.com\/wp-content\/uploads\/2025\/10\/TPS-PL-2.webp\" alt=\"Mini Triangle Prism Support\" width=\"500\" height=\"500\" srcset=\"https:\/\/mountlaser.com\/wp-content\/uploads\/2025\/10\/TPS-PL-2.webp 1000w, https:\/\/mountlaser.com\/wp-content\/uploads\/2025\/10\/TPS-PL-2-300x300.webp 300w, https:\/\/mountlaser.com\/wp-content\/uploads\/2025\/10\/TPS-PL-2-400x400.webp 400w, https:\/\/mountlaser.com\/wp-content\/uploads\/2025\/10\/TPS-PL-2-800x800.webp 800w, https:\/\/mountlaser.com\/wp-content\/uploads\/2025\/10\/TPS-PL-2-600x600.webp 600w, https:\/\/mountlaser.com\/wp-content\/uploads\/2025\/10\/TPS-PL-2-150x150.webp 150w, https:\/\/mountlaser.com\/wp-content\/uploads\/2025\/10\/TPS-PL-2-768x768.webp 768w, https:\/\/mountlaser.com\/wp-content\/uploads\/2025\/10\/TPS-PL-2-12x12.webp 12w\" sizes=\"(max-width: 500px) 100vw, 500px\" \/><\/p>\n<p>I punuar nga \u00e7elik inox i q\u00ebndruesh\u00ebm, ky mb\u00ebshtet\u00ebs \u00ebsht\u00eb nd\u00ebrtuar p\u00ebr t&#039;i b\u00ebr\u00eb ball\u00eb kushteve t\u00eb v\u00ebshtira t\u00eb vendit t\u00eb pun\u00ebs. Ai p\u00ebrmban dy vida k\u00ebmb\u00ebsh t\u00eb rregullueshme p\u00ebr nivelim t\u00eb shpejt\u00eb dhe t\u00eb leht\u00eb n\u00eb sip\u00ebrfaqe t\u00eb pabarabarta, duke siguruar q\u00eb prizmi juaj t\u00eb jet\u00eb gjithmon\u00eb n\u00eb nj\u00eb pozicion t\u00eb p\u00ebrsosur. Nj\u00eb fllusk\u00eb e rrumbullak\u00ebt e integruar lejon verifikim vizual, nd\u00ebrsa fileto zvicerane me cil\u00ebsi t\u00eb lart\u00eb siguron nj\u00eb lidhje universale dhe t\u00eb sigurt me prizmin tuaj.<\/p>\n<p>P\u00ebr performanc\u00eb t\u00eb besueshme n\u00eb hap\u00ebsira t\u00eb kufizuara, kjo <a href=\"https:\/\/mountlaser.com\/sq\/products\/\"><strong>Mb\u00ebshtet\u00ebse Mini Trek\u00ebnd\u00ebshi p\u00ebr Prizm\u00ebn<\/strong><\/a> \u00ebsht\u00eb nj\u00eb mjet i domosdosh\u00ebm. Zgjidhni TPS01-SL p\u00ebr nj\u00eb ekuilib\u00ebr t\u00eb p\u00ebrsosur midis q\u00ebndrueshm\u00ebris\u00eb, precizitetit dhe transportueshm\u00ebris\u00eb.<\/p>","protected":false},"excerpt":{"rendered":"<ul>\n<li>Ofron nj\u00eb baz\u00eb t\u00eb q\u00ebndrueshme dhe me lart\u00ebsi t\u00eb ul\u00ebt p\u00ebr prizmat gjat\u00eb matjeve.<\/li>\n<li>P\u00ebrmban dy vida k\u00ebmb\u00ebsh t\u00eb rregullueshme p\u00ebr nivelim t\u00eb thjesht\u00eb dhe t\u00eb sakt\u00eb.<\/li>\n<li>P\u00ebrfshin nj\u00eb fllusk\u00eb t\u00eb rrumbullak\u00ebt p\u00ebr verifikimin vizual t\u00eb nivelit.<\/li>\n<li>Nd\u00ebrtuar nga \u00e7elik inox i q\u00ebndruesh\u00ebm p\u00ebr p\u00ebrdorim afatgjat\u00eb.<\/li>\n<\/ul>","protected":false},"featured_media":2869,"comment_status":"open","ping_status":"closed","template":"","meta":[],"product_brand":[],"product_cat":[91,106],"product_tag":[],"class_list":{"0":"post-2870","1":"product","2":"type-product","3":"status-publish","4":"has-post-thumbnail","6":"product_cat-bipod-tripod","7":"product_cat-triangle-prism-support","9":"first","10":"instock","11":"shipping-taxable","12":"product-type-simple"},"_links":{"self":[{"href":"https:\/\/mountlaser.com\/sq\/wp-json\/wp\/v2\/product\/2870","targetHints":{"allow":["GET"]}}],"collection":[{"href":"https:\/\/mountlaser.com\/sq\/wp-json\/wp\/v2\/product"}],"about":[{"href":"https:\/\/mountlaser.com\/sq\/wp-json\/wp\/v2\/types\/product"}],"replies":[{"embeddable":true,"href":"https:\/\/mountlaser.com\/sq\/wp-json\/wp\/v2\/comments?post=2870"}],"wp:featuredmedia":[{"embeddable":true,"href":"https:\/\/mountlaser.com\/sq\/wp-json\/wp\/v2\/media\/2869"}],"wp:attachment":[{"href":"https:\/\/mountlaser.com\/sq\/wp-json\/wp\/v2\/media?parent=2870"}],"wp:term":[{"taxonomy":"product_brand","embeddable":true,"href":"https:\/\/mountlaser.com\/sq\/wp-json\/wp\/v2\/product_brand?post=2870"},{"taxonomy":"product_cat","embeddable":true,"href":"https:\/\/mountlaser.com\/sq\/wp-json\/wp\/v2\/product_cat?post=2870"},{"taxonomy":"product_tag","embeddable":true,"href":"https:\/\/mountlaser.com\/sq\/wp-json\/wp\/v2\/product_tag?post=2870"}],"curies":[{"name":"wp","href":"https:\/\/api.w.org\/{rel}","templated":true}]}}