{"id":2856,"date":"2025-10-21T09:17:00","date_gmt":"2025-10-21T09:17:00","guid":{"rendered":"https:\/\/mountlaser.com\/?post_type=product&#038;p=2856"},"modified":"2025-11-28T05:38:40","modified_gmt":"2025-11-28T05:38:40","slug":"gpr1l-corner-cube-prism","status":"publish","type":"product","link":"https:\/\/mountlaser.com\/sq\/produkt\/gpr1l-corner-cube-prism\/","title":{"rendered":"Prizmi i Kubit t\u00eb Qoshes GPR1L"},"content":{"rendered":"<p>Lazeri Mount<a href=\"https:\/\/mountlaser.com\/sq\/\"><strong> Prizm i vet\u00ebm rrethor GPR1L<\/strong><\/a> n\u00eb Container p\u00ebrfaq\u00ebson nj\u00eb p\u00ebrparim t\u00eb r\u00ebnd\u00ebsish\u00ebm n\u00eb sakt\u00ebsin\u00eb e matjeve dhe fleksibilitetin operacional.<br \/>\nKy GPR1L inovativ n\u00eb kontejner integron nj\u00eb sistem ndri\u00e7imi me intensitet t\u00eb lart\u00eb brenda nj\u00eb prizmi rrethor standard 64.0 mm t\u00eb vendosur n\u00eb nj\u00eb en\u00eb mbrojt\u00ebse.<\/p>\n<p><img fetchpriority=\"high\" decoding=\"async\" class=\"aligncenter wp-image-2859\" src=\"https:\/\/mountlaser.com\/wp-content\/uploads\/2025\/10\/CPR1L-4.webp\" alt=\"GPR1L Single Circular Prism in Container\" width=\"500\" height=\"500\" srcset=\"https:\/\/mountlaser.com\/wp-content\/uploads\/2025\/10\/CPR1L-4.webp 1000w, https:\/\/mountlaser.com\/wp-content\/uploads\/2025\/10\/CPR1L-4-300x300.webp 300w, https:\/\/mountlaser.com\/wp-content\/uploads\/2025\/10\/CPR1L-4-400x400.webp 400w, https:\/\/mountlaser.com\/wp-content\/uploads\/2025\/10\/CPR1L-4-800x800.webp 800w, https:\/\/mountlaser.com\/wp-content\/uploads\/2025\/10\/CPR1L-4-600x600.webp 600w, https:\/\/mountlaser.com\/wp-content\/uploads\/2025\/10\/CPR1L-4-150x150.webp 150w, https:\/\/mountlaser.com\/wp-content\/uploads\/2025\/10\/CPR1L-4-768x768.webp 768w, https:\/\/mountlaser.com\/wp-content\/uploads\/2025\/10\/CPR1L-4-12x12.webp 12w\" sizes=\"(max-width: 500px) 100vw, 500px\" \/><\/p>\n<p>I projektuar posa\u00e7\u00ebrisht p\u00ebr kompatibilitet me stacionet totale zvicerane dhe stacione t\u00eb tjera totale q\u00eb k\u00ebrkojn\u00eb faktorin e form\u00ebs n\u00eb stilin zviceran, ky i ndri\u00e7uar <a href=\"https:\/\/mountlaser.com\/sq\/about-us\/\"><strong>Prizm i vet\u00ebm rrethor GPR1L n\u00eb en\u00eb<\/strong><\/a> Siguron shikueshm\u00ebri t\u00eb jasht\u00ebzakonshme gjat\u00eb operacioneve t\u00eb nat\u00ebs, kushteve me drit\u00eb t\u00eb dob\u00ebt dhe mjediseve komplekse urbane, duke zgjatur n\u00eb m\u00ebnyr\u00eb efektive or\u00ebt tuaja produktive t\u00eb pun\u00ebs.<\/p>","protected":false},"excerpt":{"rendered":"<ul>\n<li>P\u00ebrmban nj\u00eb burim t\u00eb integruar drite t\u00eb ndritshme q\u00eb rrit ndjesh\u00ebm dukshm\u00ebrin\u00eb e prizmit p\u00ebr aft\u00ebsi matjeje 24\/7.<\/li>\n<li>Prizmi rrethor \u00f864.0 mm \u00ebsht\u00eb projektuar si nj\u00eb z\u00ebvend\u00ebsim i drejtp\u00ebrdrejt\u00eb p\u00ebr prizmat GPR1 t\u00eb stilit zviceran, duke siguruar integrim t\u00eb p\u00ebrsosur dhe performanc\u00eb optimale.<\/li>\n<\/ul>","protected":false},"featured_media":2858,"comment_status":"open","ping_status":"closed","template":"","meta":[],"product_brand":[],"product_cat":[72,105],"product_tag":[],"class_list":{"0":"post-2856","1":"product","2":"type-product","3":"status-publish","4":"has-post-thumbnail","6":"product_cat-reflective-target-prism","7":"product_cat-corner-cube-prisms","9":"first","10":"instock","11":"shipping-taxable","12":"product-type-simple"},"_links":{"self":[{"href":"https:\/\/mountlaser.com\/sq\/wp-json\/wp\/v2\/product\/2856","targetHints":{"allow":["GET"]}}],"collection":[{"href":"https:\/\/mountlaser.com\/sq\/wp-json\/wp\/v2\/product"}],"about":[{"href":"https:\/\/mountlaser.com\/sq\/wp-json\/wp\/v2\/types\/product"}],"replies":[{"embeddable":true,"href":"https:\/\/mountlaser.com\/sq\/wp-json\/wp\/v2\/comments?post=2856"}],"wp:featuredmedia":[{"embeddable":true,"href":"https:\/\/mountlaser.com\/sq\/wp-json\/wp\/v2\/media\/2858"}],"wp:attachment":[{"href":"https:\/\/mountlaser.com\/sq\/wp-json\/wp\/v2\/media?parent=2856"}],"wp:term":[{"taxonomy":"product_brand","embeddable":true,"href":"https:\/\/mountlaser.com\/sq\/wp-json\/wp\/v2\/product_brand?post=2856"},{"taxonomy":"product_cat","embeddable":true,"href":"https:\/\/mountlaser.com\/sq\/wp-json\/wp\/v2\/product_cat?post=2856"},{"taxonomy":"product_tag","embeddable":true,"href":"https:\/\/mountlaser.com\/sq\/wp-json\/wp\/v2\/product_tag?post=2856"}],"curies":[{"name":"wp","href":"https:\/\/api.w.org\/{rel}","templated":true}]}}