{"id":2851,"date":"2025-10-21T09:09:22","date_gmt":"2025-10-21T09:09:22","guid":{"rendered":"https:\/\/mountlaser.com\/?post_type=product&#038;p=2851"},"modified":"2025-11-28T05:40:16","modified_gmt":"2025-11-28T05:40:16","slug":"swiss-style-gpr1-reflector-prism","status":"publish","type":"product","link":"https:\/\/mountlaser.com\/sq\/produkt\/swiss-style-gpr1-reflector-prism\/","title":{"rendered":"Prizm reflektor GPR1 i stilit zviceran"},"content":{"rendered":"<p>Lazeri Mount <a href=\"https:\/\/mountlaser.com\/sq\/\"><strong>Prizm reflektor GPR1 i stilit zviceran<\/strong><\/a> \u00ebsht\u00eb projektuar p\u00ebr t\u00eb p\u00ebrmbushur standardet m\u00eb t\u00eb larta t\u00eb sakt\u00ebsis\u00eb dhe p\u00ebrputhshm\u00ebris\u00eb.<\/p>\n<p>Kjo autentike <a href=\"https:\/\/mountlaser.com\/sq\/products\/\"><strong>Prizmi GPR1 i stilit zviceran<\/strong><\/a> p\u00ebrmban nj\u00eb faktor forme \u00f864.0 mm, duke siguruar integrim t\u00eb p\u00ebrsosur me Leica dhe sisteme t\u00eb tjera t\u00eb m\u00ebdha t\u00eb stacioneve totale q\u00eb k\u00ebrkojn\u00eb k\u00ebt\u00eb lloj specifik prizmi.<\/p>\n<p>&nbsp;<\/p>\n<p><img fetchpriority=\"high\" decoding=\"async\" class=\"aligncenter wp-image-2853\" src=\"https:\/\/mountlaser.com\/wp-content\/uploads\/2025\/10\/IMG_9467_\u526f\u672c.webp\" alt=\"Swiss Style GPR1 Prism\" width=\"500\" height=\"500\" srcset=\"https:\/\/mountlaser.com\/wp-content\/uploads\/2025\/10\/IMG_9467_\u526f\u672c.webp 1000w, https:\/\/mountlaser.com\/wp-content\/uploads\/2025\/10\/IMG_9467_\u526f\u672c-300x300.webp 300w, https:\/\/mountlaser.com\/wp-content\/uploads\/2025\/10\/IMG_9467_\u526f\u672c-400x400.webp 400w, https:\/\/mountlaser.com\/wp-content\/uploads\/2025\/10\/IMG_9467_\u526f\u672c-800x800.webp 800w, https:\/\/mountlaser.com\/wp-content\/uploads\/2025\/10\/IMG_9467_\u526f\u672c-600x600.webp 600w, https:\/\/mountlaser.com\/wp-content\/uploads\/2025\/10\/IMG_9467_\u526f\u672c-150x150.webp 150w, https:\/\/mountlaser.com\/wp-content\/uploads\/2025\/10\/IMG_9467_\u526f\u672c-768x768.webp 768w, https:\/\/mountlaser.com\/wp-content\/uploads\/2025\/10\/IMG_9467_\u526f\u672c-12x12.webp 12w\" sizes=\"(max-width: 500px) 100vw, 500px\" \/><\/p>\n<p>I njohur p\u00ebr performanc\u00ebn e tij t\u00eb jasht\u00ebzakonshme t\u00eb matjes n\u00eb rreze t\u00eb gjat\u00eb dhe kthimin e sinjalit, Prism Swiss Style GPR1 \u00ebsht\u00eb zgjedhja p\u00ebrfundimtare p\u00ebr aplikime matjeje me precizion t\u00eb lart\u00eb ku sakt\u00ebsia nuk mund t\u00eb kompromentohet.<\/p>","protected":false},"excerpt":{"rendered":"<ul>\n<li>Standardi autentik zviceran: Garanton p\u00ebrputhshm\u00ebri t\u00eb plot\u00eb dhe performanc\u00eb optimale me stacionet totale Leica dhe instrumente t\u00eb tjera t\u00eb projektuara p\u00ebr k\u00ebt\u00eb lloj prizmi.<\/li>\n<li>Optik\u00eb me precizion t\u00eb lart\u00eb: Prizmi prej qelqi \u00f864.0 mm ofron sakt\u00ebsi superiore dhe reflektivitet t\u00eb shk\u00eblqyer p\u00ebr matje n\u00eb distanca t\u00eb gjata.<\/li>\n<\/ul>","protected":false},"featured_media":2852,"comment_status":"open","ping_status":"closed","template":"","meta":[],"product_brand":[],"product_cat":[72,105],"product_tag":[],"class_list":{"0":"post-2851","1":"product","2":"type-product","3":"status-publish","4":"has-post-thumbnail","6":"product_cat-reflective-target-prism","7":"product_cat-corner-cube-prisms","9":"first","10":"instock","11":"shipping-taxable","12":"product-type-simple"},"_links":{"self":[{"href":"https:\/\/mountlaser.com\/sq\/wp-json\/wp\/v2\/product\/2851","targetHints":{"allow":["GET"]}}],"collection":[{"href":"https:\/\/mountlaser.com\/sq\/wp-json\/wp\/v2\/product"}],"about":[{"href":"https:\/\/mountlaser.com\/sq\/wp-json\/wp\/v2\/types\/product"}],"replies":[{"embeddable":true,"href":"https:\/\/mountlaser.com\/sq\/wp-json\/wp\/v2\/comments?post=2851"}],"wp:featuredmedia":[{"embeddable":true,"href":"https:\/\/mountlaser.com\/sq\/wp-json\/wp\/v2\/media\/2852"}],"wp:attachment":[{"href":"https:\/\/mountlaser.com\/sq\/wp-json\/wp\/v2\/media?parent=2851"}],"wp:term":[{"taxonomy":"product_brand","embeddable":true,"href":"https:\/\/mountlaser.com\/sq\/wp-json\/wp\/v2\/product_brand?post=2851"},{"taxonomy":"product_cat","embeddable":true,"href":"https:\/\/mountlaser.com\/sq\/wp-json\/wp\/v2\/product_cat?post=2851"},{"taxonomy":"product_tag","embeddable":true,"href":"https:\/\/mountlaser.com\/sq\/wp-json\/wp\/v2\/product_tag?post=2851"}],"curies":[{"name":"wp","href":"https:\/\/api.w.org\/{rel}","templated":true}]}}