{"id":2844,"date":"2025-10-21T08:42:16","date_gmt":"2025-10-21T08:42:16","guid":{"rendered":"https:\/\/mountlaser.com\/?post_type=product&#038;p=2844"},"modified":"2025-11-28T05:41:57","modified_gmt":"2025-11-28T05:41:57","slug":"pf640r-corner-cube-prism-with-canister","status":"publish","type":"product","link":"https:\/\/mountlaser.com\/sq\/produkt\/pf640r-corner-cube-prism-with-canister\/","title":{"rendered":"Prizm Kubi K\u00ebndi PF640R me Kuti"},"content":{"rendered":"<p>Lazeri Mount <a href=\"https:\/\/mountlaser.com\/sq\/\"><strong>Prizm Kubi K\u00ebndi PF640R me Kuti<\/strong><\/a> \u00ebsht\u00eb nj\u00eb zgjidhje me performanc\u00eb t\u00eb lart\u00eb p\u00ebr Priz\u00ebm t\u00eb pap\u00ebrshkuesh\u00ebm nga uji, e z\u00ebvend\u00ebsueshme, e projektuar p\u00ebr besueshm\u00ebri n\u00eb kushte t\u00eb v\u00ebshtira matjeje. Ky montim i fuqish\u00ebm p\u00ebrmban nj\u00eb priz\u00ebm optik preciz \u00f864.0 mm t\u00eb vendosur brenda nj\u00eb ene metalike t\u00eb kuqe dalluese, t\u00eb vulosur.<\/p>\n<p><img fetchpriority=\"high\" decoding=\"async\" class=\"aligncenter wp-image-2847\" src=\"https:\/\/mountlaser.com\/wp-content\/uploads\/2025\/10\/PF640R-4.webp\" alt=\"Waterproof Prism Replaceable \" width=\"500\" height=\"500\" srcset=\"https:\/\/mountlaser.com\/wp-content\/uploads\/2025\/10\/PF640R-4.webp 1000w, https:\/\/mountlaser.com\/wp-content\/uploads\/2025\/10\/PF640R-4-300x300.webp 300w, https:\/\/mountlaser.com\/wp-content\/uploads\/2025\/10\/PF640R-4-400x400.webp 400w, https:\/\/mountlaser.com\/wp-content\/uploads\/2025\/10\/PF640R-4-800x800.webp 800w, https:\/\/mountlaser.com\/wp-content\/uploads\/2025\/10\/PF640R-4-600x600.webp 600w, https:\/\/mountlaser.com\/wp-content\/uploads\/2025\/10\/PF640R-4-150x150.webp 150w, https:\/\/mountlaser.com\/wp-content\/uploads\/2025\/10\/PF640R-4-768x768.webp 768w, https:\/\/mountlaser.com\/wp-content\/uploads\/2025\/10\/PF640R-4-12x12.webp 12w\" sizes=\"(max-width: 500px) 100vw, 500px\" \/><\/p>\n<p>Vlera thelb\u00ebsore e k\u00ebsaj <a href=\"https:\/\/mountlaser.com\/sq\/contact-us\/\"><strong>Prizm i pap\u00ebrshkuesh\u00ebm nga uji i z\u00ebvend\u00ebsuesh\u00ebm<\/strong><\/a> Nj\u00ebsia q\u00ebndron n\u00eb dizajnin e saj me dy q\u00ebllime: bombola e fort\u00eb siguron nj\u00eb barrier\u00eb t\u00eb vler\u00ebsuar IP kund\u00ebr shiut, lag\u00ebshtir\u00ebs dhe pluhurit, nd\u00ebrsa vet\u00eb prizmi i brendsh\u00ebm \u00ebsht\u00eb nj\u00eb komponent standard i z\u00ebvend\u00ebsuesh\u00ebm i prizmit t\u00eb pap\u00ebrshkuesh\u00ebm nga uji, duke lejuar sh\u00ebrbim t\u00eb leht\u00eb dhe mir\u00ebmbajtje me kosto efektive n\u00eb terren. Kjo siguron q\u00ebndrueshm\u00ebri afatgjat\u00eb dhe mbron investimin tuaj.<\/p>","protected":false},"excerpt":{"rendered":"<ul>\n<li>Mbrojtje superiore nga moti: Ena metalike e mbyllur e b\u00ebn montimin e prizm\u00ebs plot\u00ebsisht t\u00eb pap\u00ebrshkuesh\u00ebm nga uji, ideal p\u00ebr operacione matjeje n\u00eb t\u00eb gjitha kushtet e motit.<\/li>\n<li>B\u00ebrthama e Z\u00ebvend\u00ebsueshme n\u00eb Terren: Prizmi i brendsh\u00ebm \u00f864.0 mm \u00ebsht\u00eb projektuar t\u00eb jet\u00eb leht\u00ebsisht i z\u00ebvend\u00ebsuesh\u00ebm, duke thjeshtuar riparimet dhe duke zvog\u00ebluar koh\u00ebn e nd\u00ebrprerjes dhe kostot afatgjata.<\/li>\n<\/ul>","protected":false},"featured_media":2845,"comment_status":"open","ping_status":"closed","template":"","meta":[],"product_brand":[],"product_cat":[72,105],"product_tag":[],"class_list":{"0":"post-2844","1":"product","2":"type-product","3":"status-publish","4":"has-post-thumbnail","6":"product_cat-reflective-target-prism","7":"product_cat-corner-cube-prisms","9":"first","10":"instock","11":"shipping-taxable","12":"product-type-simple"},"_links":{"self":[{"href":"https:\/\/mountlaser.com\/sq\/wp-json\/wp\/v2\/product\/2844","targetHints":{"allow":["GET"]}}],"collection":[{"href":"https:\/\/mountlaser.com\/sq\/wp-json\/wp\/v2\/product"}],"about":[{"href":"https:\/\/mountlaser.com\/sq\/wp-json\/wp\/v2\/types\/product"}],"replies":[{"embeddable":true,"href":"https:\/\/mountlaser.com\/sq\/wp-json\/wp\/v2\/comments?post=2844"}],"wp:featuredmedia":[{"embeddable":true,"href":"https:\/\/mountlaser.com\/sq\/wp-json\/wp\/v2\/media\/2845"}],"wp:attachment":[{"href":"https:\/\/mountlaser.com\/sq\/wp-json\/wp\/v2\/media?parent=2844"}],"wp:term":[{"taxonomy":"product_brand","embeddable":true,"href":"https:\/\/mountlaser.com\/sq\/wp-json\/wp\/v2\/product_brand?post=2844"},{"taxonomy":"product_cat","embeddable":true,"href":"https:\/\/mountlaser.com\/sq\/wp-json\/wp\/v2\/product_cat?post=2844"},{"taxonomy":"product_tag","embeddable":true,"href":"https:\/\/mountlaser.com\/sq\/wp-json\/wp\/v2\/product_tag?post=2844"}],"curies":[{"name":"wp","href":"https:\/\/api.w.org\/{rel}","templated":true}]}}