{"id":2837,"date":"2025-10-21T08:10:24","date_gmt":"2025-10-21T08:10:24","guid":{"rendered":"https:\/\/mountlaser.com\/?post_type=product&#038;p=2837"},"modified":"2025-11-28T05:43:11","modified_gmt":"2025-11-28T05:43:11","slug":"pc640r-corner-cube-prism-with-canister","status":"publish","type":"product","link":"https:\/\/mountlaser.com\/sq\/produkt\/pc640r-corner-cube-prism-with-canister\/","title":{"rendered":"Prizm kubik k\u00ebndor PC640R me bombol\u00eb"},"content":{"rendered":"<p>Lazeri Mount <a href=\"https:\/\/mountlaser.com\/sq\/products\/\"><strong>Prizm kubik k\u00ebndor PC640R me bombol\u00eb<\/strong><\/a> \u00ebsht\u00eb nj\u00eb priz\u00ebm SOK me precizion t\u00eb lart\u00eb i projektuar p\u00ebr q\u00ebndrueshm\u00ebri dhe sakt\u00ebsi matjeje superiore.<br \/>\nKy Prizm i fuqish\u00ebm Kub Qoshe PC640R me Kuti p\u00ebrmban nj\u00eb priz\u00ebm \u00f864.0 mm t\u00eb vendosur n\u00eb m\u00ebnyr\u00eb t\u00eb sigurt n\u00eb nj\u00eb kuti metalike mbrojt\u00ebse, duke e b\u00ebr\u00eb at\u00eb nj\u00eb z\u00ebvend\u00ebsim ideal t\u00eb drejtp\u00ebrdrejt\u00eb p\u00ebr prizmat e prodhuesit t\u00eb pajisjeve origjinale (OEM).<\/p>\n<p><img fetchpriority=\"high\" decoding=\"async\" class=\"aligncenter wp-image-2838\" src=\"https:\/\/mountlaser.com\/wp-content\/uploads\/2025\/10\/PC640R-2.webp\" alt=\"PC640R Corner Cube Prism With Canister\" width=\"500\" height=\"500\" srcset=\"https:\/\/mountlaser.com\/wp-content\/uploads\/2025\/10\/PC640R-2.webp 1000w, https:\/\/mountlaser.com\/wp-content\/uploads\/2025\/10\/PC640R-2-300x300.webp 300w, https:\/\/mountlaser.com\/wp-content\/uploads\/2025\/10\/PC640R-2-400x400.webp 400w, https:\/\/mountlaser.com\/wp-content\/uploads\/2025\/10\/PC640R-2-800x800.webp 800w, https:\/\/mountlaser.com\/wp-content\/uploads\/2025\/10\/PC640R-2-600x600.webp 600w, https:\/\/mountlaser.com\/wp-content\/uploads\/2025\/10\/PC640R-2-150x150.webp 150w, https:\/\/mountlaser.com\/wp-content\/uploads\/2025\/10\/PC640R-2-768x768.webp 768w, https:\/\/mountlaser.com\/wp-content\/uploads\/2025\/10\/PC640R-2-12x12.webp 12w\" sizes=\"(max-width: 500px) 100vw, 500px\" \/><br \/>\nI projektuar p\u00ebr t&#039;i b\u00ebr\u00eb ball\u00eb v\u00ebshtir\u00ebsive t\u00eb p\u00ebrdorimit t\u00eb p\u00ebrditsh\u00ebm n\u00eb vendet e pun\u00ebs me k\u00ebrkesa t\u00eb larta, ky i besuesh\u00ebm<a href=\"https:\/\/mountlaser.com\/sq\/contact-us\/\"><strong> Prizm kubik k\u00ebndor PC640R me bombol\u00eb<\/strong><\/a> Siguron performanc\u00eb t\u00eb q\u00ebndrueshme p\u00ebr t\u00eb gjitha aplikimet tuaja t\u00eb stacionit total, nga vendosja e stampave t\u00eb nd\u00ebrtimit deri te studimet topografike.<\/p>","protected":false},"excerpt":{"rendered":"<ul>\n<li>Pajtueshm\u00ebria e Prizm\u00ebs SOK: I projektuar si nj\u00eb prizm\u00eb standarde SOK (\u00f864.0 mm)<\/li>\n<li>duke siguruar integrim t\u00eb p\u00ebrsosur dhe performanc\u00eb t\u00eb besueshme me sisteme t\u00eb pajtueshme t\u00eb stacioneve totale.<\/li>\n<li>Kuti metalike e q\u00ebndrueshme: Prizmi \u00ebsht\u00eb i mbrojtur nga nj\u00eb streh\u00eb metalike e fort\u00eb, duke mbrojtur optik\u00ebn precize nga goditjet<\/li>\n<li>pluhur dhe lag\u00ebshti p\u00ebr p\u00ebrdorim afatgjat\u00eb n\u00eb mjedise t\u00eb ashpra.<\/li>\n<\/ul>","protected":false},"featured_media":2839,"comment_status":"open","ping_status":"closed","template":"","meta":[],"product_brand":[],"product_cat":[72,105],"product_tag":[],"class_list":{"0":"post-2837","1":"product","2":"type-product","3":"status-publish","4":"has-post-thumbnail","6":"product_cat-reflective-target-prism","7":"product_cat-corner-cube-prisms","9":"first","10":"instock","11":"shipping-taxable","12":"product-type-simple"},"_links":{"self":[{"href":"https:\/\/mountlaser.com\/sq\/wp-json\/wp\/v2\/product\/2837","targetHints":{"allow":["GET"]}}],"collection":[{"href":"https:\/\/mountlaser.com\/sq\/wp-json\/wp\/v2\/product"}],"about":[{"href":"https:\/\/mountlaser.com\/sq\/wp-json\/wp\/v2\/types\/product"}],"replies":[{"embeddable":true,"href":"https:\/\/mountlaser.com\/sq\/wp-json\/wp\/v2\/comments?post=2837"}],"wp:featuredmedia":[{"embeddable":true,"href":"https:\/\/mountlaser.com\/sq\/wp-json\/wp\/v2\/media\/2839"}],"wp:attachment":[{"href":"https:\/\/mountlaser.com\/sq\/wp-json\/wp\/v2\/media?parent=2837"}],"wp:term":[{"taxonomy":"product_brand","embeddable":true,"href":"https:\/\/mountlaser.com\/sq\/wp-json\/wp\/v2\/product_brand?post=2837"},{"taxonomy":"product_cat","embeddable":true,"href":"https:\/\/mountlaser.com\/sq\/wp-json\/wp\/v2\/product_cat?post=2837"},{"taxonomy":"product_tag","embeddable":true,"href":"https:\/\/mountlaser.com\/sq\/wp-json\/wp\/v2\/product_tag?post=2837"}],"curies":[{"name":"wp","href":"https:\/\/api.w.org\/{rel}","templated":true}]}}