{"id":2830,"date":"2025-10-21T08:03:40","date_gmt":"2025-10-21T08:03:40","guid":{"rendered":"https:\/\/mountlaser.com\/?post_type=product&#038;p=2830"},"modified":"2025-12-01T09:00:41","modified_gmt":"2025-12-01T09:00:41","slug":"pb640rl-corner-cube-prism-with-canister","status":"publish","type":"product","link":"https:\/\/mountlaser.com\/sq\/produkt\/pb640rl-corner-cube-prism-with-canister\/","title":{"rendered":"Prizm Kubi K\u00ebndi PB640RL me Kuti"},"content":{"rendered":"<p>Lazeri Mount <a href=\"https:\/\/mountlaser.com\/sq\/kategori-produkti\/reflective-target-prism\/\"><strong>Prizm Kubi K\u00ebndi PB640RL me Kuti<\/strong><\/a> \u00ebsht\u00eb nj\u00eb zgjidhje inovative p\u00ebr matje n\u00eb kushte ndri\u00e7imi t\u00eb ul\u00ebt dhe me dukshm\u00ebri t\u00eb lart\u00eb. Ky Prizm Kub K\u00ebndor PB640RL me Kuti integron nj\u00eb drit\u00eb t\u00eb ndritshme dhe shum\u00eb t\u00eb dukshme n\u00eb nj\u00eb priz\u00ebm t\u00eb kuq standard 64.0 mm, duke krijuar mjetin p\u00ebrfundimtar p\u00ebr efikasitet operacional 24\/7.<\/p>\n<p>Si nj\u00eb z\u00ebvend\u00ebsim i drejtp\u00ebrdrejt\u00eb p\u00ebr prizmat standarde, ky ndri\u00e7im <a href=\"https:\/\/mountlaser.com\/sq\/\">Prizm Kubi K\u00ebndi PB640RL me Kuti<\/a> siguron q\u00eb objektivi juaj t\u00eb mbetet i qart\u00eb n\u00eb m\u00ebnyr\u00eb t\u00eb pagabueshme gjat\u00eb agimit, muzgut, operacioneve t\u00eb nat\u00ebs ose n\u00eb mjedise urbane me mbipopullim t\u00eb dendur. Ena metalike e fort\u00eb mbron optik\u00ebn dhe elektronik\u00ebn precize, duke ofruar q\u00ebndrueshm\u00ebri t\u00eb pakrahasueshme.<\/p>\n<p><img fetchpriority=\"high\" decoding=\"async\" class=\"aligncenter wp-image-2833\" src=\"https:\/\/mountlaser.com\/wp-content\/uploads\/2025\/10\/PB640RL-4.webp\" alt=\"PB640RL Corner Cube Prism With Canister \" width=\"500\" height=\"500\" srcset=\"https:\/\/mountlaser.com\/wp-content\/uploads\/2025\/10\/PB640RL-4.webp 1000w, https:\/\/mountlaser.com\/wp-content\/uploads\/2025\/10\/PB640RL-4-300x300.webp 300w, https:\/\/mountlaser.com\/wp-content\/uploads\/2025\/10\/PB640RL-4-400x400.webp 400w, https:\/\/mountlaser.com\/wp-content\/uploads\/2025\/10\/PB640RL-4-800x800.webp 800w, https:\/\/mountlaser.com\/wp-content\/uploads\/2025\/10\/PB640RL-4-600x600.webp 600w, https:\/\/mountlaser.com\/wp-content\/uploads\/2025\/10\/PB640RL-4-150x150.webp 150w, https:\/\/mountlaser.com\/wp-content\/uploads\/2025\/10\/PB640RL-4-768x768.webp 768w, https:\/\/mountlaser.com\/wp-content\/uploads\/2025\/10\/PB640RL-4-12x12.webp 12w\" sizes=\"(max-width: 500px) 100vw, 500px\" \/><\/p>\n<p>Mos e humb kurr\u00eb nga syt\u00eb <a href=\"https:\/\/mountlaser.com\/sq\/contact-us\/\">objektivi juaj<\/a> p\u00ebrs\u00ebri dhe shtyni kufijt\u00eb e koh\u00ebs dhe vendit ku mund t\u00eb b\u00ebni matje me k\u00ebt\u00eb sistem prizmi t\u00eb ndri\u00e7uar gjith\u00ebp\u00ebrfshir\u00ebs.<\/p>","protected":false},"excerpt":{"rendered":"<ul>\n<li>Sistemi i Integruar i Ndri\u00e7imit: P\u00ebrmban nj\u00eb drit\u00eb t\u00eb integruar me intensitet t\u00eb lart\u00eb q\u00eb e b\u00ebn prizmin shum\u00eb t\u00eb duksh\u00ebm n\u00eb kushte me drit\u00eb t\u00eb ul\u00ebt, duke mund\u00ebsuar or\u00eb t\u00eb zgjatura pune.<\/li>\n<li>Streh\u00eb e kuqe me dukshm\u00ebri t\u00eb lart\u00eb: Ngjyra e kuqe e dallueshme ofron kontrast t\u00eb shk\u00eblqyer dhe identifikim t\u00eb leht\u00eb gjat\u00eb operacioneve gjat\u00eb dit\u00ebs.<\/li>\n<\/ul>","protected":false},"featured_media":2831,"comment_status":"open","ping_status":"closed","template":"","meta":[],"product_brand":[],"product_cat":[105,72],"product_tag":[],"class_list":{"0":"post-2830","1":"product","2":"type-product","3":"status-publish","4":"has-post-thumbnail","6":"product_cat-corner-cube-prisms","7":"product_cat-reflective-target-prism","9":"first","10":"instock","11":"shipping-taxable","12":"product-type-simple"},"_links":{"self":[{"href":"https:\/\/mountlaser.com\/sq\/wp-json\/wp\/v2\/product\/2830","targetHints":{"allow":["GET"]}}],"collection":[{"href":"https:\/\/mountlaser.com\/sq\/wp-json\/wp\/v2\/product"}],"about":[{"href":"https:\/\/mountlaser.com\/sq\/wp-json\/wp\/v2\/types\/product"}],"replies":[{"embeddable":true,"href":"https:\/\/mountlaser.com\/sq\/wp-json\/wp\/v2\/comments?post=2830"}],"wp:featuredmedia":[{"embeddable":true,"href":"https:\/\/mountlaser.com\/sq\/wp-json\/wp\/v2\/media\/2831"}],"wp:attachment":[{"href":"https:\/\/mountlaser.com\/sq\/wp-json\/wp\/v2\/media?parent=2830"}],"wp:term":[{"taxonomy":"product_brand","embeddable":true,"href":"https:\/\/mountlaser.com\/sq\/wp-json\/wp\/v2\/product_brand?post=2830"},{"taxonomy":"product_cat","embeddable":true,"href":"https:\/\/mountlaser.com\/sq\/wp-json\/wp\/v2\/product_cat?post=2830"},{"taxonomy":"product_tag","embeddable":true,"href":"https:\/\/mountlaser.com\/sq\/wp-json\/wp\/v2\/product_tag?post=2830"}],"curies":[{"name":"wp","href":"https:\/\/api.w.org\/{rel}","templated":true}]}}