{"id":2821,"date":"2025-10-21T07:53:54","date_gmt":"2025-10-21T07:53:54","guid":{"rendered":"https:\/\/mountlaser.com\/?post_type=product&#038;p=2821"},"modified":"2025-11-28T05:45:17","modified_gmt":"2025-11-28T05:45:17","slug":"pb640-corner-cube-prism-with-canister","status":"publish","type":"product","link":"https:\/\/mountlaser.com\/sq\/produkt\/pb640-corner-cube-prism-with-canister\/","title":{"rendered":"Prizm Kubi K\u00ebndi PB640 me Kuti"},"content":{"rendered":"<p>Lazeri Mount <a href=\"https:\/\/mountlaser.com\/sq\/products\/\"><strong>Prizm Kubi K\u00ebndi PB640 me Kuti<\/strong><\/a> \u00ebsht\u00eb nj\u00eb reflektor retro me precizion t\u00eb lart\u00eb i projektuar p\u00ebr performanc\u00eb superiore me tuajin <a href=\"https:\/\/mountlaser.com\/sq\/about-us\/\"><strong>stacion total i prizmit t\u00eb kubit t\u00eb qoshes<\/strong><\/a>. Ky komplet i fuqish\u00ebm \u00ebsht\u00eb projektuar p\u00ebr t\u00eb ofruar sakt\u00ebsi matjeje t\u00eb besueshme dhe n\u00eb rreze t\u00eb gjat\u00eb n\u00eb mjediset m\u00eb t\u00eb k\u00ebrkuara t\u00eb matjes.<\/p>\n<p><img fetchpriority=\"high\" decoding=\"async\" class=\"aligncenter wp-image-2822\" src=\"https:\/\/mountlaser.com\/wp-content\/uploads\/2025\/10\/PB640Y-3.webp\" alt=\"Corner Cube Prism Total Station\" width=\"500\" height=\"500\" srcset=\"https:\/\/mountlaser.com\/wp-content\/uploads\/2025\/10\/PB640Y-3.webp 1000w, https:\/\/mountlaser.com\/wp-content\/uploads\/2025\/10\/PB640Y-3-300x300.webp 300w, https:\/\/mountlaser.com\/wp-content\/uploads\/2025\/10\/PB640Y-3-400x400.webp 400w, https:\/\/mountlaser.com\/wp-content\/uploads\/2025\/10\/PB640Y-3-800x800.webp 800w, https:\/\/mountlaser.com\/wp-content\/uploads\/2025\/10\/PB640Y-3-600x600.webp 600w, https:\/\/mountlaser.com\/wp-content\/uploads\/2025\/10\/PB640Y-3-150x150.webp 150w, https:\/\/mountlaser.com\/wp-content\/uploads\/2025\/10\/PB640Y-3-768x768.webp 768w, https:\/\/mountlaser.com\/wp-content\/uploads\/2025\/10\/PB640Y-3-12x12.webp 12w\" sizes=\"(max-width: 500px) 100vw, 500px\" \/><\/p>\n<p>I disponuesh\u00ebm n\u00eb dy variante ngjyrash me dukshm\u00ebri t\u00eb lart\u00eb\u2014PB640Y Prizm Kubik Qoshe me Kuti (e Verdh\u00eb) dhe PB640R Prizm Kubik Qoshe me Kuti (e Kuqe)\u2014ky priz\u00ebm \u00f864.0 mm siguron identifikim t\u00eb leht\u00eb n\u00eb vendet e pun\u00ebs me shum\u00eb njer\u00ebz. Kutia metalike e q\u00ebndrueshme ofron mbrojtje thelb\u00ebsore p\u00ebr optik\u00ebn precize, duke e b\u00ebr\u00eb at\u00eb nj\u00eb z\u00ebvend\u00ebsim ideal dhe t\u00eb q\u00ebndruesh\u00ebm p\u00ebr \u00e7do <a href=\"https:\/\/mountlaser.com\/sq\/contact-us\/\">stacion total i prizmit t\u00eb kubit t\u00eb qoshes<\/a> konfigurim. Pavar\u00ebsisht n\u00ebse po punoni n\u00eb planimetrin\u00eb e nd\u00ebrtimit, studimet topografike apo monitorimin e deformimit, ky priz\u00ebm garanton rezultate t\u00eb q\u00ebndrueshme dhe t\u00eb besueshme.<\/p>","protected":false},"excerpt":{"rendered":"<ul>\n<li>Strehimi metalik mbrojt\u00ebs mbron optik\u00ebn precize nga goditjet, pluhuri dhe lag\u00ebshtia, duke siguruar besueshm\u00ebri afatgjat\u00eb.<\/li>\n<li>Sh\u00ebrben si nj\u00eb priz\u00ebm z\u00ebvend\u00ebsues me cil\u00ebsi t\u00eb lart\u00eb p\u00ebr aplikime t\u00eb ndryshme matjeje, i pajtuesh\u00ebm me montimet standarde t\u00eb prizmave.<\/li>\n<\/ul>","protected":false},"featured_media":2827,"comment_status":"open","ping_status":"closed","template":"","meta":[],"product_brand":[],"product_cat":[105,72],"product_tag":[],"class_list":{"0":"post-2821","1":"product","2":"type-product","3":"status-publish","4":"has-post-thumbnail","6":"product_cat-corner-cube-prisms","7":"product_cat-reflective-target-prism","9":"first","10":"instock","11":"shipping-taxable","12":"product-type-simple"},"_links":{"self":[{"href":"https:\/\/mountlaser.com\/sq\/wp-json\/wp\/v2\/product\/2821","targetHints":{"allow":["GET"]}}],"collection":[{"href":"https:\/\/mountlaser.com\/sq\/wp-json\/wp\/v2\/product"}],"about":[{"href":"https:\/\/mountlaser.com\/sq\/wp-json\/wp\/v2\/types\/product"}],"replies":[{"embeddable":true,"href":"https:\/\/mountlaser.com\/sq\/wp-json\/wp\/v2\/comments?post=2821"}],"wp:featuredmedia":[{"embeddable":true,"href":"https:\/\/mountlaser.com\/sq\/wp-json\/wp\/v2\/media\/2827"}],"wp:attachment":[{"href":"https:\/\/mountlaser.com\/sq\/wp-json\/wp\/v2\/media?parent=2821"}],"wp:term":[{"taxonomy":"product_brand","embeddable":true,"href":"https:\/\/mountlaser.com\/sq\/wp-json\/wp\/v2\/product_brand?post=2821"},{"taxonomy":"product_cat","embeddable":true,"href":"https:\/\/mountlaser.com\/sq\/wp-json\/wp\/v2\/product_cat?post=2821"},{"taxonomy":"product_tag","embeddable":true,"href":"https:\/\/mountlaser.com\/sq\/wp-json\/wp\/v2\/product_tag?post=2821"}],"curies":[{"name":"wp","href":"https:\/\/api.w.org\/{rel}","templated":true}]}}