{"id":2814,"date":"2025-10-21T07:19:40","date_gmt":"2025-10-21T07:19:40","guid":{"rendered":"https:\/\/mountlaser.com\/?post_type=product&#038;p=2814"},"modified":"2025-11-28T05:46:35","modified_gmt":"2025-11-28T05:46:35","slug":"pj640b-corner-cube-prism-with-canister","status":"publish","type":"product","link":"https:\/\/mountlaser.com\/sq\/produkt\/pj640b-corner-cube-prism-with-canister\/","title":{"rendered":"Prizm kubik k\u00ebndor PJ640B me bombol\u00eb"},"content":{"rendered":"<p>Lazeri Mount <a href=\"https:\/\/mountlaser.com\/sq\/\"><strong>Prizm kubik k\u00ebndor PJ640B me bombol\u00eb<\/strong><\/a> \u00ebsht\u00eb nj\u00eb reflektor retro me precizion t\u00eb lart\u00eb dhe i q\u00ebndruesh\u00ebm, i projektuar p\u00ebr aplikime t\u00eb k\u00ebrkuara t\u00eb matjes. Ky komplet i plot\u00eb i prizmit kub k\u00ebndor \u00ebsht\u00eb nd\u00ebrtuar p\u00ebr t&#039;i b\u00ebr\u00eb ball\u00eb kushteve t\u00eb v\u00ebshtira t\u00eb vendit t\u00eb pun\u00ebs, duke siguruar nj\u00ebkoh\u00ebsisht sakt\u00ebsi matjeje t\u00eb besueshme dhe me rreze t\u00eb gjat\u00eb veprimi.<\/p>\n<p>I vendosur n\u00eb nj\u00eb bombol\u00eb metalike t\u00eb fort\u00eb, prizmi kub k\u00ebndor \u00f864.0 mm \u00ebsht\u00eb projektuar p\u00ebr performanc\u00eb t\u00eb jasht\u00ebzakonshme me t\u00eb gjitha stacionet totale kryesore. Ky komplet prizmi kub k\u00ebndor sh\u00ebrben si nj\u00eb priz\u00eb z\u00ebvend\u00ebsuese perfekte p\u00ebr nj\u00eb gam\u00eb t\u00eb gjer\u00eb projektesh matjeje, nga planimetria e nd\u00ebrtimit deri te monitorimi i deformimit. Bombola e integruar ofron mbrojtje superiore p\u00ebr elementin optik, duke siguruar performanc\u00eb t\u00eb q\u00ebndrueshme dhe jet\u00ebgjat\u00ebsi.<\/p>\n<p><img fetchpriority=\"high\" decoding=\"async\" class=\"aligncenter wp-image-2815\" src=\"https:\/\/mountlaser.com\/wp-content\/uploads\/2025\/10\/PJ640B-1.webp\" alt=\"Corner cube prism kit\" width=\"500\" height=\"500\" srcset=\"https:\/\/mountlaser.com\/wp-content\/uploads\/2025\/10\/PJ640B-1.webp 1000w, https:\/\/mountlaser.com\/wp-content\/uploads\/2025\/10\/PJ640B-1-300x300.webp 300w, https:\/\/mountlaser.com\/wp-content\/uploads\/2025\/10\/PJ640B-1-400x400.webp 400w, https:\/\/mountlaser.com\/wp-content\/uploads\/2025\/10\/PJ640B-1-800x800.webp 800w, https:\/\/mountlaser.com\/wp-content\/uploads\/2025\/10\/PJ640B-1-600x600.webp 600w, https:\/\/mountlaser.com\/wp-content\/uploads\/2025\/10\/PJ640B-1-150x150.webp 150w, https:\/\/mountlaser.com\/wp-content\/uploads\/2025\/10\/PJ640B-1-768x768.webp 768w, https:\/\/mountlaser.com\/wp-content\/uploads\/2025\/10\/PJ640B-1-12x12.webp 12w\" sizes=\"(max-width: 500px) 100vw, 500px\" \/><\/p>\n<p>Investoni n\u00eb besueshm\u00ebrin\u00eb dhe sakt\u00ebsin\u00eb e k\u00ebtij profesionisti <a href=\"https:\/\/mountlaser.com\/sq\/products\/\"><strong>komplet prizmi kubik k\u00ebndor<\/strong><\/a> p\u00ebr t\u00eb rritur efikasitetin dhe sakt\u00ebsin\u00eb e pun\u00ebs suaj n\u00eb terren.<\/p>","protected":false},"excerpt":{"rendered":"<ul>\n<li>Prizmi kub k\u00ebndor \u00f864.0 mm ofron aft\u00ebsi matjeje t\u00eb sakta n\u00eb distanca t\u00eb gjata p\u00ebr stacionet totale.<\/li>\n<li>Mbulesa metalike e q\u00ebndrueshme (kanist) e mbron prizm\u00ebn nga goditjet, pluhuri dhe lag\u00ebshtia, duke e b\u00ebr\u00eb at\u00eb ideal p\u00ebr mjedise t\u00eb ashpra.<\/li>\n<\/ul>","protected":false},"featured_media":2816,"comment_status":"open","ping_status":"closed","template":"","meta":[],"product_brand":[],"product_cat":[72,105],"product_tag":[],"class_list":{"0":"post-2814","1":"product","2":"type-product","3":"status-publish","4":"has-post-thumbnail","6":"product_cat-reflective-target-prism","7":"product_cat-corner-cube-prisms","9":"first","10":"instock","11":"shipping-taxable","12":"product-type-simple"},"_links":{"self":[{"href":"https:\/\/mountlaser.com\/sq\/wp-json\/wp\/v2\/product\/2814","targetHints":{"allow":["GET"]}}],"collection":[{"href":"https:\/\/mountlaser.com\/sq\/wp-json\/wp\/v2\/product"}],"about":[{"href":"https:\/\/mountlaser.com\/sq\/wp-json\/wp\/v2\/types\/product"}],"replies":[{"embeddable":true,"href":"https:\/\/mountlaser.com\/sq\/wp-json\/wp\/v2\/comments?post=2814"}],"wp:featuredmedia":[{"embeddable":true,"href":"https:\/\/mountlaser.com\/sq\/wp-json\/wp\/v2\/media\/2816"}],"wp:attachment":[{"href":"https:\/\/mountlaser.com\/sq\/wp-json\/wp\/v2\/media?parent=2814"}],"wp:term":[{"taxonomy":"product_brand","embeddable":true,"href":"https:\/\/mountlaser.com\/sq\/wp-json\/wp\/v2\/product_brand?post=2814"},{"taxonomy":"product_cat","embeddable":true,"href":"https:\/\/mountlaser.com\/sq\/wp-json\/wp\/v2\/product_cat?post=2814"},{"taxonomy":"product_tag","embeddable":true,"href":"https:\/\/mountlaser.com\/sq\/wp-json\/wp\/v2\/product_tag?post=2814"}],"curies":[{"name":"wp","href":"https:\/\/api.w.org\/{rel}","templated":true}]}}