{"id":2805,"date":"2025-10-20T09:11:18","date_gmt":"2025-10-20T09:11:18","guid":{"rendered":"https:\/\/mountlaser.com\/?post_type=product&#038;p=2805"},"modified":"2025-11-28T05:47:56","modified_gmt":"2025-11-28T05:47:56","slug":"gpr112-corner-cube-prism-with-canister","status":"publish","type":"product","link":"https:\/\/mountlaser.com\/sq\/produkt\/gpr112-corner-cube-prism-with-canister\/","title":{"rendered":"Prizm Kubi K\u00ebndi GPR112 me Kuti"},"content":{"rendered":"<p>I\/E\/T\u00eb\/T\u00eb <a href=\"https:\/\/mountlaser.com\/sq\/products\/\"><strong>Prizm Kubi K\u00ebndi GPR112 me Kuti<\/strong> <\/a>nga Mountlaser p\u00ebrfaq\u00ebson kulmin e precizitetit dhe q\u00ebndrueshm\u00ebris\u00eb p\u00ebr aplikime t\u00eb matjeve me rrezik t\u00eb lart\u00eb. Kjo nj\u00ebsi premium \u00ebsht\u00eb projektuar rreth nj\u00eb Prizmi Zviceran t\u00eb madh dhe ultra t\u00eb sakt\u00eb (\u00d862.0 mm), i njohur p\u00ebr gabimin e tij t\u00eb jasht\u00ebzakonsh\u00ebm t\u00eb frontit t\u00eb val\u00ebs dhe performanc\u00ebn e matjes n\u00eb rreze t\u00eb gjat\u00eb. I vendosur brenda nj\u00eb en\u00eb metalike t\u00eb fort\u00eb dhe mbrojt\u00ebse, kjo montim formon nj\u00eb nga Retroreflektor\u00ebt m\u00eb t\u00eb besuesh\u00ebm t\u00eb Kubit t\u00eb K\u00ebndit n\u00eb treg.<\/p>\n<p>GPR112 \u00ebsht\u00eb projektuar si nj\u00eb i drejtp\u00ebrdrejt\u00eb, <a href=\"https:\/\/mountlaser.com\/sq\/\"><strong>Prizm Z\u00ebvend\u00ebsues me Performanc\u00eb t\u00eb Lart\u00eb<\/strong><\/a> p\u00ebr rrjete kontrolli me k\u00ebrkesa t\u00eb larta dhe monitorim t\u00eb deformimit.<\/p>\n<p><img fetchpriority=\"high\" decoding=\"async\" class=\"aligncenter wp-image-2808\" src=\"https:\/\/mountlaser.com\/wp-content\/uploads\/2025\/10\/GPR112-5.webp\" alt=\"Corner Cube Retroreflectors \" width=\"500\" height=\"500\" srcset=\"https:\/\/mountlaser.com\/wp-content\/uploads\/2025\/10\/GPR112-5.webp 1000w, https:\/\/mountlaser.com\/wp-content\/uploads\/2025\/10\/GPR112-5-300x300.webp 300w, https:\/\/mountlaser.com\/wp-content\/uploads\/2025\/10\/GPR112-5-400x400.webp 400w, https:\/\/mountlaser.com\/wp-content\/uploads\/2025\/10\/GPR112-5-800x800.webp 800w, https:\/\/mountlaser.com\/wp-content\/uploads\/2025\/10\/GPR112-5-600x600.webp 600w, https:\/\/mountlaser.com\/wp-content\/uploads\/2025\/10\/GPR112-5-150x150.webp 150w, https:\/\/mountlaser.com\/wp-content\/uploads\/2025\/10\/GPR112-5-768x768.webp 768w, https:\/\/mountlaser.com\/wp-content\/uploads\/2025\/10\/GPR112-5-12x12.webp 12w\" sizes=\"(max-width: 500px) 100vw, 500px\" \/><\/p>\n<p>Duke integruar k\u00ebt\u00eb Prizm Zviceran superior n\u00eb nj\u00eb strehim t\u00eb fort\u00eb, Mountlaser ofron nj\u00eb <a href=\"https:\/\/mountlaser.com\/sq\/contact-us\/\"><strong>Retroreflektor\u00ebt e Kubit t\u00eb Qoshes<\/strong><\/a> zgjidhje e nd\u00ebrtuar p\u00ebr sakt\u00ebsi dhe jet\u00ebgjat\u00ebsi t\u00eb pakrahasueshme n\u00eb mjediset m\u00eb sfiduese.<\/p>","protected":false},"excerpt":{"rendered":"<ul>\n<li>Sh\u00ebrben si nj\u00eb Prizm\u00eb Z\u00ebvend\u00ebsuese e drejtp\u00ebrdrejt\u00eb dhe me sakt\u00ebsi t\u00eb lart\u00eb p\u00ebr sistemet ekzistuese, duke ofruar nj\u00eb rrug\u00eb p\u00ebrmir\u00ebsimi drejt performanc\u00ebs dhe besueshm\u00ebris\u00eb superiore.<\/li>\n<li>P\u00ebrfshin fileto standarde p\u00ebr integrim t\u00eb p\u00ebrsosur me nj\u00eb gam\u00eb t\u00eb gjer\u00eb shtyllash gjeodete, tribrak\u00ebsh dhe platformash montimi.<\/li>\n<\/ul>","protected":false},"featured_media":2806,"comment_status":"open","ping_status":"closed","template":"","meta":[],"product_brand":[],"product_cat":[72,105],"product_tag":[],"class_list":{"0":"post-2805","1":"product","2":"type-product","3":"status-publish","4":"has-post-thumbnail","6":"product_cat-reflective-target-prism","7":"product_cat-corner-cube-prisms","9":"first","10":"instock","11":"shipping-taxable","12":"product-type-simple"},"_links":{"self":[{"href":"https:\/\/mountlaser.com\/sq\/wp-json\/wp\/v2\/product\/2805","targetHints":{"allow":["GET"]}}],"collection":[{"href":"https:\/\/mountlaser.com\/sq\/wp-json\/wp\/v2\/product"}],"about":[{"href":"https:\/\/mountlaser.com\/sq\/wp-json\/wp\/v2\/types\/product"}],"replies":[{"embeddable":true,"href":"https:\/\/mountlaser.com\/sq\/wp-json\/wp\/v2\/comments?post=2805"}],"wp:featuredmedia":[{"embeddable":true,"href":"https:\/\/mountlaser.com\/sq\/wp-json\/wp\/v2\/media\/2806"}],"wp:attachment":[{"href":"https:\/\/mountlaser.com\/sq\/wp-json\/wp\/v2\/media?parent=2805"}],"wp:term":[{"taxonomy":"product_brand","embeddable":true,"href":"https:\/\/mountlaser.com\/sq\/wp-json\/wp\/v2\/product_brand?post=2805"},{"taxonomy":"product_cat","embeddable":true,"href":"https:\/\/mountlaser.com\/sq\/wp-json\/wp\/v2\/product_cat?post=2805"},{"taxonomy":"product_tag","embeddable":true,"href":"https:\/\/mountlaser.com\/sq\/wp-json\/wp\/v2\/product_tag?post=2805"}],"curies":[{"name":"wp","href":"https:\/\/api.w.org\/{rel}","templated":true}]}}