{"id":2798,"date":"2025-10-20T08:55:36","date_gmt":"2025-10-20T08:55:36","guid":{"rendered":"https:\/\/mountlaser.com\/?post_type=product&#038;p=2798"},"modified":"2025-11-28T05:49:37","modified_gmt":"2025-11-28T05:49:37","slug":"pa-b381-corner-cube-prism-with-canister","status":"publish","type":"product","link":"https:\/\/mountlaser.com\/sq\/produkt\/pa-b381-corner-cube-prism-with-canister\/","title":{"rendered":"Prizm Kubi K\u00ebndi PA\/B381 me Kuti"},"content":{"rendered":"<p>Mountlaser prezanton<a href=\"https:\/\/mountlaser.com\/sq\/about-us\/\"> <strong>Prizm Kubi K\u00ebndi PA381 me Kuti<\/strong><\/a> dhe PB381 Corner Cube Prism With Canister, dy zgjidhje t\u00eb fuqishme t\u00eb projektuara p\u00ebr performanc\u00eb superiore n\u00eb kushte t\u00eb v\u00ebshtira n\u00eb terren.<\/p>\n<p>T\u00eb dy modelet integrojn\u00eb nj\u00eb priz\u00ebm kubik k\u00ebndor me precizion t\u00eb lart\u00eb n\u00eb nj\u00eb streh\u00eb metalike mbrojt\u00ebse, duke mbrojtur p\u00ebrb\u00ebr\u00ebsin optik kritik nga goditjet, pluhuri dhe lag\u00ebshtia.<br \/>\nPrizmi i Kubit t\u00eb Qoshes PA381 me Kanistr\u00eb p\u00ebrmban nj\u00eb Prizm TOP t\u00eb nivelit t\u00eb lart\u00eb (\u00d838.1 mm) p\u00ebr intensitet dhe diapazon maksimal t\u00eb sinjalit.<\/p>\n<p><img fetchpriority=\"high\" decoding=\"async\" class=\"aligncenter wp-image-2800\" src=\"https:\/\/mountlaser.com\/wp-content\/uploads\/2025\/10\/PA381-5.webp\" alt=\"Corner Cube Prism With Canister\" width=\"500\" height=\"500\" srcset=\"https:\/\/mountlaser.com\/wp-content\/uploads\/2025\/10\/PA381-5.webp 1000w, https:\/\/mountlaser.com\/wp-content\/uploads\/2025\/10\/PA381-5-300x300.webp 300w, https:\/\/mountlaser.com\/wp-content\/uploads\/2025\/10\/PA381-5-400x400.webp 400w, https:\/\/mountlaser.com\/wp-content\/uploads\/2025\/10\/PA381-5-800x800.webp 800w, https:\/\/mountlaser.com\/wp-content\/uploads\/2025\/10\/PA381-5-600x600.webp 600w, https:\/\/mountlaser.com\/wp-content\/uploads\/2025\/10\/PA381-5-150x150.webp 150w, https:\/\/mountlaser.com\/wp-content\/uploads\/2025\/10\/PA381-5-768x768.webp 768w, https:\/\/mountlaser.com\/wp-content\/uploads\/2025\/10\/PA381-5-12x12.webp 12w\" sizes=\"(max-width: 500px) 100vw, 500px\" \/><br \/>\nP\u00ebr nj\u00eb opsion t\u00eb besuesh\u00ebm dhe me kosto efektive, Prizmi K\u00ebndor Kub PB381 me Bombol\u00eb me Prizmin e tij standard me cil\u00ebsi t\u00eb lart\u00eb (\u00d838.1 mm) ofron vler\u00eb t\u00eb jasht\u00ebzakonshme.<\/p>\n<p><img decoding=\"async\" class=\"aligncenter wp-image-2804\" src=\"https:\/\/mountlaser.com\/wp-content\/uploads\/2025\/10\/PB381-9.webp\" alt=\"\" width=\"500\" height=\"500\" srcset=\"https:\/\/mountlaser.com\/wp-content\/uploads\/2025\/10\/PB381-9.webp 1000w, https:\/\/mountlaser.com\/wp-content\/uploads\/2025\/10\/PB381-9-300x300.webp 300w, https:\/\/mountlaser.com\/wp-content\/uploads\/2025\/10\/PB381-9-400x400.webp 400w, https:\/\/mountlaser.com\/wp-content\/uploads\/2025\/10\/PB381-9-800x800.webp 800w, https:\/\/mountlaser.com\/wp-content\/uploads\/2025\/10\/PB381-9-600x600.webp 600w, https:\/\/mountlaser.com\/wp-content\/uploads\/2025\/10\/PB381-9-150x150.webp 150w, https:\/\/mountlaser.com\/wp-content\/uploads\/2025\/10\/PB381-9-768x768.webp 768w, https:\/\/mountlaser.com\/wp-content\/uploads\/2025\/10\/PB381-9-12x12.webp 12w\" sizes=\"(max-width: 500px) 100vw, 500px\" \/><\/p>\n<p>Zgjedhja e nj\u00eb <a href=\"https:\/\/mountlaser.com\/sq\/contact-us\/\"><strong>Prizm Kubi K\u00ebndi me Kuti<\/strong><\/a> Nga kjo seri garantohet q\u00ebndrueshm\u00ebri dhe stabilitet matjeje afatgjat\u00eb p\u00ebr projektet tuaja m\u00eb sfiduese.<\/p>","protected":false},"excerpt":{"rendered":"<ul>\n<li>T\u00eb dy modelet PA381 dhe PB381 p\u00ebrdorin nj\u00eb kub k\u00ebndor 38.1 mm p\u00ebr reflektim t\u00eb sakt\u00eb, duke siguruar matje t\u00eb besueshme t\u00eb distanc\u00ebs me stacione totale.<\/li>\n<li>Strehimi p\u00ebrfshin nj\u00eb baz\u00eb standarde me fileto (p.sh., 5\/8\u2033-11), duke lejuar montim t\u00eb shpejt\u00eb dhe t\u00eb sigurt n\u00eb shtylla vrojtimi, trek\u00ebmb\u00ebsha dhe montime magnetike.<\/li>\n<\/ul>","protected":false},"featured_media":2800,"comment_status":"open","ping_status":"closed","template":"","meta":[],"product_brand":[],"product_cat":[72,105],"product_tag":[],"class_list":{"0":"post-2798","1":"product","2":"type-product","3":"status-publish","4":"has-post-thumbnail","6":"product_cat-reflective-target-prism","7":"product_cat-corner-cube-prisms","9":"first","10":"instock","11":"shipping-taxable","12":"product-type-simple"},"_links":{"self":[{"href":"https:\/\/mountlaser.com\/sq\/wp-json\/wp\/v2\/product\/2798","targetHints":{"allow":["GET"]}}],"collection":[{"href":"https:\/\/mountlaser.com\/sq\/wp-json\/wp\/v2\/product"}],"about":[{"href":"https:\/\/mountlaser.com\/sq\/wp-json\/wp\/v2\/types\/product"}],"replies":[{"embeddable":true,"href":"https:\/\/mountlaser.com\/sq\/wp-json\/wp\/v2\/comments?post=2798"}],"wp:featuredmedia":[{"embeddable":true,"href":"https:\/\/mountlaser.com\/sq\/wp-json\/wp\/v2\/media\/2800"}],"wp:attachment":[{"href":"https:\/\/mountlaser.com\/sq\/wp-json\/wp\/v2\/media?parent=2798"}],"wp:term":[{"taxonomy":"product_brand","embeddable":true,"href":"https:\/\/mountlaser.com\/sq\/wp-json\/wp\/v2\/product_brand?post=2798"},{"taxonomy":"product_cat","embeddable":true,"href":"https:\/\/mountlaser.com\/sq\/wp-json\/wp\/v2\/product_cat?post=2798"},{"taxonomy":"product_tag","embeddable":true,"href":"https:\/\/mountlaser.com\/sq\/wp-json\/wp\/v2\/product_tag?post=2798"}],"curies":[{"name":"wp","href":"https:\/\/api.w.org\/{rel}","templated":true}]}}