{"id":2788,"date":"2025-10-20T08:46:25","date_gmt":"2025-10-20T08:46:25","guid":{"rendered":"https:\/\/mountlaser.com\/?post_type=product&#038;p=2788"},"modified":"2025-11-28T06:00:43","modified_gmt":"2025-11-28T06:00:43","slug":"pa254-corner-cube-prism-with-canister","status":"publish","type":"product","link":"https:\/\/mountlaser.com\/sq\/produkt\/pa254-corner-cube-prism-with-canister\/","title":{"rendered":"Prizm Kubi K\u00ebndi PA254 me Kuti"},"content":{"rendered":"<p>I\/E\/T\u00eb\/T\u00eb <a href=\"https:\/\/mountlaser.com\/sq\/\"><strong>Prizm Kubi K\u00ebndi PA254 me Kuti<\/strong><\/a> \u00ebsht\u00eb nj\u00eb komponent optik preciz i projektuar p\u00ebr matje t\u00eb besueshme me lazer dhe detyra matjeje. I b\u00ebr\u00eb nga prizm\u00eb me cil\u00ebsi t\u00eb lart\u00eb \u012d25.4 mm, ky priz\u00ebm ofron reflektivitet dhe sakt\u00ebsi k\u00ebndore t\u00eb jasht\u00ebzakonshme.<\/p>\n<p><img fetchpriority=\"high\" decoding=\"async\" class=\"wp-image-2797 aligncenter\" src=\"https:\/\/mountlaser.com\/wp-content\/uploads\/2025\/10\/PA254-10.webp\" alt=\"PA254 Corner Cube Prism With Canister\" width=\"500\" height=\"500\" srcset=\"https:\/\/mountlaser.com\/wp-content\/uploads\/2025\/10\/PA254-10.webp 1000w, https:\/\/mountlaser.com\/wp-content\/uploads\/2025\/10\/PA254-10-300x300.webp 300w, https:\/\/mountlaser.com\/wp-content\/uploads\/2025\/10\/PA254-10-400x400.webp 400w, https:\/\/mountlaser.com\/wp-content\/uploads\/2025\/10\/PA254-10-800x800.webp 800w, https:\/\/mountlaser.com\/wp-content\/uploads\/2025\/10\/PA254-10-600x600.webp 600w, https:\/\/mountlaser.com\/wp-content\/uploads\/2025\/10\/PA254-10-150x150.webp 150w, https:\/\/mountlaser.com\/wp-content\/uploads\/2025\/10\/PA254-10-768x768.webp 768w, https:\/\/mountlaser.com\/wp-content\/uploads\/2025\/10\/PA254-10-12x12.webp 12w\" sizes=\"(max-width: 500px) 100vw, 500px\" \/><\/p>\n<p>I\/E\/T\u00eb\/T\u00eb <a href=\"https:\/\/mountlaser.com\/sq\/products\/\"><strong>Prizmi i Kubit t\u00eb Qoshes PA254<\/strong><\/a> Me kanisterin, PA254 siguron performanc\u00eb t\u00eb q\u00ebndrueshme si n\u00eb mjedise t\u00eb brendshme ashtu edhe n\u00eb t\u00eb jashtme, duke e b\u00ebr\u00eb ideal p\u00ebr shtrirjen, matjen e distanc\u00ebs dhe eksperimente optike. Me dizajnin e tij t\u00eb q\u00ebndruesh\u00ebm t\u00eb kanisterit, PA254 siguron trajtim t\u00eb leht\u00eb dhe mbrojtje afatgjat\u00eb p\u00ebr aplikime precize.<\/p>","protected":false},"excerpt":{"rendered":"<ul>\n<li>Reflekton rrezet lazer p\u00ebrs\u00ebri n\u00eb burimin e tyre me sakt\u00ebsi t\u00eb lart\u00eb<\/li>\n<li>I p\u00ebrshtatsh\u00ebm p\u00ebr matje t\u00eb sakta t\u00eb distanc\u00ebs dhe k\u00ebndit<\/li>\n<li>Dizajn kompakt me nj\u00eb kuti mbrojt\u00ebse p\u00ebr transport t\u00eb leht\u00eb<\/li>\n<\/ul>","protected":false},"featured_media":2795,"comment_status":"open","ping_status":"closed","template":"","meta":[],"product_brand":[],"product_cat":[72,105],"product_tag":[],"class_list":{"0":"post-2788","1":"product","2":"type-product","3":"status-publish","4":"has-post-thumbnail","6":"product_cat-reflective-target-prism","7":"product_cat-corner-cube-prisms","9":"first","10":"instock","11":"shipping-taxable","12":"product-type-simple"},"_links":{"self":[{"href":"https:\/\/mountlaser.com\/sq\/wp-json\/wp\/v2\/product\/2788","targetHints":{"allow":["GET"]}}],"collection":[{"href":"https:\/\/mountlaser.com\/sq\/wp-json\/wp\/v2\/product"}],"about":[{"href":"https:\/\/mountlaser.com\/sq\/wp-json\/wp\/v2\/types\/product"}],"replies":[{"embeddable":true,"href":"https:\/\/mountlaser.com\/sq\/wp-json\/wp\/v2\/comments?post=2788"}],"wp:featuredmedia":[{"embeddable":true,"href":"https:\/\/mountlaser.com\/sq\/wp-json\/wp\/v2\/media\/2795"}],"wp:attachment":[{"href":"https:\/\/mountlaser.com\/sq\/wp-json\/wp\/v2\/media?parent=2788"}],"wp:term":[{"taxonomy":"product_brand","embeddable":true,"href":"https:\/\/mountlaser.com\/sq\/wp-json\/wp\/v2\/product_brand?post=2788"},{"taxonomy":"product_cat","embeddable":true,"href":"https:\/\/mountlaser.com\/sq\/wp-json\/wp\/v2\/product_cat?post=2788"},{"taxonomy":"product_tag","embeddable":true,"href":"https:\/\/mountlaser.com\/sq\/wp-json\/wp\/v2\/product_tag?post=2788"}],"curies":[{"name":"wp","href":"https:\/\/api.w.org\/{rel}","templated":true}]}}