{"id":2780,"date":"2025-10-20T08:34:57","date_gmt":"2025-10-20T08:34:57","guid":{"rendered":"https:\/\/mountlaser.com\/?post_type=product&#038;p=2780"},"modified":"2025-11-28T06:02:12","modified_gmt":"2025-11-28T06:02:12","slug":"g640t-corner-cube-prism","status":"publish","type":"product","link":"https:\/\/mountlaser.com\/sq\/produkt\/g640t-corner-cube-prism\/","title":{"rendered":"Prizmi i Kubit t\u00eb Qoshes G640T"},"content":{"rendered":"<p>I\/E\/T\u00eb\/T\u00eb <a href=\"https:\/\/mountlaser.com\/sq\/\"><strong>Prizmi i Kubit t\u00eb Qoshes G640T<\/strong><\/a> \u00ebsht\u00eb nj\u00eb pajisje optike me performanc\u00eb t\u00eb lart\u00eb e prodhuar nga Prizm Glass \u012d64 mm me cil\u00ebsi t\u00eb lart\u00eb. I projektuar p\u00ebr sakt\u00ebsi dhe q\u00ebndrueshm\u00ebri, ky priz\u00ebm \u00ebsht\u00eb ideal p\u00ebr nj\u00eb s\u00ebr\u00eb aplikimesh matjeje dhe shtrirjeje, duke p\u00ebrfshir\u00eb skanimin me lazer, matjet dhe testimet optike.<\/p>\n<p><img fetchpriority=\"high\" decoding=\"async\" class=\"aligncenter wp-image-2785\" src=\"https:\/\/mountlaser.com\/wp-content\/uploads\/2025\/10\/G640T-7.webp\" alt=\"G640T Corner Cube Prism\" width=\"500\" height=\"500\" srcset=\"https:\/\/mountlaser.com\/wp-content\/uploads\/2025\/10\/G640T-7.webp 1000w, https:\/\/mountlaser.com\/wp-content\/uploads\/2025\/10\/G640T-7-300x300.webp 300w, https:\/\/mountlaser.com\/wp-content\/uploads\/2025\/10\/G640T-7-400x400.webp 400w, https:\/\/mountlaser.com\/wp-content\/uploads\/2025\/10\/G640T-7-800x800.webp 800w, https:\/\/mountlaser.com\/wp-content\/uploads\/2025\/10\/G640T-7-600x600.webp 600w, https:\/\/mountlaser.com\/wp-content\/uploads\/2025\/10\/G640T-7-150x150.webp 150w, https:\/\/mountlaser.com\/wp-content\/uploads\/2025\/10\/G640T-7-768x768.webp 768w, https:\/\/mountlaser.com\/wp-content\/uploads\/2025\/10\/G640T-7-12x12.webp 12w\" sizes=\"(max-width: 500px) 100vw, 500px\" \/><br \/>\nI\/E\/T\u00eb\/T\u00eb<a href=\"https:\/\/mountlaser.com\/sq\/products\/\"> <strong>Prizmi i Kubit t\u00eb Qoshes G640T<\/strong><\/a> reflekton rrezet e drit\u00ebs p\u00ebrs\u00ebri n\u00eb burimin e tyre me devijim minimal k\u00ebndor, duke e b\u00ebr\u00eb at\u00eb perfekt p\u00ebr detyra precize. Qoft\u00eb n\u00eb laborator apo n\u00eb terren, G640T siguron rezultate t\u00eb besueshme \u00e7do her\u00eb.<\/p>\n<p>&nbsp;<\/p>","protected":false},"excerpt":{"rendered":"<ul>\n<li>Thelb\u00ebsore p\u00ebr matje t\u00eb sakta t\u00eb k\u00ebndit dhe distanc\u00ebs<\/li>\n<li>Shum\u00eb i pajtuesh\u00ebm me instrumente t\u00eb ndryshme t\u00eb matjes dhe matjes<\/li>\n<li>Nd\u00ebrtuar p\u00ebr t&#039;i b\u00ebr\u00eb ball\u00eb mjediseve sfiduese p\u00ebr p\u00ebrdorim afatgjat\u00eb<\/li>\n<\/ul>","protected":false},"featured_media":2783,"comment_status":"open","ping_status":"closed","template":"","meta":[],"product_brand":[],"product_cat":[72,105],"product_tag":[],"class_list":{"0":"post-2780","1":"product","2":"type-product","3":"status-publish","4":"has-post-thumbnail","6":"product_cat-reflective-target-prism","7":"product_cat-corner-cube-prisms","9":"first","10":"instock","11":"shipping-taxable","12":"product-type-simple"},"_links":{"self":[{"href":"https:\/\/mountlaser.com\/sq\/wp-json\/wp\/v2\/product\/2780","targetHints":{"allow":["GET"]}}],"collection":[{"href":"https:\/\/mountlaser.com\/sq\/wp-json\/wp\/v2\/product"}],"about":[{"href":"https:\/\/mountlaser.com\/sq\/wp-json\/wp\/v2\/types\/product"}],"replies":[{"embeddable":true,"href":"https:\/\/mountlaser.com\/sq\/wp-json\/wp\/v2\/comments?post=2780"}],"wp:featuredmedia":[{"embeddable":true,"href":"https:\/\/mountlaser.com\/sq\/wp-json\/wp\/v2\/media\/2783"}],"wp:attachment":[{"href":"https:\/\/mountlaser.com\/sq\/wp-json\/wp\/v2\/media?parent=2780"}],"wp:term":[{"taxonomy":"product_brand","embeddable":true,"href":"https:\/\/mountlaser.com\/sq\/wp-json\/wp\/v2\/product_brand?post=2780"},{"taxonomy":"product_cat","embeddable":true,"href":"https:\/\/mountlaser.com\/sq\/wp-json\/wp\/v2\/product_cat?post=2780"},{"taxonomy":"product_tag","embeddable":true,"href":"https:\/\/mountlaser.com\/sq\/wp-json\/wp\/v2\/product_tag?post=2780"}],"curies":[{"name":"wp","href":"https:\/\/api.w.org\/{rel}","templated":true}]}}