{"id":2773,"date":"2025-10-20T08:17:02","date_gmt":"2025-10-20T08:17:02","guid":{"rendered":"https:\/\/mountlaser.com\/?post_type=product&#038;p=2773"},"modified":"2025-11-28T06:04:23","modified_gmt":"2025-11-28T06:04:23","slug":"g640l-corner-cube-prism","status":"publish","type":"product","link":"https:\/\/mountlaser.com\/sq\/produkt\/g640l-corner-cube-prism\/","title":{"rendered":"Prizmi i Kubit t\u00eb Qoshes G640L"},"content":{"rendered":"<p>I\/E\/T\u00eb\/T\u00eb <a href=\"https:\/\/mountlaser.com\/sq\/\"><strong>Prizmi i Kubit t\u00eb Qoshes G640L<\/strong><\/a> \u00ebsht\u00eb nj\u00eb komponent optik me precizion t\u00eb lart\u00eb i projektuar p\u00ebr detyra matjeje dhe shtrirjeje t\u00eb sakta.<br \/>\nI b\u00ebr\u00eb nga qelqi prizmatik premium \u012d64 mm, prizma qoshe kubike G640L siguron reflektivitet dhe sakt\u00ebsi k\u00ebndore t\u00eb jasht\u00ebzakonshme, duke e b\u00ebr\u00eb at\u00eb ideal p\u00ebr matje, shtrirje me lazer dhe aplikime t\u00eb tjera precize.<\/p>\n<p>&nbsp;<\/p>\n<p><img fetchpriority=\"high\" decoding=\"async\" class=\"aligncenter wp-image-2775\" src=\"https:\/\/mountlaser.com\/wp-content\/uploads\/2025\/10\/G640L-2.webp\" alt=\"G640L Corner Cube Prism \" width=\"500\" height=\"500\" srcset=\"https:\/\/mountlaser.com\/wp-content\/uploads\/2025\/10\/G640L-2.webp 1000w, https:\/\/mountlaser.com\/wp-content\/uploads\/2025\/10\/G640L-2-300x300.webp 300w, https:\/\/mountlaser.com\/wp-content\/uploads\/2025\/10\/G640L-2-400x400.webp 400w, https:\/\/mountlaser.com\/wp-content\/uploads\/2025\/10\/G640L-2-800x800.webp 800w, https:\/\/mountlaser.com\/wp-content\/uploads\/2025\/10\/G640L-2-600x600.webp 600w, https:\/\/mountlaser.com\/wp-content\/uploads\/2025\/10\/G640L-2-150x150.webp 150w, https:\/\/mountlaser.com\/wp-content\/uploads\/2025\/10\/G640L-2-768x768.webp 768w, https:\/\/mountlaser.com\/wp-content\/uploads\/2025\/10\/G640L-2-12x12.webp 12w\" sizes=\"(max-width: 500px) 100vw, 500px\" \/><\/p>\n<p>Me nd\u00ebrtimin e saj t\u00eb fort\u00eb dhe performanc\u00ebn e saj optike superiore, <a href=\"https:\/\/mountlaser.com\/sq\/products\/\"><strong>Prizmi i Kubit t\u00eb Qoshes G640L<\/strong><\/a> ofron rezultate t\u00eb besueshme si n\u00eb mjedise laboratorike ashtu edhe n\u00eb terren.<\/p>","protected":false},"excerpt":{"rendered":"<ul>\n<li>Mb\u00ebshtet matjet e sakta t\u00eb distanc\u00ebs dhe k\u00ebndit<\/li>\n<li>I pajtuesh\u00ebm me instrumente t\u00eb ndryshme matjeje dhe matjeje<\/li>\n<li>Dizajn i q\u00ebndruesh\u00ebm p\u00ebr p\u00ebrdorim afatgjat\u00eb n\u00eb mjedise t\u00eb v\u00ebshtira<\/li>\n<\/ul>","protected":false},"featured_media":2778,"comment_status":"open","ping_status":"closed","template":"","meta":[],"product_brand":[],"product_cat":[72,105],"product_tag":[],"class_list":{"0":"post-2773","1":"product","2":"type-product","3":"status-publish","4":"has-post-thumbnail","6":"product_cat-reflective-target-prism","7":"product_cat-corner-cube-prisms","9":"first","10":"instock","11":"shipping-taxable","12":"product-type-simple"},"_links":{"self":[{"href":"https:\/\/mountlaser.com\/sq\/wp-json\/wp\/v2\/product\/2773","targetHints":{"allow":["GET"]}}],"collection":[{"href":"https:\/\/mountlaser.com\/sq\/wp-json\/wp\/v2\/product"}],"about":[{"href":"https:\/\/mountlaser.com\/sq\/wp-json\/wp\/v2\/types\/product"}],"replies":[{"embeddable":true,"href":"https:\/\/mountlaser.com\/sq\/wp-json\/wp\/v2\/comments?post=2773"}],"wp:featuredmedia":[{"embeddable":true,"href":"https:\/\/mountlaser.com\/sq\/wp-json\/wp\/v2\/media\/2778"}],"wp:attachment":[{"href":"https:\/\/mountlaser.com\/sq\/wp-json\/wp\/v2\/media?parent=2773"}],"wp:term":[{"taxonomy":"product_brand","embeddable":true,"href":"https:\/\/mountlaser.com\/sq\/wp-json\/wp\/v2\/product_brand?post=2773"},{"taxonomy":"product_cat","embeddable":true,"href":"https:\/\/mountlaser.com\/sq\/wp-json\/wp\/v2\/product_cat?post=2773"},{"taxonomy":"product_tag","embeddable":true,"href":"https:\/\/mountlaser.com\/sq\/wp-json\/wp\/v2\/product_tag?post=2773"}],"curies":[{"name":"wp","href":"https:\/\/api.w.org\/{rel}","templated":true}]}}