{"id":2766,"date":"2025-10-20T08:05:36","date_gmt":"2025-10-20T08:05:36","guid":{"rendered":"https:\/\/mountlaser.com\/?post_type=product&#038;p=2766"},"modified":"2025-12-01T09:01:49","modified_gmt":"2025-12-01T09:01:49","slug":"g254-corner-cube-prism","status":"publish","type":"product","link":"https:\/\/mountlaser.com\/sq\/produkt\/g254-corner-cube-prism\/","title":{"rendered":"Prizmi i Kubit t\u00eb K\u00ebndit G254"},"content":{"rendered":"<p>I\/E\/T\u00eb\/T\u00eb<a href=\"https:\/\/mountlaser.com\/sq\/\"><strong> Prizmi i Kubit t\u00eb K\u00ebndit G254<\/strong><\/a> nga Mountlaser \u00ebsht\u00eb nj\u00eb komponent optik kompakt dhe me precizion t\u00eb lart\u00eb, thelb\u00ebsor p\u00ebr nj\u00eb gam\u00eb t\u00eb gjer\u00eb aplikimesh t\u00eb matjes dhe shtrirjes. Ky priz\u00ebm i fuqish\u00ebm \u00ebsht\u00eb projektuar me tre sip\u00ebrfaqe reflektuese reciprokisht pingule, duke garantuar reflektim t\u00eb p\u00ebrsosur duke d\u00ebrguar \u00e7do rreze drite hyr\u00ebse direkt n\u00eb burimin e saj.<\/p>\n<p><img fetchpriority=\"high\" decoding=\"async\" class=\"aligncenter wp-image-2772\" src=\"https:\/\/mountlaser.com\/wp-content\/uploads\/2025\/10\/G254-9.webp\" alt=\"G254 Corner Cube Prism\" width=\"500\" height=\"500\" srcset=\"https:\/\/mountlaser.com\/wp-content\/uploads\/2025\/10\/G254-9.webp 1000w, https:\/\/mountlaser.com\/wp-content\/uploads\/2025\/10\/G254-9-300x300.webp 300w, https:\/\/mountlaser.com\/wp-content\/uploads\/2025\/10\/G254-9-400x400.webp 400w, https:\/\/mountlaser.com\/wp-content\/uploads\/2025\/10\/G254-9-800x800.webp 800w, https:\/\/mountlaser.com\/wp-content\/uploads\/2025\/10\/G254-9-600x600.webp 600w, https:\/\/mountlaser.com\/wp-content\/uploads\/2025\/10\/G254-9-150x150.webp 150w, https:\/\/mountlaser.com\/wp-content\/uploads\/2025\/10\/G254-9-768x768.webp 768w, https:\/\/mountlaser.com\/wp-content\/uploads\/2025\/10\/G254-9-12x12.webp 12w\" sizes=\"(max-width: 500px) 100vw, 500px\" \/><\/p>\n<p>Prodhuar nga qelqi prizmatik me cil\u00ebsi t\u00eb lart\u00eb me nj\u00eb diamet\u00ebr prej 25.4 mm, G254 <a href=\"https:\/\/mountlaser.com\/sq\/kategori-produkti\/reflective-target-prism\/\"><strong>Prizmi i Kubit t\u00eb Qoshes<\/strong><\/a> ofron performanc\u00eb t\u00eb jasht\u00ebzakonshme p\u00ebr stacionet totale dhe sistemet e matjes me lazer. Madh\u00ebsia e tij m\u00eb e vog\u00ebl e b\u00ebn at\u00eb nj\u00eb zgjedhje ideale p\u00ebr projektet q\u00eb k\u00ebrkojn\u00eb transportueshm\u00ebri dhe sakt\u00ebsi n\u00eb hap\u00ebsira t\u00eb kufizuara, duke siguruar mbledhje t\u00eb besueshme t\u00eb t\u00eb dh\u00ebnave n\u00eb t\u00eb gjitha detyrat tuaja profesionale.<\/p>","protected":false},"excerpt":{"rendered":"<ul>\n<li>Kompakt dhe i l\u00ebvizsh\u00ebm: Me nj\u00eb diamet\u00ebr qelqi prizmi prej 25.4 mm, ky priz\u00ebm \u00ebsht\u00eb i leht\u00eb dhe i leht\u00eb p\u00ebr t\u2019u p\u00ebrdorur, ideal p\u00ebr operacione dhe konfigurime t\u00eb l\u00ebvizshme n\u00eb hap\u00ebsira t\u00eb ngushta.<\/li>\n<li>Cil\u00ebsi e q\u00ebndrueshme nd\u00ebrtimi: I nd\u00ebrtuar nga xham optik i cil\u00ebsis\u00eb s\u00eb lart\u00eb, Prismi Corner Cube G254 \u00ebsht\u00eb nd\u00ebrtuar p\u00ebr t&#039;i b\u00ebr\u00eb ball\u00eb v\u00ebshtir\u00ebsive t\u00eb p\u00ebrdorimit n\u00eb terren.<\/li>\n<\/ul>","protected":false},"featured_media":2767,"comment_status":"open","ping_status":"closed","template":"","meta":[],"product_brand":[],"product_cat":[72,105],"product_tag":[],"class_list":{"0":"post-2766","1":"product","2":"type-product","3":"status-publish","4":"has-post-thumbnail","6":"product_cat-reflective-target-prism","7":"product_cat-corner-cube-prisms","9":"first","10":"instock","11":"shipping-taxable","12":"product-type-simple"},"_links":{"self":[{"href":"https:\/\/mountlaser.com\/sq\/wp-json\/wp\/v2\/product\/2766","targetHints":{"allow":["GET"]}}],"collection":[{"href":"https:\/\/mountlaser.com\/sq\/wp-json\/wp\/v2\/product"}],"about":[{"href":"https:\/\/mountlaser.com\/sq\/wp-json\/wp\/v2\/types\/product"}],"replies":[{"embeddable":true,"href":"https:\/\/mountlaser.com\/sq\/wp-json\/wp\/v2\/comments?post=2766"}],"wp:featuredmedia":[{"embeddable":true,"href":"https:\/\/mountlaser.com\/sq\/wp-json\/wp\/v2\/media\/2767"}],"wp:attachment":[{"href":"https:\/\/mountlaser.com\/sq\/wp-json\/wp\/v2\/media?parent=2766"}],"wp:term":[{"taxonomy":"product_brand","embeddable":true,"href":"https:\/\/mountlaser.com\/sq\/wp-json\/wp\/v2\/product_brand?post=2766"},{"taxonomy":"product_cat","embeddable":true,"href":"https:\/\/mountlaser.com\/sq\/wp-json\/wp\/v2\/product_cat?post=2766"},{"taxonomy":"product_tag","embeddable":true,"href":"https:\/\/mountlaser.com\/sq\/wp-json\/wp\/v2\/product_tag?post=2766"}],"curies":[{"name":"wp","href":"https:\/\/api.w.org\/{rel}","templated":true}]}}