{"id":2757,"date":"2025-10-20T07:54:41","date_gmt":"2025-10-20T07:54:41","guid":{"rendered":"https:\/\/mountlaser.com\/?post_type=product&#038;p=2757"},"modified":"2025-11-28T06:21:25","modified_gmt":"2025-11-28T06:21:25","slug":"g127-corner-cube-prism","status":"publish","type":"product","link":"https:\/\/mountlaser.com\/sq\/produkt\/g127-corner-cube-prism\/","title":{"rendered":"Prizmi i Kubit t\u00eb Qoshes G127"},"content":{"rendered":"<p>I\/E\/T\u00eb\/T\u00eb <a href=\"https:\/\/mountlaser.com\/sq\/products\/\"><strong>Prizmi i Kubit t\u00eb Qoshes G381<\/strong><\/a> nga Mountlaser \u00ebsht\u00eb nj\u00eb komponent optik me precizion t\u00eb lart\u00eb i projektuar p\u00ebr aplikime t\u00eb k\u00ebrkuara t\u00eb matjes dhe matjes.<br \/>\nKy priz\u00ebm preciz karakterizohet nga tre sip\u00ebrfaqet e tij unike reflektuese pingule reciprokisht, t\u00eb cilat garantojn\u00eb funksionin kritik t\u00eb reflektimit prapa.<br \/>\nKjo do t\u00eb thot\u00eb q\u00eb reflekton \u00e7do rreze drite hyr\u00ebse direkt n\u00eb burimin e saj, pavar\u00ebsisht nga k\u00ebndi i incidenc\u00ebs.<\/p>\n<p><img fetchpriority=\"high\" decoding=\"async\" class=\"aligncenter wp-image-2763\" src=\"https:\/\/mountlaser.com\/wp-content\/uploads\/2025\/10\/G381-7.webp\" alt=\"G381 Corner Cube Prism\" width=\"500\" height=\"500\" srcset=\"https:\/\/mountlaser.com\/wp-content\/uploads\/2025\/10\/G381-7.webp 1000w, https:\/\/mountlaser.com\/wp-content\/uploads\/2025\/10\/G381-7-300x300.webp 300w, https:\/\/mountlaser.com\/wp-content\/uploads\/2025\/10\/G381-7-400x400.webp 400w, https:\/\/mountlaser.com\/wp-content\/uploads\/2025\/10\/G381-7-800x800.webp 800w, https:\/\/mountlaser.com\/wp-content\/uploads\/2025\/10\/G381-7-600x600.webp 600w, https:\/\/mountlaser.com\/wp-content\/uploads\/2025\/10\/G381-7-150x150.webp 150w, https:\/\/mountlaser.com\/wp-content\/uploads\/2025\/10\/G381-7-768x768.webp 768w, https:\/\/mountlaser.com\/wp-content\/uploads\/2025\/10\/G381-7-12x12.webp 12w\" sizes=\"(max-width: 500px) 100vw, 500px\" \/><\/p>\n<p>Krijuar nga <a href=\"https:\/\/mountlaser.com\/sq\/about-us\/\"><strong>Qelq Prizmi me cil\u00ebsi t\u00eb lart\u00eb<\/strong><\/a> Me nj\u00eb diamet\u00ebr t\u00eb sakt\u00eb prej 38.1 mm, Prizma G381 Corner Cube siguron kthim t\u00eb sinjalit dhe sakt\u00ebsi t\u00eb jasht\u00ebzakonshme matjeje p\u00ebr stacionet totale dhe gjurmuesit lazer, duke e b\u00ebr\u00eb at\u00eb nj\u00eb mjet t\u00eb domosdosh\u00ebm p\u00ebr profesionist\u00ebt q\u00eb nuk mund t\u00eb b\u00ebjn\u00eb kompromis p\u00ebr sakt\u00ebsin\u00eb.<\/p>","protected":false},"excerpt":{"rendered":"<ul>\n<li>K\u00ebnd i Gjer\u00eb Pranimi: Funksionon n\u00eb m\u00ebnyr\u00eb efektive n\u00eb nj\u00eb gam\u00eb t\u00eb gjer\u00eb k\u00ebndesh incidence, duke thjeshtuar rreshtimin dhe konfigurimin e objektivit n\u00eb terren.<\/li>\n<li>Nd\u00ebrtim i Q\u00ebndruesh\u00ebm: Prodhuar nga Prism Glass i Cil\u00ebsis\u00eb s\u00eb Lart\u00eb (\u00d838.1 mm), duke siguruar stabilitet afatgjat\u00eb dhe rezistenc\u00eb ndaj faktor\u00ebve mjedisor\u00eb.<\/li>\n<\/ul>","protected":false},"featured_media":2758,"comment_status":"open","ping_status":"closed","template":"","meta":[],"product_brand":[],"product_cat":[72,105],"product_tag":[],"class_list":{"0":"post-2757","1":"product","2":"type-product","3":"status-publish","4":"has-post-thumbnail","6":"product_cat-reflective-target-prism","7":"product_cat-corner-cube-prisms","9":"first","10":"instock","11":"shipping-taxable","12":"product-type-simple"},"_links":{"self":[{"href":"https:\/\/mountlaser.com\/sq\/wp-json\/wp\/v2\/product\/2757","targetHints":{"allow":["GET"]}}],"collection":[{"href":"https:\/\/mountlaser.com\/sq\/wp-json\/wp\/v2\/product"}],"about":[{"href":"https:\/\/mountlaser.com\/sq\/wp-json\/wp\/v2\/types\/product"}],"replies":[{"embeddable":true,"href":"https:\/\/mountlaser.com\/sq\/wp-json\/wp\/v2\/comments?post=2757"}],"wp:featuredmedia":[{"embeddable":true,"href":"https:\/\/mountlaser.com\/sq\/wp-json\/wp\/v2\/media\/2758"}],"wp:attachment":[{"href":"https:\/\/mountlaser.com\/sq\/wp-json\/wp\/v2\/media?parent=2757"}],"wp:term":[{"taxonomy":"product_brand","embeddable":true,"href":"https:\/\/mountlaser.com\/sq\/wp-json\/wp\/v2\/product_brand?post=2757"},{"taxonomy":"product_cat","embeddable":true,"href":"https:\/\/mountlaser.com\/sq\/wp-json\/wp\/v2\/product_cat?post=2757"},{"taxonomy":"product_tag","embeddable":true,"href":"https:\/\/mountlaser.com\/sq\/wp-json\/wp\/v2\/product_tag?post=2757"}],"curies":[{"name":"wp","href":"https:\/\/api.w.org\/{rel}","templated":true}]}}