{"id":2747,"date":"2025-10-17T09:13:02","date_gmt":"2025-10-17T09:13:02","guid":{"rendered":"https:\/\/mountlaser.com\/?post_type=product&#038;p=2747"},"modified":"2025-11-28T06:22:58","modified_gmt":"2025-11-28T06:22:58","slug":"gph1p-accurate-reflective-prism","status":"publish","type":"product","link":"https:\/\/mountlaser.com\/sq\/produkt\/gph1p-accurate-reflective-prism\/","title":{"rendered":"Prizm reflektues i sakt\u00eb GPH1P"},"content":{"rendered":"<p><a href=\"https:\/\/mountlaser.com\/sq\/\"><strong>Montim me nj\u00eb prizm\u00eb GPH1P<\/strong><\/a>Inxhinieri precize p\u00ebr matje t\u00eb k\u00ebrkuara<\/p>\n<p>P\u00ebrjetoni sakt\u00ebsi t\u00eb jasht\u00ebzakonshme matjeje me Asamblen\u00eb me Priz\u00ebm t\u00eb Vet\u00ebm GPH1P, nj\u00eb priz\u00ebm reflektues premium i projektuar p\u00ebr aplikime profesionale t\u00eb matjes.<br \/>\nKjo <a href=\"https:\/\/mountlaser.com\/sq\/about-us\/\"><strong>Prizm rrethor me precizion t\u00eb lart\u00eb GPH1P me mbajt\u00ebse<\/strong><\/a> kombinon nd\u00ebrtimin e fort\u00eb me performanc\u00eb optike superiore p\u00ebr t\u00eb ofruar rezultate t\u00eb besueshme n\u00eb kushte sfiduese t\u00eb fush\u00ebs. I projektuar p\u00ebr t\u00eb p\u00ebrmbushur standardet m\u00eb t\u00eb larta, Asambleja me Priz\u00ebm t\u00eb Vet\u00ebm GPH1P siguron mbledhje t\u00eb vazhdueshme dhe me cil\u00ebsi t\u00eb lart\u00eb t\u00eb t\u00eb dh\u00ebnave p\u00ebr projektet tuaja m\u00eb kritike.<\/p>\n<p><img fetchpriority=\"high\" decoding=\"async\" class=\"aligncenter wp-image-2751\" src=\"https:\/\/mountlaser.com\/wp-content\/uploads\/2025\/10\/GPH1P-4.webp\" alt=\"GPH1P Single Prism Assembly \" width=\"500\" height=\"500\" srcset=\"https:\/\/mountlaser.com\/wp-content\/uploads\/2025\/10\/GPH1P-4.webp 1000w, https:\/\/mountlaser.com\/wp-content\/uploads\/2025\/10\/GPH1P-4-300x300.webp 300w, https:\/\/mountlaser.com\/wp-content\/uploads\/2025\/10\/GPH1P-4-400x400.webp 400w, https:\/\/mountlaser.com\/wp-content\/uploads\/2025\/10\/GPH1P-4-800x800.webp 800w, https:\/\/mountlaser.com\/wp-content\/uploads\/2025\/10\/GPH1P-4-600x600.webp 600w, https:\/\/mountlaser.com\/wp-content\/uploads\/2025\/10\/GPH1P-4-150x150.webp 150w, https:\/\/mountlaser.com\/wp-content\/uploads\/2025\/10\/GPH1P-4-768x768.webp 768w, https:\/\/mountlaser.com\/wp-content\/uploads\/2025\/10\/GPH1P-4-12x12.webp 12w\" sizes=\"(max-width: 500px) 100vw, 500px\" \/><\/p>\n<p>Paraqet nj\u00eb priz\u00ebm preciz 64 mm me sakt\u00ebsi t\u00eb zgjedhshme prej 2 ose 3-4 sekondash p\u00ebr k\u00ebrkesa t\u00eb ndryshme aplikimi<\/p>\n<p>Montuar n\u00eb m\u00ebnyr\u00eb t\u00eb sigurt n\u00eb nj\u00eb mbajt\u00ebse metalike t\u00eb fort\u00eb p\u00ebr stabilitet t\u00eb p\u00ebrmir\u00ebsuar dhe besueshm\u00ebri afatgjat\u00eb<\/p>","protected":false},"excerpt":{"rendered":"<ul>\n<li>P\u00ebrfshin nj\u00eb zhvendosje konstante prej 0 mm p\u00ebr konfigurim t\u00eb thjeshtuar dhe referenc\u00eb t\u00eb q\u00ebndrueshme t\u00eb matjeve<\/li>\n<li>I pajisur me priz\u00ebm t\u00eb dyfisht\u00eb t\u00eb veshur me bak\u00ebr me shtres\u00eb blu p\u00ebr kthim t\u00eb sinjalit superior dhe sakt\u00ebsi matjeje<\/li>\n<li>P\u00ebrfshin nj\u00eb \u00e7ant\u00eb mbrojt\u00ebse p\u00ebr ruajtje dhe transport t\u00eb sigurt<\/li>\n<\/ul>","protected":false},"featured_media":2751,"comment_status":"open","ping_status":"closed","template":"","meta":[],"product_brand":[],"product_cat":[72,103],"product_tag":[],"class_list":{"0":"post-2747","1":"product","2":"type-product","3":"status-publish","4":"has-post-thumbnail","6":"product_cat-reflective-target-prism","7":"product_cat-prism-assembly","9":"first","10":"instock","11":"shipping-taxable","12":"product-type-simple"},"_links":{"self":[{"href":"https:\/\/mountlaser.com\/sq\/wp-json\/wp\/v2\/product\/2747","targetHints":{"allow":["GET"]}}],"collection":[{"href":"https:\/\/mountlaser.com\/sq\/wp-json\/wp\/v2\/product"}],"about":[{"href":"https:\/\/mountlaser.com\/sq\/wp-json\/wp\/v2\/types\/product"}],"replies":[{"embeddable":true,"href":"https:\/\/mountlaser.com\/sq\/wp-json\/wp\/v2\/comments?post=2747"}],"wp:featuredmedia":[{"embeddable":true,"href":"https:\/\/mountlaser.com\/sq\/wp-json\/wp\/v2\/media\/2751"}],"wp:attachment":[{"href":"https:\/\/mountlaser.com\/sq\/wp-json\/wp\/v2\/media?parent=2747"}],"wp:term":[{"taxonomy":"product_brand","embeddable":true,"href":"https:\/\/mountlaser.com\/sq\/wp-json\/wp\/v2\/product_brand?post=2747"},{"taxonomy":"product_cat","embeddable":true,"href":"https:\/\/mountlaser.com\/sq\/wp-json\/wp\/v2\/product_cat?post=2747"},{"taxonomy":"product_tag","embeddable":true,"href":"https:\/\/mountlaser.com\/sq\/wp-json\/wp\/v2\/product_tag?post=2747"}],"curies":[{"name":"wp","href":"https:\/\/api.w.org\/{rel}","templated":true}]}}