{"id":2740,"date":"2025-10-17T08:58:14","date_gmt":"2025-10-17T08:58:14","guid":{"rendered":"https:\/\/mountlaser.com\/?post_type=product&#038;p=2740"},"modified":"2025-11-28T06:27:09","modified_gmt":"2025-11-28T06:27:09","slug":"gpr121-circular-prism-with-holder","status":"publish","type":"product","link":"https:\/\/mountlaser.com\/sq\/produkt\/gpr121-circular-prism-with-holder\/","title":{"rendered":"Prizm rrethor GPR121 me mbajt\u00ebse"},"content":{"rendered":"<p>Arritni sakt\u00ebsi t\u00eb jasht\u00ebzakonshme matjeje me<a href=\"https:\/\/mountlaser.com\/sq\/\"><strong> Prizm rrethor GPR121 me mbajt\u00ebse<\/strong><\/a>, nj\u00eb premium <a href=\"https:\/\/mountlaser.com\/sq\/about-us\/\"><strong>Montim prizmash n\u00eb stilin zviceran<\/strong><\/a> i projektuar p\u00ebr aplikime t\u00eb k\u00ebrkuara t\u00eb matjeve. Ky instrument optik me cil\u00ebsi t\u00eb lart\u00eb mish\u00ebron sakt\u00ebsin\u00eb dhe besueshm\u00ebrin\u00eb q\u00eb profesionist\u00ebt presin nga inxhinieria zvicerane.<\/p>\n<p>Prizm Rrethor GPR121 me Mbajt\u00ebse I pajisur me nj\u00eb priz\u00ebm 64 mm q\u00eb ofron sakt\u00ebsi t\u00eb p\u00ebrzgjedhshme prej 2, 3-4 ose 5-8 sekondash.<\/p>\n<p><img fetchpriority=\"high\" decoding=\"async\" class=\"aligncenter wp-image-2742\" src=\"https:\/\/mountlaser.com\/wp-content\/uploads\/2025\/10\/GPR121-3.webp\" alt=\"Swiss-style Prism Assembly\" width=\"500\" height=\"500\" srcset=\"https:\/\/mountlaser.com\/wp-content\/uploads\/2025\/10\/GPR121-3.webp 1000w, https:\/\/mountlaser.com\/wp-content\/uploads\/2025\/10\/GPR121-3-300x300.webp 300w, https:\/\/mountlaser.com\/wp-content\/uploads\/2025\/10\/GPR121-3-400x400.webp 400w, https:\/\/mountlaser.com\/wp-content\/uploads\/2025\/10\/GPR121-3-800x800.webp 800w, https:\/\/mountlaser.com\/wp-content\/uploads\/2025\/10\/GPR121-3-600x600.webp 600w, https:\/\/mountlaser.com\/wp-content\/uploads\/2025\/10\/GPR121-3-150x150.webp 150w, https:\/\/mountlaser.com\/wp-content\/uploads\/2025\/10\/GPR121-3-768x768.webp 768w, https:\/\/mountlaser.com\/wp-content\/uploads\/2025\/10\/GPR121-3-12x12.webp 12w\" sizes=\"(max-width: 500px) 100vw, 500px\" \/><\/p>\n<p>Konstruksion metalik i q\u00ebndruesh\u00ebm: I montuar n\u00eb nj\u00eb mbajt\u00ebse metalike t\u00eb fort\u00eb me sh\u00ebnjest\u00ebr t\u00eb shk\u00ebputshme p\u00ebr shkatht\u00ebsi t\u00eb shtuar.<\/p>\n<p>Zhvendosje e v\u00ebrtet\u00eb zvicerane: Ofron nj\u00eb zhvendosje konstante 0 mm p\u00ebr konfigurim t\u00eb thjeshtuar dhe matje t\u00eb q\u00ebndrueshme.<\/p>\n<p>Prizm Rrethor GPR121 me Mbajt\u00ebse. I disponuesh\u00ebm me veshje standarde bakri ose priz\u00ebm opsional me veshje t\u00eb dyfisht\u00eb bakri me veshje blu.<\/p>","protected":false},"excerpt":{"rendered":"<ul>\n<li>Prizmi Rrethor GPR121 me Mbajt\u00ebse p\u00ebrfaq\u00ebson kombinimin ideal t\u00eb precizitetit zviceran dhe q\u00ebndrueshm\u00ebris\u00eb s\u00eb fort\u00eb n\u00eb terren.<\/li>\n<li>Mbrojtje e plot\u00eb: P\u00ebrfshin nj\u00eb \u00e7ant\u00eb mbrojt\u00ebse p\u00ebr ruajtje dhe transport t\u00eb sigurt<\/li>\n<\/ul>","protected":false},"featured_media":2741,"comment_status":"open","ping_status":"closed","template":"","meta":[],"product_brand":[],"product_cat":[72,103],"product_tag":[],"class_list":{"0":"post-2740","1":"product","2":"type-product","3":"status-publish","4":"has-post-thumbnail","6":"product_cat-reflective-target-prism","7":"product_cat-prism-assembly","9":"first","10":"instock","11":"shipping-taxable","12":"product-type-simple"},"_links":{"self":[{"href":"https:\/\/mountlaser.com\/sq\/wp-json\/wp\/v2\/product\/2740","targetHints":{"allow":["GET"]}}],"collection":[{"href":"https:\/\/mountlaser.com\/sq\/wp-json\/wp\/v2\/product"}],"about":[{"href":"https:\/\/mountlaser.com\/sq\/wp-json\/wp\/v2\/types\/product"}],"replies":[{"embeddable":true,"href":"https:\/\/mountlaser.com\/sq\/wp-json\/wp\/v2\/comments?post=2740"}],"wp:featuredmedia":[{"embeddable":true,"href":"https:\/\/mountlaser.com\/sq\/wp-json\/wp\/v2\/media\/2741"}],"wp:attachment":[{"href":"https:\/\/mountlaser.com\/sq\/wp-json\/wp\/v2\/media?parent=2740"}],"wp:term":[{"taxonomy":"product_brand","embeddable":true,"href":"https:\/\/mountlaser.com\/sq\/wp-json\/wp\/v2\/product_brand?post=2740"},{"taxonomy":"product_cat","embeddable":true,"href":"https:\/\/mountlaser.com\/sq\/wp-json\/wp\/v2\/product_cat?post=2740"},{"taxonomy":"product_tag","embeddable":true,"href":"https:\/\/mountlaser.com\/sq\/wp-json\/wp\/v2\/product_tag?post=2740"}],"curies":[{"name":"wp","href":"https:\/\/api.w.org\/{rel}","templated":true}]}}