{"id":2732,"date":"2025-10-17T08:45:27","date_gmt":"2025-10-17T08:45:27","guid":{"rendered":"https:\/\/mountlaser.com\/?post_type=product&#038;p=2732"},"modified":"2025-11-28T06:28:34","modified_gmt":"2025-11-28T06:28:34","slug":"gph1-prism-assembly","status":"publish","type":"product","link":"https:\/\/mountlaser.com\/sq\/produkt\/gph1-prism-assembly\/","title":{"rendered":"Asambleja e Prizm\u00ebs GPH1"},"content":{"rendered":"<p>P\u00ebrjetoni standardin e art\u00eb n\u00eb sakt\u00ebsin\u00eb e matjes me ton\u00ebn<a href=\"https:\/\/mountlaser.com\/sq\/\"> <strong>Montimi Premium GPH1 Prism<\/strong><\/a>. Ky priz\u00ebm me cil\u00ebsi t\u00eb lart\u00eb n\u00eb stilin zviceran \u00ebsht\u00eb projektuar p\u00ebr topograf\u00ebt q\u00eb k\u00ebrkojn\u00eb besueshm\u00ebri dhe precizion t\u00eb pakompromis n\u00eb \u00e7do projekt. I krijuar me v\u00ebmendje t\u00eb kujdesshme ndaj detajeve, Premium <a href=\"https:\/\/mountlaser.com\/sq\/products\/\"><strong>Asambleja e Prizm\u00ebs GPH1<\/strong><\/a> ofron performanc\u00eb t\u00eb jasht\u00ebzakonshme n\u00eb nj\u00eb gam\u00eb t\u00eb gjer\u00eb kushtesh n\u00eb terren.<\/p>\n<p>&nbsp;<\/p>\n<p><img fetchpriority=\"high\" decoding=\"async\" class=\"aligncenter wp-image-2734\" src=\"https:\/\/mountlaser.com\/wp-content\/uploads\/2025\/10\/GPH1-3.webp\" alt=\"Premium GPH1 Prism Assembly\" width=\"500\" height=\"500\" srcset=\"https:\/\/mountlaser.com\/wp-content\/uploads\/2025\/10\/GPH1-3.webp 1000w, https:\/\/mountlaser.com\/wp-content\/uploads\/2025\/10\/GPH1-3-300x300.webp 300w, https:\/\/mountlaser.com\/wp-content\/uploads\/2025\/10\/GPH1-3-400x400.webp 400w, https:\/\/mountlaser.com\/wp-content\/uploads\/2025\/10\/GPH1-3-800x800.webp 800w, https:\/\/mountlaser.com\/wp-content\/uploads\/2025\/10\/GPH1-3-600x600.webp 600w, https:\/\/mountlaser.com\/wp-content\/uploads\/2025\/10\/GPH1-3-150x150.webp 150w, https:\/\/mountlaser.com\/wp-content\/uploads\/2025\/10\/GPH1-3-768x768.webp 768w, https:\/\/mountlaser.com\/wp-content\/uploads\/2025\/10\/GPH1-3-12x12.webp 12w\" sizes=\"(max-width: 500px) 100vw, 500px\" \/><\/p>\n<p>Optik\u00eb me precizion t\u00eb lart\u00eb: P\u00ebrmban nj\u00eb priz\u00ebm premium 64 mm me opsione sakt\u00ebsie t\u00eb p\u00ebrzgjedhshme prej 2, 3-4 ose 5-8 sekondash p\u00ebr t&#039;iu p\u00ebrshtatur k\u00ebrkesave specifike t\u00eb projektit tuaj.<\/p>\n<p>Mbajt\u00ebse najloni e q\u00ebndrueshme: E montuar n\u00eb m\u00ebnyr\u00eb t\u00eb sigurt n\u00eb nj\u00eb mbajt\u00ebse najloni elastike dhe rezistente ndaj goditjeve q\u00eb ofron mbrojtje optimale dhe jet\u00ebgjat\u00ebsi.<\/p>\n<p>Zhvendosje e V\u00ebrtet\u00eb Zvicerane: P\u00ebrfshin nj\u00eb zhvendosje konstante zvicerane prej 0 mm, duke thjeshtuar konfigurimin dhe duke siguruar pika referimi matjeje t\u00eb q\u00ebndrueshme dhe t\u00eb besueshme.<\/p>\n<p>Opsione t\u00eb Avancuara t\u00eb Veshjes: N\u00eb dispozicion me nj\u00eb veshje standarde bakri ose nj\u00eb priz\u00ebm opsional me veshje t\u00eb dyfisht\u00eb bakri me efikasitet t\u00eb lart\u00eb me nj\u00eb veshje blu p\u00ebr kthim maksimal t\u00eb sinjalit.<\/p>","protected":false},"excerpt":{"rendered":"<ul>\n<li>P\u00ebr profesionist\u00ebt q\u00eb refuzojn\u00eb t\u00eb b\u00ebjn\u00eb kompromis me cil\u00ebsin\u00eb, kjo montim p\u00ebrfaq\u00ebson zgjedhjen p\u00ebrfundimtare n\u00eb mjetet e matjes me precizion.<\/li>\n<li>\u00c7anta e P\u00ebrfshir\u00eb p\u00ebr Mbajtje: Vjen me nj\u00eb \u00e7ant\u00eb mbrojt\u00ebse p\u00ebr ruajtje t\u00eb sigurt dhe transport t\u00eb leht\u00eb, duke mbrojtur investimin tuaj.<\/li>\n<\/ul>","protected":false},"featured_media":2735,"comment_status":"open","ping_status":"closed","template":"","meta":[],"product_brand":[],"product_cat":[72,103],"product_tag":[],"class_list":{"0":"post-2732","1":"product","2":"type-product","3":"status-publish","4":"has-post-thumbnail","6":"product_cat-reflective-target-prism","7":"product_cat-prism-assembly","9":"first","10":"instock","11":"shipping-taxable","12":"product-type-simple"},"_links":{"self":[{"href":"https:\/\/mountlaser.com\/sq\/wp-json\/wp\/v2\/product\/2732","targetHints":{"allow":["GET"]}}],"collection":[{"href":"https:\/\/mountlaser.com\/sq\/wp-json\/wp\/v2\/product"}],"about":[{"href":"https:\/\/mountlaser.com\/sq\/wp-json\/wp\/v2\/types\/product"}],"replies":[{"embeddable":true,"href":"https:\/\/mountlaser.com\/sq\/wp-json\/wp\/v2\/comments?post=2732"}],"wp:featuredmedia":[{"embeddable":true,"href":"https:\/\/mountlaser.com\/sq\/wp-json\/wp\/v2\/media\/2735"}],"wp:attachment":[{"href":"https:\/\/mountlaser.com\/sq\/wp-json\/wp\/v2\/media?parent=2732"}],"wp:term":[{"taxonomy":"product_brand","embeddable":true,"href":"https:\/\/mountlaser.com\/sq\/wp-json\/wp\/v2\/product_brand?post=2732"},{"taxonomy":"product_cat","embeddable":true,"href":"https:\/\/mountlaser.com\/sq\/wp-json\/wp\/v2\/product_cat?post=2732"},{"taxonomy":"product_tag","embeddable":true,"href":"https:\/\/mountlaser.com\/sq\/wp-json\/wp\/v2\/product_tag?post=2732"}],"curies":[{"name":"wp","href":"https:\/\/api.w.org\/{rel}","templated":true}]}}