{"id":2723,"date":"2025-10-17T08:28:57","date_gmt":"2025-10-17T08:28:57","guid":{"rendered":"https:\/\/mountlaser.com\/?post_type=product&#038;p=2723"},"modified":"2025-11-28T06:30:31","modified_gmt":"2025-11-28T06:30:31","slug":"gpr111-red-single-prism-assembly","status":"publish","type":"product","link":"https:\/\/mountlaser.com\/sq\/produkt\/gpr111-red-single-prism-assembly\/","title":{"rendered":"GPR111 Asamble me Prizm\u00eb t\u00eb Kuqe me nj\u00eb Vetvete"},"content":{"rendered":"<p>Takoni <a href=\"https:\/\/mountlaser.com\/sq\/\"><strong>Prizm rrethor me mbajt\u00ebse GPR111<\/strong><\/a>, nj\u00eb montim prizmi premium n\u00eb stilin zviceran i projektuar p\u00ebr topograf\u00ebt q\u00eb k\u00ebrkojn\u00eb performanc\u00eb t\u00eb besueshme dhe funksionalitet t\u00eb thjesht\u00eb. Ky i fuqish\u00ebm <a href=\"https:\/\/mountlaser.com\/sq\/about-us\/\"><strong>GPR111 Asamble me Prizm\u00eb t\u00eb Kuqe me nj\u00eb Vetvete<\/strong> <\/a>Ofron sakt\u00ebsin\u00eb dhe q\u00ebndrueshm\u00ebrin\u00eb e nevojshme p\u00ebr detyrat e p\u00ebrditshme t\u00eb matjes, duke e b\u00ebr\u00eb at\u00eb nj\u00eb zgjedhje t\u00eb besueshme p\u00ebr projekte t\u00eb ndryshme.<\/p>\n<p><img fetchpriority=\"high\" decoding=\"async\" class=\"aligncenter wp-image-2726\" src=\"https:\/\/mountlaser.com\/wp-content\/uploads\/2025\/10\/GPR111-3.webp\" alt=\"GPR111 Circular Prism with Holder\" width=\"500\" height=\"500\" srcset=\"https:\/\/mountlaser.com\/wp-content\/uploads\/2025\/10\/GPR111-3.webp 1000w, https:\/\/mountlaser.com\/wp-content\/uploads\/2025\/10\/GPR111-3-300x300.webp 300w, https:\/\/mountlaser.com\/wp-content\/uploads\/2025\/10\/GPR111-3-400x400.webp 400w, https:\/\/mountlaser.com\/wp-content\/uploads\/2025\/10\/GPR111-3-800x800.webp 800w, https:\/\/mountlaser.com\/wp-content\/uploads\/2025\/10\/GPR111-3-600x600.webp 600w, https:\/\/mountlaser.com\/wp-content\/uploads\/2025\/10\/GPR111-3-150x150.webp 150w, https:\/\/mountlaser.com\/wp-content\/uploads\/2025\/10\/GPR111-3-768x768.webp 768w, https:\/\/mountlaser.com\/wp-content\/uploads\/2025\/10\/GPR111-3-12x12.webp 12w\" sizes=\"(max-width: 500px) 100vw, 500px\" \/><\/p>\n<p><a href=\"https:\/\/mountlaser.com\/sq\/contact-us\/\">Prizm rrethor me mbajt\u00ebse GPR111<\/a> P\u00ebrmban nj\u00eb priz\u00ebm 64 mm me cil\u00ebsi t\u00eb lart\u00eb, duke ofruar fleksibilitet me nj\u00eb zgjedhje sakt\u00ebsie prej 2, 3-4 ose 5-8 sekondash p\u00ebr t&#039;iu p\u00ebrshtatur k\u00ebrkesave t\u00eb ndryshme t\u00eb projektit.<\/p>\n<p>Prizmi \u00ebsht\u00eb montuar n\u00eb m\u00ebnyr\u00eb t\u00eb sigurt n\u00eb nj\u00eb mbajt\u00ebse najloni elastike, duke siguruar mbrojtje t\u00eb shk\u00eblqyer kund\u00ebr goditjeve dhe trajtimit t\u00eb ashp\u00ebr, nd\u00ebrkoh\u00eb q\u00eb e mban montimin t\u00eb leht\u00eb.<\/p>\n<p>I projektuar me nj\u00eb zhvendosje konstante 0 mm (zhvendosje zvicerane), duke thjeshtuar konfigurimin dhe duke siguruar pika referimi matjeje t\u00eb q\u00ebndrueshme.<\/p>","protected":false},"excerpt":{"rendered":"<ul>\n<li>I disponuesh\u00ebm me nj\u00eb priz\u00ebm standard t\u00eb veshur me bak\u00ebr ose nj\u00eb priz\u00ebm opsional me efikasitet t\u00eb lart\u00eb t\u00eb veshur me bak\u00ebr t\u00eb dyfisht\u00eb me nj\u00eb shtres\u00eb blu p\u00ebr kthim superior t\u00eb sinjalit.<\/li>\n<li>P\u00ebrfshin nj\u00eb \u00e7ant\u00eb mbrojt\u00ebse p\u00ebr ruajtje dhe transport t\u00eb p\u00ebrshtatsh\u00ebm dhe t\u00eb sigurt.<\/li>\n<\/ul>","protected":false},"featured_media":2727,"comment_status":"open","ping_status":"closed","template":"","meta":[],"product_brand":[],"product_cat":[72,103],"product_tag":[],"class_list":{"0":"post-2723","1":"product","2":"type-product","3":"status-publish","4":"has-post-thumbnail","6":"product_cat-reflective-target-prism","7":"product_cat-prism-assembly","9":"first","10":"instock","11":"shipping-taxable","12":"product-type-simple"},"_links":{"self":[{"href":"https:\/\/mountlaser.com\/sq\/wp-json\/wp\/v2\/product\/2723","targetHints":{"allow":["GET"]}}],"collection":[{"href":"https:\/\/mountlaser.com\/sq\/wp-json\/wp\/v2\/product"}],"about":[{"href":"https:\/\/mountlaser.com\/sq\/wp-json\/wp\/v2\/types\/product"}],"replies":[{"embeddable":true,"href":"https:\/\/mountlaser.com\/sq\/wp-json\/wp\/v2\/comments?post=2723"}],"wp:featuredmedia":[{"embeddable":true,"href":"https:\/\/mountlaser.com\/sq\/wp-json\/wp\/v2\/media\/2727"}],"wp:attachment":[{"href":"https:\/\/mountlaser.com\/sq\/wp-json\/wp\/v2\/media?parent=2723"}],"wp:term":[{"taxonomy":"product_brand","embeddable":true,"href":"https:\/\/mountlaser.com\/sq\/wp-json\/wp\/v2\/product_brand?post=2723"},{"taxonomy":"product_cat","embeddable":true,"href":"https:\/\/mountlaser.com\/sq\/wp-json\/wp\/v2\/product_cat?post=2723"},{"taxonomy":"product_tag","embeddable":true,"href":"https:\/\/mountlaser.com\/sq\/wp-json\/wp\/v2\/product_tag?post=2723"}],"curies":[{"name":"wp","href":"https:\/\/api.w.org\/{rel}","templated":true}]}}