{"id":2714,"date":"2025-10-17T08:12:34","date_gmt":"2025-10-17T08:12:34","guid":{"rendered":"https:\/\/mountlaser.com\/?post_type=product&#038;p=2714"},"modified":"2025-11-28T06:31:36","modified_gmt":"2025-11-28T06:31:36","slug":"gph3-triple-prism-assembly","status":"publish","type":"product","link":"https:\/\/mountlaser.com\/sq\/produkt\/gph3-triple-prism-assembly\/","title":{"rendered":"Asambleja e Prizm\u00ebs s\u00eb Trefisht\u00eb GPH3"},"content":{"rendered":"<p>P\u00ebrjetoni kulmin e inxhinieris\u00eb optike me <a href=\"https:\/\/mountlaser.com\/sq\/\"><strong>Asambleja e Prizm\u00ebs s\u00eb Trefisht\u00eb GPH3<\/strong><\/a>, nj\u00eb premium <a href=\"https:\/\/mountlaser.com\/sq\/about-us\/\"><strong>Montim me Prizm\u00eb t\u00eb Trefisht\u00eb n\u00eb Stilin Zviceran<\/strong> <\/a>i njohur p\u00ebr sakt\u00ebsin\u00eb e tij t\u00eb jasht\u00ebzakonshme dhe nd\u00ebrtimin e fort\u00eb.<\/p>\n<p><img fetchpriority=\"high\" decoding=\"async\" class=\"aligncenter wp-image-2716\" src=\"https:\/\/mountlaser.com\/wp-content\/uploads\/2025\/10\/GPH3-2.webp\" alt=\"Swiss-Style Triple Prism Assembly\" width=\"500\" height=\"500\" srcset=\"https:\/\/mountlaser.com\/wp-content\/uploads\/2025\/10\/GPH3-2.webp 1000w, https:\/\/mountlaser.com\/wp-content\/uploads\/2025\/10\/GPH3-2-300x300.webp 300w, https:\/\/mountlaser.com\/wp-content\/uploads\/2025\/10\/GPH3-2-400x400.webp 400w, https:\/\/mountlaser.com\/wp-content\/uploads\/2025\/10\/GPH3-2-800x800.webp 800w, https:\/\/mountlaser.com\/wp-content\/uploads\/2025\/10\/GPH3-2-600x600.webp 600w, https:\/\/mountlaser.com\/wp-content\/uploads\/2025\/10\/GPH3-2-150x150.webp 150w, https:\/\/mountlaser.com\/wp-content\/uploads\/2025\/10\/GPH3-2-768x768.webp 768w, https:\/\/mountlaser.com\/wp-content\/uploads\/2025\/10\/GPH3-2-12x12.webp 12w\" sizes=\"(max-width: 500px) 100vw, 500px\" \/><\/p>\n<p>Opsione me Sakt\u00ebsi Superiore: I pajisur me tre prizma 64 mm me precizion t\u00eb lart\u00eb, ai ofron fleksibilitet t\u00eb pakrahasuesh\u00ebm me nj\u00eb zgjedhje prej 2, 3-4 ose 5-8 sekondash sakt\u00ebsi p\u00ebr t\u00eb p\u00ebrmbushur k\u00ebrkesat e \u00e7do projekti.<\/p>\n<p>Montim i Q\u00ebndruesh\u00ebm dhe i Q\u00ebndruesh\u00ebm: Prizmat jan\u00eb montuar n\u00eb m\u00ebnyr\u00eb t\u00eb sigurt n\u00eb nj\u00eb mbajt\u00ebse najloni t\u00eb fort\u00eb, duke siguruar rezistenc\u00eb t\u00eb shk\u00eblqyer ndaj goditjeve dhe stabilitet afatgjat\u00eb.<\/p>\n<p>Zhvendosje e V\u00ebrtet\u00eb Zvicerane: Paraqet nj\u00eb zhvendosje konstante 0 mm (zhvendosja karakteristike Zvicerane), duke thjeshtuar llogaritjet dhe duke rritur q\u00ebndrueshm\u00ebrin\u00eb e matjeve.<\/p>\n<p>Veshje e Avancuar e Prizmit: P\u00ebrfshin nj\u00eb priz\u00ebm standard t\u00eb veshur me bak\u00ebr, me opsionin p\u00ebr nj\u00eb priz\u00ebm t\u00eb veshur me bak\u00ebr t\u00eb dyfisht\u00eb me performanc\u00eb t\u00eb lart\u00eb q\u00eb paraqet nj\u00eb shtres\u00eb blu p\u00ebr kthim optimal t\u00eb sinjalit n\u00eb kushte t\u00eb ndryshme.<\/p>\n<p>Mbrojtje e plot\u00eb: \u00c7do nj\u00ebsi vjen me nj\u00eb \u00e7ant\u00eb t\u00eb q\u00ebndrueshme transporti, duke siguruar q\u00eb investimi juaj t\u00eb jet\u00eb i mbrojtur gjat\u00eb transportit dhe ruajtjes.<\/p>","protected":false},"excerpt":{"rendered":"<ul>\n<li>GPH3 p\u00ebrfaq\u00ebson standardin e art\u00eb p\u00ebr nj\u00eb Asamble Prizmike t\u00eb Trefisht\u00eb n\u00eb Stilin Zviceran, duke kombinuar sakt\u00ebsi t\u00eb pakrahasueshme.<\/li>\n<li>\u00cbsht\u00eb zgjedhja p\u00ebrfundimtare p\u00ebr projekte me rrezik t\u00eb lart\u00eb n\u00eb matjet topografike.<\/li>\n<li>monitorimi i deformimit dhe inxhinieria precize ku niveli m\u00eb i lart\u00eb i besueshm\u00ebris\u00eb s\u00eb t\u00eb dh\u00ebnave \u00ebsht\u00eb i panegociuesh\u00ebm.<\/li>\n<\/ul>","protected":false},"featured_media":2715,"comment_status":"open","ping_status":"closed","template":"","meta":[],"product_brand":[],"product_cat":[72,103],"product_tag":[],"class_list":{"0":"post-2714","1":"product","2":"type-product","3":"status-publish","4":"has-post-thumbnail","6":"product_cat-reflective-target-prism","7":"product_cat-prism-assembly","9":"first","10":"instock","11":"shipping-taxable","12":"product-type-simple"},"_links":{"self":[{"href":"https:\/\/mountlaser.com\/sq\/wp-json\/wp\/v2\/product\/2714","targetHints":{"allow":["GET"]}}],"collection":[{"href":"https:\/\/mountlaser.com\/sq\/wp-json\/wp\/v2\/product"}],"about":[{"href":"https:\/\/mountlaser.com\/sq\/wp-json\/wp\/v2\/types\/product"}],"replies":[{"embeddable":true,"href":"https:\/\/mountlaser.com\/sq\/wp-json\/wp\/v2\/comments?post=2714"}],"wp:featuredmedia":[{"embeddable":true,"href":"https:\/\/mountlaser.com\/sq\/wp-json\/wp\/v2\/media\/2715"}],"wp:attachment":[{"href":"https:\/\/mountlaser.com\/sq\/wp-json\/wp\/v2\/media?parent=2714"}],"wp:term":[{"taxonomy":"product_brand","embeddable":true,"href":"https:\/\/mountlaser.com\/sq\/wp-json\/wp\/v2\/product_brand?post=2714"},{"taxonomy":"product_cat","embeddable":true,"href":"https:\/\/mountlaser.com\/sq\/wp-json\/wp\/v2\/product_cat?post=2714"},{"taxonomy":"product_tag","embeddable":true,"href":"https:\/\/mountlaser.com\/sq\/wp-json\/wp\/v2\/product_tag?post=2714"}],"curies":[{"name":"wp","href":"https:\/\/api.w.org\/{rel}","templated":true}]}}