{"id":2706,"date":"2025-10-17T07:31:39","date_gmt":"2025-10-17T07:31:39","guid":{"rendered":"https:\/\/mountlaser.com\/?post_type=product&#038;p=2706"},"modified":"2025-11-28T06:32:37","modified_gmt":"2025-11-28T06:32:37","slug":"z14trb-american-style-prism-assembly","status":"publish","type":"product","link":"https:\/\/mountlaser.com\/sq\/produkt\/z14trb-american-style-prism-assembly\/","title":{"rendered":"Montimi i Prizm\u00ebs Z14TRB n\u00eb Stilin Amerikan"},"content":{"rendered":"<p><a href=\"https:\/\/mountlaser.com\/sq\/\"><strong>Montimi i Prizm\u00ebs Z14TRB n\u00eb Stilin Amerikan<\/strong><\/a>: I\/E\/T\u00eb <a href=\"https:\/\/mountlaser.com\/sq\/products\/\"><strong>Prizm i Madh me Sakt\u00ebsi t\u00eb Lart\u00eb p\u00ebr Synim<\/strong><\/a><\/p>\n<p>I projektuar p\u00ebr gjeodet\u00ebt q\u00eb k\u00ebrkojn\u00eb performanc\u00eb pa kompromis, Asambleja e Prizm\u00ebs n\u00eb Stilin Amerikan Z14TRB q\u00ebndron si nj\u00eb Prizm i Madh p\u00ebr Synime t\u00eb M\u00ebdha me Sakt\u00ebsi t\u00eb Lart\u00eb.<br \/>\nKy bombol t\u00ebr\u00ebsisht metalik, i p\u00ebrpunuar me makin\u00eb CNC precize p\u00ebr nj\u00eb nd\u00ebrtim t\u00eb p\u00ebrsosur, \u00ebsht\u00eb nd\u00ebrtuar p\u00ebr t\u00eb ofruar t\u00eb dh\u00ebna t\u00eb besueshme n\u00eb kushtet m\u00eb t\u00eb v\u00ebshtira.<\/p>\n<p><img fetchpriority=\"high\" decoding=\"async\" class=\"aligncenter wp-image-2708\" src=\"https:\/\/mountlaser.com\/wp-content\/uploads\/2025\/10\/Z14TRB-2.webp\" alt=\"High Accuracy Large Target Prism\" width=\"500\" height=\"500\" srcset=\"https:\/\/mountlaser.com\/wp-content\/uploads\/2025\/10\/Z14TRB-2.webp 1000w, https:\/\/mountlaser.com\/wp-content\/uploads\/2025\/10\/Z14TRB-2-300x300.webp 300w, https:\/\/mountlaser.com\/wp-content\/uploads\/2025\/10\/Z14TRB-2-400x400.webp 400w, https:\/\/mountlaser.com\/wp-content\/uploads\/2025\/10\/Z14TRB-2-800x800.webp 800w, https:\/\/mountlaser.com\/wp-content\/uploads\/2025\/10\/Z14TRB-2-600x600.webp 600w, https:\/\/mountlaser.com\/wp-content\/uploads\/2025\/10\/Z14TRB-2-150x150.webp 150w, https:\/\/mountlaser.com\/wp-content\/uploads\/2025\/10\/Z14TRB-2-768x768.webp 768w, https:\/\/mountlaser.com\/wp-content\/uploads\/2025\/10\/Z14TRB-2-12x12.webp 12w\" sizes=\"(max-width: 500px) 100vw, 500px\" \/><\/p>\n<p>P\u00ebrmban nj\u00eb priz\u00ebm t\u00eb madh 48 mm t\u00eb veshur me argjend, duke siguruar kthim t\u00eb jasht\u00ebzakonsh\u00ebm t\u00eb sinjalit dhe nj\u00eb sakt\u00ebsi prej 2 ose 3-4 sekondash.<\/p>\n<p>E pajisur me nj\u00eb adaptor fem\u00ebror prej \u00e7eliku inox 5\/8\u2033-11, duke siguruar nj\u00eb p\u00ebrshtatje t\u00eb sigurt n\u00eb \u00e7do shtyll\u00eb ose adaptor standard t\u00eb prizmit.<\/p>\n<p>Projektuar me nj\u00eb zhvendosje prej -35 mm dhe nj\u00eb lart\u00ebsi boshti t\u00eb pjerr\u00ebt prej 135 mm p\u00ebr pozicionim t\u00eb gjithansh\u00ebm n\u00eb skenar\u00eb kompleks\u00eb matjesh.<\/p>","protected":false},"excerpt":{"rendered":"<ul>\n<li>Asambleja e Prizm\u00ebs n\u00eb Stilin Amerikan Z14TRB \u00ebsht\u00eb nj\u00eb sh\u00ebnjest\u00ebr e madhe dhe nj\u00eb priz\u00eb e veshur me argjend sigurojn\u00eb matje t\u00eb q\u00ebndrueshme dhe me cil\u00ebsi t\u00eb lart\u00eb.<\/li>\n<li>P\u00ebrfshin nj\u00eb \u00e7ant\u00eb t\u00eb p\u00ebrshtatshme p\u00ebr transport dhe ruajtje t\u00eb sigurt.<\/li>\n<\/ul>","protected":false},"featured_media":2711,"comment_status":"open","ping_status":"closed","template":"","meta":[],"product_brand":[],"product_cat":[72,103],"product_tag":[],"class_list":{"0":"post-2706","1":"product","2":"type-product","3":"status-publish","4":"has-post-thumbnail","6":"product_cat-reflective-target-prism","7":"product_cat-prism-assembly","9":"first","10":"instock","11":"shipping-taxable","12":"product-type-simple"},"_links":{"self":[{"href":"https:\/\/mountlaser.com\/sq\/wp-json\/wp\/v2\/product\/2706","targetHints":{"allow":["GET"]}}],"collection":[{"href":"https:\/\/mountlaser.com\/sq\/wp-json\/wp\/v2\/product"}],"about":[{"href":"https:\/\/mountlaser.com\/sq\/wp-json\/wp\/v2\/types\/product"}],"replies":[{"embeddable":true,"href":"https:\/\/mountlaser.com\/sq\/wp-json\/wp\/v2\/comments?post=2706"}],"wp:featuredmedia":[{"embeddable":true,"href":"https:\/\/mountlaser.com\/sq\/wp-json\/wp\/v2\/media\/2711"}],"wp:attachment":[{"href":"https:\/\/mountlaser.com\/sq\/wp-json\/wp\/v2\/media?parent=2706"}],"wp:term":[{"taxonomy":"product_brand","embeddable":true,"href":"https:\/\/mountlaser.com\/sq\/wp-json\/wp\/v2\/product_brand?post=2706"},{"taxonomy":"product_cat","embeddable":true,"href":"https:\/\/mountlaser.com\/sq\/wp-json\/wp\/v2\/product_cat?post=2706"},{"taxonomy":"product_tag","embeddable":true,"href":"https:\/\/mountlaser.com\/sq\/wp-json\/wp\/v2\/product_tag?post=2706"}],"curies":[{"name":"wp","href":"https:\/\/api.w.org\/{rel}","templated":true}]}}