{"id":2699,"date":"2025-10-17T07:21:28","date_gmt":"2025-10-17T07:21:28","guid":{"rendered":"https:\/\/mountlaser.com\/?post_type=product&#038;p=2699"},"modified":"2025-11-28T06:38:19","modified_gmt":"2025-11-28T06:38:19","slug":"c34b-triple-prism-assembly","status":"publish","type":"product","link":"https:\/\/mountlaser.com\/sq\/produkt\/c34b-triple-prism-assembly\/","title":{"rendered":"Montimi i Prizm\u00ebs s\u00eb Trefisht\u00eb C34B"},"content":{"rendered":"<p>Dy modele t\u00eb dallueshme me kode ngjyrash p\u00ebr identifikim dhe menaxhim t\u00eb leht\u00eb t\u00eb projektit:<a href=\"https:\/\/mountlaser.com\/sq\/\"><strong> Montim me Prizm\u00eb t\u00eb Trefisht\u00eb C34B-YY<\/strong><\/a> (E verdh\u00eb-E verdh\u00eb) dhe Montimi me Prizm\u00eb t\u00eb Trefisht\u00eb C34B-RR (E kuqe-E kuqe), duke siguruar q\u00eb t\u00eb keni mjetin e duhur p\u00ebr rrjedh\u00ebn tuaj specifike t\u00eb pun\u00ebs dhe k\u00ebrkesat e ekipit.<\/p>\n<p><a href=\"https:\/\/mountlaser.com\/sq\/products\/\"><strong>Montimi i Prizm\u00ebs s\u00eb Trefisht\u00eb C34B<\/strong><\/a> I pajisur me tre prizma 64 mm t\u00eb cil\u00ebsis\u00eb s\u00eb lart\u00eb, ky montim garanton kthim t\u00eb besuesh\u00ebm t\u00eb sinjalit dhe q\u00ebndrueshm\u00ebri t\u00eb jasht\u00ebzakonshme matjeje. Ofron nj\u00eb zgjedhje sakt\u00ebsie prej 2 ose 3-4 sekondash, duke u lejuar profesionist\u00ebve t\u00eb zgjedhin modelin ideal bazuar n\u00eb k\u00ebrkesat e sakt\u00ebsis\u00eb s\u00eb projektit t\u00eb tyre.<\/p>\n<p><img fetchpriority=\"high\" decoding=\"async\" class=\"wp-image-2704 aligncenter\" src=\"https:\/\/mountlaser.com\/wp-content\/uploads\/2025\/10\/C34B-RR-2.webp\" alt=\"C34B Triple Prism Assembly\" width=\"500\" height=\"500\" srcset=\"https:\/\/mountlaser.com\/wp-content\/uploads\/2025\/10\/C34B-RR-2.webp 1000w, https:\/\/mountlaser.com\/wp-content\/uploads\/2025\/10\/C34B-RR-2-300x300.webp 300w, https:\/\/mountlaser.com\/wp-content\/uploads\/2025\/10\/C34B-RR-2-400x400.webp 400w, https:\/\/mountlaser.com\/wp-content\/uploads\/2025\/10\/C34B-RR-2-800x800.webp 800w, https:\/\/mountlaser.com\/wp-content\/uploads\/2025\/10\/C34B-RR-2-600x600.webp 600w, https:\/\/mountlaser.com\/wp-content\/uploads\/2025\/10\/C34B-RR-2-150x150.webp 150w, https:\/\/mountlaser.com\/wp-content\/uploads\/2025\/10\/C34B-RR-2-768x768.webp 768w, https:\/\/mountlaser.com\/wp-content\/uploads\/2025\/10\/C34B-RR-2-12x12.webp 12w\" sizes=\"(max-width: 500px) 100vw, 500px\" \/><\/p>\n<p>Pajtueshm\u00ebri universale: P\u00ebrshtat\u00ebsi i integruar fem\u00ebror prej \u00e7eliku inox 5\/8\u2033-11 siguron nj\u00eb p\u00ebrshtatje t\u00eb sigurt dhe universale n\u00eb \u00e7do shtyll\u00eb ose p\u00ebrshtat\u00ebs standard t\u00eb prizmit 5\/8\u2033-11, duke siguruar integrim t\u00eb p\u00ebrsosur me pajisjet tuaja ekzistuese t\u00eb matjes.<\/p>\n<p>Konfigurim fleksib\u00ebl: Me nj\u00eb lart\u00ebsi boshti t\u00eb pjerr\u00ebt prej 100 mm dhe mund\u00ebsin\u00eb e nj\u00eb zhvendosjeje prej 0 mm ose -30 mm, Montimi i Prizm\u00ebs s\u00eb Trefisht\u00eb C34B ofron p\u00ebrshtatshm\u00ebrin\u00eb e nevojshme p\u00ebr t\u00eb p\u00ebrballuar detyra komplekse t\u00eb matjes, nga planimetrit\u00eb e nd\u00ebrlikuara t\u00eb nd\u00ebrtimit deri te shtrirjet sip\u00ebrfaq\u00ebsore.<\/p>","protected":false},"excerpt":{"rendered":"<ul>\n<li>I nd\u00ebrtuar p\u00ebr t&#039;i b\u00ebr\u00eb ball\u00eb v\u00ebshtir\u00ebsive t\u00eb p\u00ebrdorimit t\u00eb p\u00ebrditsh\u00ebm n\u00eb vendet e pun\u00ebs, montimi vjen i plot\u00eb me nj\u00eb \u00e7ant\u00eb mbrojt\u00ebse mbajt\u00ebse.<\/li>\n<li>duke siguruar transport dhe magazinim t\u00eb sigurt p\u00ebr investimin tuaj t\u00eb vlefsh\u00ebm.<\/li>\n<li>Pavar\u00ebsisht n\u00ebse zgjidhni Asamblen\u00eb me Prizm\u00eb t\u00eb Trefisht\u00eb C34B-YY shum\u00eb t\u00eb dukshme ose Asamblen\u00eb me Prizm\u00eb t\u00eb Trefisht\u00eb C34B-RR<\/li>\n<\/ul>","protected":false},"featured_media":2700,"comment_status":"open","ping_status":"closed","template":"","meta":[],"product_brand":[],"product_cat":[72,103],"product_tag":[],"class_list":{"0":"post-2699","1":"product","2":"type-product","3":"status-publish","4":"has-post-thumbnail","6":"product_cat-reflective-target-prism","7":"product_cat-prism-assembly","9":"first","10":"instock","11":"shipping-taxable","12":"product-type-simple"},"_links":{"self":[{"href":"https:\/\/mountlaser.com\/sq\/wp-json\/wp\/v2\/product\/2699","targetHints":{"allow":["GET"]}}],"collection":[{"href":"https:\/\/mountlaser.com\/sq\/wp-json\/wp\/v2\/product"}],"about":[{"href":"https:\/\/mountlaser.com\/sq\/wp-json\/wp\/v2\/types\/product"}],"replies":[{"embeddable":true,"href":"https:\/\/mountlaser.com\/sq\/wp-json\/wp\/v2\/comments?post=2699"}],"wp:featuredmedia":[{"embeddable":true,"href":"https:\/\/mountlaser.com\/sq\/wp-json\/wp\/v2\/media\/2700"}],"wp:attachment":[{"href":"https:\/\/mountlaser.com\/sq\/wp-json\/wp\/v2\/media?parent=2699"}],"wp:term":[{"taxonomy":"product_brand","embeddable":true,"href":"https:\/\/mountlaser.com\/sq\/wp-json\/wp\/v2\/product_brand?post=2699"},{"taxonomy":"product_cat","embeddable":true,"href":"https:\/\/mountlaser.com\/sq\/wp-json\/wp\/v2\/product_cat?post=2699"},{"taxonomy":"product_tag","embeddable":true,"href":"https:\/\/mountlaser.com\/sq\/wp-json\/wp\/v2\/product_tag?post=2699"}],"curies":[{"name":"wp","href":"https:\/\/api.w.org\/{rel}","templated":true}]}}